{"id":80748,"date":"2026-04-30T03:23:43","date_gmt":"2026-04-30T06:23:43","guid":{"rendered":"https:\/\/www.hediyepazar.com\/?product=nazar-boncuklu-cengelli-igne-25-adet"},"modified":"2026-04-30T03:23:43","modified_gmt":"2026-04-30T06:23:43","slug":"nazar-boncuklu-cengelli-igne-25-adet","status":"publish","type":"product","link":"https:\/\/www.hediyepazar.com\/?product=nazar-boncuklu-cengelli-igne-25-adet","title":{"rendered":"Nazar Boncuklu \u00c7engelli I\u011fne 25 adet"},"content":{"rendered":"<table style=\"border-collapse:collapse; width:89pt; border:none\" width=\"118\">\n<colgroup>\n<col style=\"width:89pt\" width=\"118\" \/>\n\t<\/colgroup>\n<tbody>\n<tr height=\"20\" style=\"height:15.0pt\">\n<td height=\"20\" style=\"border:none; height:15.0pt; width:89pt; padding-top:1px; padding-right:1px; padding-left:1px; vertical-align:bottom; white-space:nowrap\" width=\"118\"><span style=\"font-size:11pt\"><span style=\"color:black\"><span style=\"font-weight:400\"><span style=\"font-style:normal\"><span style=\"text-decoration:none\"><span style=\"font-family:Calibri,sans-serif\">\u0130\u011fneli Nazar Boncu\u011fu &#8211; 25 Adet<br \/>\n\t\t\tHer t&uuml;rl&uuml; s&uuml;slemelerinizde kullanabilece\u011finiz kendinden &Ccedil;engelli \u0130\u011fneli Nazar Boncu\u011fudur.<\/p>\n<p>\t\t\tKullan\u0131m Alanlar\u0131 :<br \/>\n\t\t\tBebek \u015eekeri&nbsp; Haz\u0131rlama,<br \/>\n\t\t\tNi\u015fan ve Nikah \u015eekeri Haz\u0131rlama,<br \/>\n\t\t\tS&uuml;nnet \u015eekeri Keseleri Haz\u0131rlama,<br \/>\n\t\t\tHobi ve El i\u015fi Haz\u0131rlama,<br \/>\n\t\t\tAmbalaj ve Paketleme,<br \/>\n\t\t\t&Ccedil;i&ccedil;ek S&uuml;sleme,<br \/>\n\t\t\tS&uuml;s ve S&uuml;slemenin her a\u015famas\u0131nda kullan\u0131ma m&uuml;saittir.<\/p>\n<p>\t\t\t&Uuml;R&Uuml;N DETAYI :<br \/>\n\t\t\t&Uuml;r&uuml;n : Nazar Boncu\u011fu Plastik, \u0130\u011fne k\u0131sm\u0131 ise Metal Malzemedir.<br \/>\n\t\t\t&nbsp;<br \/>\n\t\t\t&Uuml;R&Uuml;N &Ouml;L&Ccedil;&Uuml;LER\u0130 :<br \/>\n\t\t\t&Uuml;r&uuml;n : 1,50 cm x 1,10 cm ebad\u0131ndad\u0131r.<br \/>\n\t\t\t&nbsp;<br \/>\n\t\t\tPAKET \u0130&Ccedil;\u0130 ADET :<br \/>\n\t\t\t&Uuml;r&uuml;n : 25 Adet fiyat\u0131d\u0131r.<\/span><\/span><\/span><\/span><\/span><\/span><\/td>\n<\/tr>\n<\/tbody>\n<\/table>\n","protected":false},"excerpt":{"rendered":"<p>Nazar Boncuklu \u00c7engelli I\u011fne 25 adet<\/p>\n","protected":false},"featured_media":80747,"comment_status":"open","ping_status":"closed","template":"","meta":{"_kad_post_transparent":"","_kad_post_title":"","_kad_post_layout":"","_kad_post_sidebar_id":"","_kad_post_content_style":"","_kad_post_vertical_padding":"","_kad_post_feature":"","_kad_post_feature_position":"","_kad_post_header":false,"_kad_post_footer":false,"_kad_post_classname":""},"product_brand":[],"product_cat":[557,568,569],"product_tag":[],"class_list":{"0":"post-80748","1":"product","2":"type-product","3":"status-publish","4":"has-post-thumbnail","6":"product_cat-ev-yasam","7":"product_cat-hobi","8":"product_cat-hobi-malzemeleri","10":"first","11":"instock","12":"shipping-taxable","13":"purchasable","14":"product-type-simple","15":"entry","16":"content-bg","17":"loop-entry"},"_links":{"self":[{"href":"https:\/\/www.hediyepazar.com\/index.php?rest_route=\/wp\/v2\/product\/80748","targetHints":{"allow":["GET"]}}],"collection":[{"href":"https:\/\/www.hediyepazar.com\/index.php?rest_route=\/wp\/v2\/product"}],"about":[{"href":"https:\/\/www.hediyepazar.com\/index.php?rest_route=\/wp\/v2\/types\/product"}],"replies":[{"embeddable":true,"href":"https:\/\/www.hediyepazar.com\/index.php?rest_route=%2Fwp%2Fv2%2Fcomments&post=80748"}],"wp:featuredmedia":[{"embeddable":true,"href":"https:\/\/www.hediyepazar.com\/index.php?rest_route=\/wp\/v2\/media\/80747"}],"wp:attachment":[{"href":"https:\/\/www.hediyepazar.com\/index.php?rest_route=%2Fwp%2Fv2%2Fmedia&parent=80748"}],"wp:term":[{"taxonomy":"product_brand","embeddable":true,"href":"https:\/\/www.hediyepazar.com\/index.php?rest_route=%2Fwp%2Fv2%2Fproduct_brand&post=80748"},{"taxonomy":"product_cat","embeddable":true,"href":"https:\/\/www.hediyepazar.com\/index.php?rest_route=%2Fwp%2Fv2%2Fproduct_cat&post=80748"},{"taxonomy":"product_tag","embeddable":true,"href":"https:\/\/www.hediyepazar.com\/index.php?rest_route=%2Fwp%2Fv2%2Fproduct_tag&post=80748"}],"curies":[{"name":"wp","href":"https:\/\/api.w.org\/{rel}","templated":true}]}}