{"id":80752,"date":"2026-04-30T03:24:06","date_gmt":"2026-04-30T06:24:06","guid":{"rendered":"https:\/\/www.hediyepazar.com\/?product=ocak-ustu-dengeleyici-ocak-kucultucu-cezvelik"},"modified":"2026-04-30T03:24:06","modified_gmt":"2026-04-30T06:24:06","slug":"ocak-ustu-dengeleyici-ocak-kucultucu-cezvelik","status":"publish","type":"product","link":"https:\/\/www.hediyepazar.com\/?product=ocak-ustu-dengeleyici-ocak-kucultucu-cezvelik","title":{"rendered":"Ocak \u00dcst\u00fc Dengeleyici Ocak K\u00fc\u00e7\u00fclt\u00fcc\u00fc Cezvelik"},"content":{"rendered":"<table style=\"border-collapse:collapse; width:65pt; border:none\" width=\"86\">\n<colgroup>\n<col style=\"width:65pt\" width=\"86\" \/>\n\t<\/colgroup>\n<tbody>\n<tr height=\"25\" style=\"height:18.75pt\">\n<td height=\"25\" style=\"border:none; height:18.75pt; width:65pt; padding-top:1px; padding-right:1px; padding-left:1px; vertical-align:bottom; white-space:nowrap\" width=\"86\"><span style=\"font-size:11pt\"><span style=\"color:black\"><span style=\"font-weight:400\"><span style=\"font-style:normal\"><span style=\"text-decoration:none\"><span style=\"font-family:Calibri,sans-serif\">Ocak &Uuml;st&uuml; Dengeleyici Ocak K&uuml;&ccedil;&uuml;lt&uuml;c&uuml; Cezvelik<br \/>\n\t\t\t&Uuml;r&uuml;n Hakk\u0131nda<br \/>\n\t\t\tOca\u011f\u0131n\u0131zda geni\u015f \u0131zgara aralar\u0131nda baz\u0131 k&uuml;&ccedil;&uuml;k tavalar veya cezveler k&uuml;&ccedil;&uuml;k gelmektedir.<br \/>\n\t\t\tCezve ile kahve yaparken ve k&uuml;&ccedil;&uuml;k tava kullan\u0131rken kolayl\u0131k sa\u011flayacak olan ocak k&uuml;&ccedil;&uuml;lt&uuml;c&uuml;<br \/>\n\t\t\tk\u0131vr\u0131mlar\u0131 ile oca\u011fa tam uyum sa\u011flamaktad\u0131r.<br \/>\n\t\t\tB&ouml;ylelikle kaza riskini ortadan kald\u0131rarak daha g&uuml;venlikli pi\u015firme i\u015flemi ger&ccedil;ekle\u015ftirmi\u015f olursunuz.<br \/>\n\t\t\tAyr\u0131ca b&uuml;y&uuml;k pi\u015firme aletlerinde kullan\u0131mda \u0131s\u0131 da\u011f\u0131l\u0131m\u0131 ger&ccedil;ekle\u015ftirerek daha k\u0131sa ve etkili yemek pi\u015firmenize yard\u0131mc\u0131 olur.<\/p>\n<p>\t\t\t&Uuml;r&uuml;n &Ouml;zellikleri<br \/>\n\t\t\tMateryal: &Ccedil;elik<\/p>\n<p>\t\t\tGeni\u015flik: 13 Cm<\/span><\/span><\/span><\/span><\/span><\/span><\/td>\n<\/tr>\n<\/tbody>\n<\/table>\n","protected":false},"excerpt":{"rendered":"<p>Ocak \u00dcst\u00fc Dengeleyici Ocak K\u00fc\u00e7\u00fclt\u00fcc\u00fc Cezvelik<\/p>\n","protected":false},"featured_media":80751,"comment_status":"open","ping_status":"closed","template":"","meta":{"_kad_post_transparent":"","_kad_post_title":"","_kad_post_layout":"","_kad_post_sidebar_id":"","_kad_post_content_style":"","_kad_post_vertical_padding":"","_kad_post_feature":"","_kad_post_feature_position":"","_kad_post_header":false,"_kad_post_footer":false,"_kad_post_classname":""},"product_brand":[],"product_cat":[656,557,657],"product_tag":[],"class_list":{"0":"post-80752","1":"product","2":"type-product","3":"status-publish","4":"has-post-thumbnail","6":"product_cat-bahce-yapi-market","7":"product_cat-ev-yasam","8":"product_cat-yapi-market","10":"first","11":"instock","12":"shipping-taxable","13":"purchasable","14":"product-type-simple","15":"entry","16":"content-bg","17":"loop-entry"},"_links":{"self":[{"href":"https:\/\/www.hediyepazar.com\/index.php?rest_route=\/wp\/v2\/product\/80752","targetHints":{"allow":["GET"]}}],"collection":[{"href":"https:\/\/www.hediyepazar.com\/index.php?rest_route=\/wp\/v2\/product"}],"about":[{"href":"https:\/\/www.hediyepazar.com\/index.php?rest_route=\/wp\/v2\/types\/product"}],"replies":[{"embeddable":true,"href":"https:\/\/www.hediyepazar.com\/index.php?rest_route=%2Fwp%2Fv2%2Fcomments&post=80752"}],"wp:featuredmedia":[{"embeddable":true,"href":"https:\/\/www.hediyepazar.com\/index.php?rest_route=\/wp\/v2\/media\/80751"}],"wp:attachment":[{"href":"https:\/\/www.hediyepazar.com\/index.php?rest_route=%2Fwp%2Fv2%2Fmedia&parent=80752"}],"wp:term":[{"taxonomy":"product_brand","embeddable":true,"href":"https:\/\/www.hediyepazar.com\/index.php?rest_route=%2Fwp%2Fv2%2Fproduct_brand&post=80752"},{"taxonomy":"product_cat","embeddable":true,"href":"https:\/\/www.hediyepazar.com\/index.php?rest_route=%2Fwp%2Fv2%2Fproduct_cat&post=80752"},{"taxonomy":"product_tag","embeddable":true,"href":"https:\/\/www.hediyepazar.com\/index.php?rest_route=%2Fwp%2Fv2%2Fproduct_tag&post=80752"}],"curies":[{"name":"wp","href":"https:\/\/api.w.org\/{rel}","templated":true}]}}