{"id":80764,"date":"2026-04-30T03:25:24","date_gmt":"2026-04-30T06:25:24","guid":{"rendered":"https:\/\/www.hediyepazar.com\/?product=4-adet-sunger-kapi-durdurucu-bebek-guvenligi-koruyucu"},"modified":"2026-04-30T03:25:24","modified_gmt":"2026-04-30T06:25:24","slug":"4-adet-sunger-kapi-durdurucu-bebek-guvenligi-koruyucu","status":"publish","type":"product","link":"https:\/\/www.hediyepazar.com\/?product=4-adet-sunger-kapi-durdurucu-bebek-guvenligi-koruyucu","title":{"rendered":"4 Adet S\u00fcnger Kap\u0131 Durdurucu Bebek G\u00fcvenli\u011fi koruyucu"},"content":{"rendered":"<table style=\"border-collapse:collapse; width:65pt; border:none\" width=\"86\">\n<colgroup>\n<col style=\"width:65pt\" width=\"86\" \/>\n\t<\/colgroup>\n<tbody>\n<tr height=\"25\" style=\"height:18.75pt\">\n<td height=\"25\" style=\"border:none; height:18.75pt; width:65pt; padding-top:1px; padding-right:1px; padding-left:1px; vertical-align:bottom; white-space:nowrap\" width=\"86\"><span style=\"font-size:11pt\"><span style=\"color:black\"><span style=\"font-weight:400\"><span style=\"font-style:normal\"><span style=\"text-decoration:none\"><span style=\"font-family:Calibri,sans-serif\">&nbsp;4 Adet S&uuml;nger Kap\u0131 Durdurucu 4x S&uuml;nger Kap\u0131 Stoperi &#8211; Kap\u0131 durdurucu<br \/>\n\t\t\t(4 Adet) &Ccedil;ocuklar\u0131n el ve parmaklar\u0131n\u0131n kap\u0131lar\u0131n aras\u0131na s\u0131k\u0131\u015fmas\u0131n\u0131 engeller.<br \/>\n\t\t\tKap\u0131lar\u0131n, dolaplar\u0131n veya &ccedil;ekmecelerin &ccedil;arpmas\u0131n\u0131, kapanmas\u0131n\u0131 engeller.<br \/>\n\t\t\tYumu\u015fak ve esnek yap\u0131ya sahiptir.<br \/>\n\t\t\tHer kap\u0131ya uygundur.<br \/>\n\t\t\t&Ccedil;ocuklar\u0131n odada kilitli kalmalar\u0131n\u0131 engeller.<br \/>\n\t\t\tEvde ve seyahatte gitti\u011finiz otellerde kullanabilirsiniz.<br \/>\n\t\t\tPAKET \u0130&Ccedil;ER\u0130\u011e\u0130: 4x S&uuml;nger Kap\u0131 Stoperi &#8211; Kap\u0131 durdurucu (4 Adet)<\/span><\/span><\/span><\/span><\/span><\/span><\/td>\n<\/tr>\n<\/tbody>\n<\/table>\n","protected":false},"excerpt":{"rendered":"<p>4 Adet S\u00fcnger Kap\u0131 Durdurucu Bebek G\u00fcvenli\u011fi koruyucu<\/p>\n","protected":false},"featured_media":80763,"comment_status":"open","ping_status":"closed","template":"","meta":{"_kad_post_transparent":"","_kad_post_title":"","_kad_post_layout":"","_kad_post_sidebar_id":"","_kad_post_content_style":"","_kad_post_vertical_padding":"","_kad_post_feature":"","_kad_post_feature_position":"","_kad_post_header":false,"_kad_post_footer":false,"_kad_post_classname":""},"product_brand":[],"product_cat":[656,557,657],"product_tag":[],"class_list":{"0":"post-80764","1":"product","2":"type-product","3":"status-publish","4":"has-post-thumbnail","6":"product_cat-bahce-yapi-market","7":"product_cat-ev-yasam","8":"product_cat-yapi-market","10":"first","11":"instock","12":"shipping-taxable","13":"purchasable","14":"product-type-simple","15":"entry","16":"content-bg","17":"loop-entry"},"_links":{"self":[{"href":"https:\/\/www.hediyepazar.com\/index.php?rest_route=\/wp\/v2\/product\/80764","targetHints":{"allow":["GET"]}}],"collection":[{"href":"https:\/\/www.hediyepazar.com\/index.php?rest_route=\/wp\/v2\/product"}],"about":[{"href":"https:\/\/www.hediyepazar.com\/index.php?rest_route=\/wp\/v2\/types\/product"}],"replies":[{"embeddable":true,"href":"https:\/\/www.hediyepazar.com\/index.php?rest_route=%2Fwp%2Fv2%2Fcomments&post=80764"}],"wp:featuredmedia":[{"embeddable":true,"href":"https:\/\/www.hediyepazar.com\/index.php?rest_route=\/wp\/v2\/media\/80763"}],"wp:attachment":[{"href":"https:\/\/www.hediyepazar.com\/index.php?rest_route=%2Fwp%2Fv2%2Fmedia&parent=80764"}],"wp:term":[{"taxonomy":"product_brand","embeddable":true,"href":"https:\/\/www.hediyepazar.com\/index.php?rest_route=%2Fwp%2Fv2%2Fproduct_brand&post=80764"},{"taxonomy":"product_cat","embeddable":true,"href":"https:\/\/www.hediyepazar.com\/index.php?rest_route=%2Fwp%2Fv2%2Fproduct_cat&post=80764"},{"taxonomy":"product_tag","embeddable":true,"href":"https:\/\/www.hediyepazar.com\/index.php?rest_route=%2Fwp%2Fv2%2Fproduct_tag&post=80764"}],"curies":[{"name":"wp","href":"https:\/\/api.w.org\/{rel}","templated":true}]}}