{"id":80862,"date":"2026-04-30T03:31:15","date_gmt":"2026-04-30T06:31:15","guid":{"rendered":"https:\/\/www.hediyepazar.com\/?product=zirkon-tas-sirali-tasarim-kolye-40-cm"},"modified":"2026-04-30T03:31:15","modified_gmt":"2026-04-30T06:31:15","slug":"zirkon-tas-sirali-tasarim-kolye-40-cm","status":"publish","type":"product","link":"https:\/\/www.hediyepazar.com\/?product=zirkon-tas-sirali-tasarim-kolye-40-cm","title":{"rendered":"Zirkon Ta\u015f S\u0131ral\u0131 Tasar\u0131m Kolye 40 cm"},"content":{"rendered":"<table style=\"border-collapse:collapse; width:46pt; border:none\" width=\"61\">\n<colgroup>\n<col style=\"width:46pt\" width=\"61\" \/>\n\t<\/colgroup>\n<tbody>\n<tr height=\"19\" style=\"height:14.25pt\">\n<td class=\"xl66\" height=\"19\" style=\"border:none; height:14.25pt; width:46pt; text-align:left; vertical-align:middle; padding-top:1px; padding-right:1px; padding-left:1px; white-space:nowrap\" width=\"61\"><span style=\"font-size:11pt\"><span style=\"color:black\"><span style=\"font-weight:400\"><span style=\"font-style:normal\"><span style=\"text-decoration:none\"><span style=\"font-family:Calibri,sans-serif\">Zirkon Ta\u015f S\u0131ral\u0131 Tasar\u0131m Kolye<br \/>\n\t\t\tDo\u011fal ta\u015f inci g&ouml;r&uuml;n&uuml;ml&uuml; kad\u0131n kolye aksesuar g&ouml;r&uuml;nt&uuml;s&uuml; ile<br \/>\n\t\t\tnostalji ve modern &ccedil;izgiyi ayn\u0131 anda hissettirmektedir.<br \/>\n\t\t\tAnneye hediye veya sevgiliye hediye se&ccedil;enekleri aras\u0131nda en &ccedil;ok tercih edilen modeldir.&nbsp;<br \/>\n\t\t\tKararma yapmaz.<br \/>\n\t\t\tRoyaleks ailesi olarak mutlu g&uuml;nlerde kullanman\u0131z\u0131 temenni ederiz.<br \/>\n\t\t\tZincir Uzunlu\u011fu: 40 cm&nbsp;<\/span><\/span><\/span><\/span><\/span><\/span><\/td>\n<\/tr>\n<\/tbody>\n<\/table>\n","protected":false},"excerpt":{"rendered":"<p>Zirkon Ta\u015f S\u0131ral\u0131 Tasar\u0131m Kolye<\/p>\n","protected":false},"featured_media":80861,"comment_status":"open","ping_status":"closed","template":"","meta":{"_kad_post_transparent":"","_kad_post_title":"","_kad_post_layout":"","_kad_post_sidebar_id":"","_kad_post_content_style":"","_kad_post_vertical_padding":"","_kad_post_feature":"","_kad_post_feature_position":"","_kad_post_header":false,"_kad_post_footer":false,"_kad_post_classname":""},"product_brand":[],"product_cat":[545,537,674],"product_tag":[],"class_list":{"0":"post-80862","1":"product","2":"type-product","3":"status-publish","4":"has-post-thumbnail","6":"product_cat-aksesuar","7":"product_cat-kadin","8":"product_cat-taki","10":"first","11":"instock","12":"shipping-taxable","13":"purchasable","14":"product-type-simple","15":"entry","16":"content-bg","17":"loop-entry"},"_links":{"self":[{"href":"https:\/\/www.hediyepazar.com\/index.php?rest_route=\/wp\/v2\/product\/80862","targetHints":{"allow":["GET"]}}],"collection":[{"href":"https:\/\/www.hediyepazar.com\/index.php?rest_route=\/wp\/v2\/product"}],"about":[{"href":"https:\/\/www.hediyepazar.com\/index.php?rest_route=\/wp\/v2\/types\/product"}],"replies":[{"embeddable":true,"href":"https:\/\/www.hediyepazar.com\/index.php?rest_route=%2Fwp%2Fv2%2Fcomments&post=80862"}],"wp:featuredmedia":[{"embeddable":true,"href":"https:\/\/www.hediyepazar.com\/index.php?rest_route=\/wp\/v2\/media\/80861"}],"wp:attachment":[{"href":"https:\/\/www.hediyepazar.com\/index.php?rest_route=%2Fwp%2Fv2%2Fmedia&parent=80862"}],"wp:term":[{"taxonomy":"product_brand","embeddable":true,"href":"https:\/\/www.hediyepazar.com\/index.php?rest_route=%2Fwp%2Fv2%2Fproduct_brand&post=80862"},{"taxonomy":"product_cat","embeddable":true,"href":"https:\/\/www.hediyepazar.com\/index.php?rest_route=%2Fwp%2Fv2%2Fproduct_cat&post=80862"},{"taxonomy":"product_tag","embeddable":true,"href":"https:\/\/www.hediyepazar.com\/index.php?rest_route=%2Fwp%2Fv2%2Fproduct_tag&post=80862"}],"curies":[{"name":"wp","href":"https:\/\/api.w.org\/{rel}","templated":true}]}}