{"id":80918,"date":"2026-04-30T03:33:49","date_gmt":"2026-04-30T06:33:49","guid":{"rendered":"https:\/\/www.hediyepazar.com\/?product=inci-tas-detayli-sarkik-kelebek-celik-kolye-40-cm"},"modified":"2026-04-30T03:33:49","modified_gmt":"2026-04-30T06:33:49","slug":"inci-tas-detayli-sarkik-kelebek-celik-kolye-40-cm","status":"publish","type":"product","link":"https:\/\/www.hediyepazar.com\/?product=inci-tas-detayli-sarkik-kelebek-celik-kolye-40-cm","title":{"rendered":"\u0130nci Ta\u015f Detayl\u0131 Sark\u0131k Kelebek \u00c7elik Kolye 40 cm"},"content":{"rendered":"<table style=\"border-collapse:collapse; width:46pt; border:none\" width=\"61\">\n<colgroup>\n<col style=\"width:46pt\" width=\"61\" \/>\n\t<\/colgroup>\n<tbody>\n<tr height=\"19\" style=\"height:14.25pt\">\n<td class=\"xl66\" height=\"19\" style=\"border:none; height:14.25pt; width:46pt; text-align:left; vertical-align:middle; padding-top:1px; padding-right:1px; padding-left:1px; white-space:nowrap\" width=\"61\"><span style=\"font-size:11pt\"><span style=\"color:black\"><span style=\"font-weight:400\"><span style=\"font-style:normal\"><span style=\"text-decoration:none\"><span style=\"font-family:Calibri,sans-serif\">\u0130nci Ta\u015f Detayl\u0131 Sark\u0131k Kelebek &Ccedil;elik Kolye<br \/>\n\t\t\tKelebek tasar\u0131m sark\u0131k inci kolye &ouml;zel tasar\u0131m\u0131 ve detaylar\u0131 ile \u015f\u0131k ve zarif bir<br \/>\n\t\t\tkombin tamamlay\u0131c\u0131 kad\u0131n kolye aksesuard\u0131r.<br \/>\n\t\t\t&Ouml;zel g&uuml;nlerde evlilik y\u0131ld&ouml;n&uuml;m&uuml; hediyesi, sevgililer g&uuml;n&uuml; hediyesi, anneler g&uuml;n&uuml; hediyesi olarak tercih edilebilir.<br \/>\n\t\t\t&Ccedil;eliktir ve kararma yapmaz.<br \/>\n\t\t\tRoyaleks ailesi olarak mutlu g&uuml;nlerde kullanman\u0131z\u0131 temenni ederiz.<br \/>\n\t\t\tZincir Uzunlu\u011fu: 40+5 cm Kolye Ucu: 1X1 cm<\/span><\/span><\/span><\/span><\/span><\/span><\/td>\n<\/tr>\n<\/tbody>\n<\/table>\n","protected":false},"excerpt":{"rendered":"<p>\u0130nci Ta\u015f Detayl\u0131 Sark\u0131k Kelebek \u00c7elik Kolye 40 cm<\/p>\n","protected":false},"featured_media":80917,"comment_status":"open","ping_status":"closed","template":"","meta":{"_kad_post_transparent":"","_kad_post_title":"","_kad_post_layout":"","_kad_post_sidebar_id":"","_kad_post_content_style":"","_kad_post_vertical_padding":"","_kad_post_feature":"","_kad_post_feature_position":"","_kad_post_header":false,"_kad_post_footer":false,"_kad_post_classname":""},"product_brand":[],"product_cat":[545,537,674],"product_tag":[],"class_list":{"0":"post-80918","1":"product","2":"type-product","3":"status-publish","4":"has-post-thumbnail","6":"product_cat-aksesuar","7":"product_cat-kadin","8":"product_cat-taki","10":"first","11":"instock","12":"shipping-taxable","13":"purchasable","14":"product-type-simple","15":"entry","16":"content-bg","17":"loop-entry"},"_links":{"self":[{"href":"https:\/\/www.hediyepazar.com\/index.php?rest_route=\/wp\/v2\/product\/80918","targetHints":{"allow":["GET"]}}],"collection":[{"href":"https:\/\/www.hediyepazar.com\/index.php?rest_route=\/wp\/v2\/product"}],"about":[{"href":"https:\/\/www.hediyepazar.com\/index.php?rest_route=\/wp\/v2\/types\/product"}],"replies":[{"embeddable":true,"href":"https:\/\/www.hediyepazar.com\/index.php?rest_route=%2Fwp%2Fv2%2Fcomments&post=80918"}],"wp:featuredmedia":[{"embeddable":true,"href":"https:\/\/www.hediyepazar.com\/index.php?rest_route=\/wp\/v2\/media\/80917"}],"wp:attachment":[{"href":"https:\/\/www.hediyepazar.com\/index.php?rest_route=%2Fwp%2Fv2%2Fmedia&parent=80918"}],"wp:term":[{"taxonomy":"product_brand","embeddable":true,"href":"https:\/\/www.hediyepazar.com\/index.php?rest_route=%2Fwp%2Fv2%2Fproduct_brand&post=80918"},{"taxonomy":"product_cat","embeddable":true,"href":"https:\/\/www.hediyepazar.com\/index.php?rest_route=%2Fwp%2Fv2%2Fproduct_cat&post=80918"},{"taxonomy":"product_tag","embeddable":true,"href":"https:\/\/www.hediyepazar.com\/index.php?rest_route=%2Fwp%2Fv2%2Fproduct_tag&post=80918"}],"curies":[{"name":"wp","href":"https:\/\/api.w.org\/{rel}","templated":true}]}}