{"id":80932,"date":"2026-04-30T03:34:36","date_gmt":"2026-04-30T06:34:36","guid":{"rendered":"https:\/\/www.hediyepazar.com\/?product=bambu-yuvarlak-6-li-luks-cerezlik-95-x-3-cm"},"modified":"2026-04-30T03:34:36","modified_gmt":"2026-04-30T06:34:36","slug":"bambu-yuvarlak-6-li-luks-cerezlik-95-x-3-cm","status":"publish","type":"product","link":"https:\/\/www.hediyepazar.com\/?product=bambu-yuvarlak-6-li-luks-cerezlik-95-x-3-cm","title":{"rendered":"Bambu Yuvarlak 6 l\u0131 L\u00fcks \u00c7erezlik 9,5 x 3 cm"},"content":{"rendered":"<table style=\"border-collapse:collapse; width:193pt; border:none\" width=\"257\">\n<colgroup>\n<col style=\"width:193pt\" width=\"257\" \/>\n\t<\/colgroup>\n<tbody>\n<tr height=\"25\" style=\"height:18.75pt\">\n<td height=\"25\" style=\"border:none; height:18.75pt; width:193pt; padding-top:1px; padding-right:1px; padding-left:1px; vertical-align:bottom; white-space:nowrap\" width=\"257\"><span style=\"font-size:11pt\"><span style=\"color:black\"><span style=\"font-weight:400\"><span style=\"font-style:normal\"><span style=\"text-decoration:none\"><span style=\"font-family:Calibri,sans-serif\">Bambu Yuvarlak 6 l\u0131 L&uuml;ks &Ccedil;erezlik<br \/>\n\t\t\tYuvarlak 6 adet bambu &ccedil;erezlik &ouml;zellikleri ister kahve yan\u0131 sunumlar\u0131n\u0131zda isterseniz<br \/>\n\t\t\t&ccedil;erezlik olarak kullanabilece\u011finiz bambunun \u015f\u0131kl\u0131\u011f\u0131n\u0131 yans\u0131tan &ccedil;erezlik setidir.<br \/>\n\t\t\tadet yuvarlak \u015fekilde bambudan &uuml;retilmi\u015f &ccedil;erezlik tak\u0131m\u0131d\u0131r.<br \/>\n\t\t\t&Uuml;r&uuml;n boyutu: 9,5 x 3 cm<\/span><\/span><\/span><\/span><\/span><\/span><\/td>\n<\/tr>\n<\/tbody>\n<\/table>\n","protected":false},"excerpt":{"rendered":"<p>Bambu Yuvarlak 6 l\u0131 L\u00fcks \u00c7erezlik 9,5 x 3 cm<\/p>\n","protected":false},"featured_media":80931,"comment_status":"open","ping_status":"closed","template":"","meta":{"_kad_post_transparent":"","_kad_post_title":"","_kad_post_layout":"","_kad_post_sidebar_id":"","_kad_post_content_style":"","_kad_post_vertical_padding":"","_kad_post_feature":"","_kad_post_feature_position":"","_kad_post_header":false,"_kad_post_footer":false,"_kad_post_classname":""},"product_brand":[],"product_cat":[557,559,558],"product_tag":[],"class_list":{"0":"post-80932","1":"product","2":"type-product","3":"status-publish","4":"has-post-thumbnail","6":"product_cat-ev-yasam","7":"product_cat-sofra","8":"product_cat-sofra-mutfak-2","10":"first","11":"instock","12":"shipping-taxable","13":"purchasable","14":"product-type-simple","15":"entry","16":"content-bg","17":"loop-entry"},"_links":{"self":[{"href":"https:\/\/www.hediyepazar.com\/index.php?rest_route=\/wp\/v2\/product\/80932","targetHints":{"allow":["GET"]}}],"collection":[{"href":"https:\/\/www.hediyepazar.com\/index.php?rest_route=\/wp\/v2\/product"}],"about":[{"href":"https:\/\/www.hediyepazar.com\/index.php?rest_route=\/wp\/v2\/types\/product"}],"replies":[{"embeddable":true,"href":"https:\/\/www.hediyepazar.com\/index.php?rest_route=%2Fwp%2Fv2%2Fcomments&post=80932"}],"wp:featuredmedia":[{"embeddable":true,"href":"https:\/\/www.hediyepazar.com\/index.php?rest_route=\/wp\/v2\/media\/80931"}],"wp:attachment":[{"href":"https:\/\/www.hediyepazar.com\/index.php?rest_route=%2Fwp%2Fv2%2Fmedia&parent=80932"}],"wp:term":[{"taxonomy":"product_brand","embeddable":true,"href":"https:\/\/www.hediyepazar.com\/index.php?rest_route=%2Fwp%2Fv2%2Fproduct_brand&post=80932"},{"taxonomy":"product_cat","embeddable":true,"href":"https:\/\/www.hediyepazar.com\/index.php?rest_route=%2Fwp%2Fv2%2Fproduct_cat&post=80932"},{"taxonomy":"product_tag","embeddable":true,"href":"https:\/\/www.hediyepazar.com\/index.php?rest_route=%2Fwp%2Fv2%2Fproduct_tag&post=80932"}],"curies":[{"name":"wp","href":"https:\/\/api.w.org\/{rel}","templated":true}]}}