{"id":81008,"date":"2026-04-30T03:38:43","date_gmt":"2026-04-30T06:38:43","guid":{"rendered":"https:\/\/www.hediyepazar.com\/?product=naturals-sac-boyasi-kizil-viyole-4-6-2x-paket"},"modified":"2026-04-30T03:38:43","modified_gmt":"2026-04-30T06:38:43","slug":"naturals-sac-boyasi-kizil-viyole-4-6-2x-paket","status":"publish","type":"product","link":"https:\/\/www.hediyepazar.com\/?product=naturals-sac-boyasi-kizil-viyole-4-6-2x-paket","title":{"rendered":"Naturals Sa\u00e7 Boyas\u0131 K\u0131z\u0131l Viyole 4\/6 2x Paket"},"content":{"rendered":"<table style=\"border-collapse:collapse; width:65pt; border:none\" width=\"86\">\n<colgroup>\n<col style=\"width:65pt\" width=\"86\" \/>\n\t<\/colgroup>\n<tbody>\n<tr height=\"20\" style=\"height:15.0pt\">\n<td height=\"20\" style=\"border:none; height:15.0pt; width:65pt; padding-top:1px; padding-right:1px; padding-left:1px; vertical-align:bottom; white-space:nowrap\" width=\"86\"><span style=\"font-size:11pt\"><span style=\"color:black\"><span style=\"font-weight:400\"><span style=\"font-style:normal\"><span style=\"text-decoration:none\"><span style=\"font-family:Calibri,sans-serif\">wella koleston Naturals Sa&ccedil; Boyas\u0131 K\u0131z\u0131l Viyole 4\/6 2x Paket<br \/>\n\t\t\t6 haftaya kadar kal\u0131c\u0131 yo\u011fun renk ve sa\u011fl\u0131kl\u0131 g&ouml;r&uuml;n&uuml;m<br \/>\n\t\t\tEn diren&ccedil;li\u0307 beyazlarda bile m&uuml;kemmel beyaz kapama<br \/>\n\t\t\tYo\u011fun renk pigmentleri\u0307<br \/>\n\t\t\tKahverengi\u0307 tonlar \u0130&ccedil;in papatya &ouml;zl&uuml; besleyici\u0307 serum, tar&ccedil;\u0131ndaki\u0307 kahverengi\u0307 ve nardaki\u0307 k\u0131rm\u0131z\u0131<br \/>\n\t\t\tWella Koleston Naturals Semi-Kit&#39;i ke\u015ffedin ve 6 haftaya kadar harika yo\u011fun rengin ve sa\u011fl\u0131kl\u0131 g&ouml;r&uuml;n&uuml;m&uuml;n keyfini &ccedil;\u0131kar\u0131n.<br \/>\n\t\t\tDirenci en y&uuml;ksek beyaz sa&ccedil;larda bile k&ouml;kten uca m&uuml;kemmel beyaz kaplama sa\u011flar.<br \/>\n\t\t\tWella Koleston Naturals Semi-Kit, yo\u011fun renk pigmentleri ve besleyici serumu sar\u0131 tonlar\u0131nda papatya,<br \/>\n\t\t\tkahverengi tar&ccedil;\u0131n kabu\u011fu ve k\u0131rm\u0131z\u0131 nar ile birle\u015ftiren &ouml;zel bir Wella Laboratories sistemine sahiptir.<br \/>\n\t\t\tBu paketin i&ccedil;indekiler:<br \/>\n\t\t\tRenkli Krem T&uuml;p&uuml; 2&#215;50 ml<br \/>\n\t\t\tGeli\u015ftirici s\u0131v\u0131 \u015fi\u015fesi 2&#215;50 ml<br \/>\n\t\t\tRenk ayarlayan sa&ccedil; kremi po\u015feti 2&#215;10 ml<br \/>\n\t\t\tTalimat bro\u015f&uuml;r&uuml; x2<br \/>\n\t\t\tBir &ccedil;ift eldiven x2<\/span><\/span><\/span><\/span><\/span><\/span><\/td>\n<\/tr>\n<\/tbody>\n<\/table>\n","protected":false},"excerpt":{"rendered":"<p>Naturals Sa\u00e7 Boyas\u0131 K\u0131z\u0131l Viyole 4\/6 2x Paket<\/p>\n","protected":false},"featured_media":81007,"comment_status":"open","ping_status":"closed","template":"","meta":{"_kad_post_transparent":"","_kad_post_title":"","_kad_post_layout":"","_kad_post_sidebar_id":"","_kad_post_content_style":"","_kad_post_vertical_padding":"","_kad_post_feature":"","_kad_post_feature_position":"","_kad_post_header":false,"_kad_post_footer":false,"_kad_post_classname":""},"product_brand":[],"product_cat":[452,586,593],"product_tag":[],"class_list":{"0":"post-81008","1":"product","2":"type-product","3":"status-publish","4":"has-post-thumbnail","6":"product_cat-kozmetik","7":"product_cat-sac-bakimi","8":"product_cat-sac-boyasi","10":"first","11":"instock","12":"shipping-taxable","13":"purchasable","14":"product-type-simple","15":"entry","16":"content-bg","17":"loop-entry"},"_links":{"self":[{"href":"https:\/\/www.hediyepazar.com\/index.php?rest_route=\/wp\/v2\/product\/81008","targetHints":{"allow":["GET"]}}],"collection":[{"href":"https:\/\/www.hediyepazar.com\/index.php?rest_route=\/wp\/v2\/product"}],"about":[{"href":"https:\/\/www.hediyepazar.com\/index.php?rest_route=\/wp\/v2\/types\/product"}],"replies":[{"embeddable":true,"href":"https:\/\/www.hediyepazar.com\/index.php?rest_route=%2Fwp%2Fv2%2Fcomments&post=81008"}],"wp:featuredmedia":[{"embeddable":true,"href":"https:\/\/www.hediyepazar.com\/index.php?rest_route=\/wp\/v2\/media\/81007"}],"wp:attachment":[{"href":"https:\/\/www.hediyepazar.com\/index.php?rest_route=%2Fwp%2Fv2%2Fmedia&parent=81008"}],"wp:term":[{"taxonomy":"product_brand","embeddable":true,"href":"https:\/\/www.hediyepazar.com\/index.php?rest_route=%2Fwp%2Fv2%2Fproduct_brand&post=81008"},{"taxonomy":"product_cat","embeddable":true,"href":"https:\/\/www.hediyepazar.com\/index.php?rest_route=%2Fwp%2Fv2%2Fproduct_cat&post=81008"},{"taxonomy":"product_tag","embeddable":true,"href":"https:\/\/www.hediyepazar.com\/index.php?rest_route=%2Fwp%2Fv2%2Fproduct_tag&post=81008"}],"curies":[{"name":"wp","href":"https:\/\/api.w.org\/{rel}","templated":true}]}}