{"id":81028,"date":"2026-04-30T03:39:30","date_gmt":"2026-04-30T06:39:30","guid":{"rendered":"https:\/\/www.hediyepazar.com\/?product=single-tup-boya-sac-boyasi-sarap-kizili-5-66"},"modified":"2026-04-30T03:39:30","modified_gmt":"2026-04-30T06:39:30","slug":"single-tup-boya-sac-boyasi-sarap-kizili-5-66","status":"publish","type":"product","link":"https:\/\/www.hediyepazar.com\/?product=single-tup-boya-sac-boyasi-sarap-kizili-5-66","title":{"rendered":"Single T\u00fcp Boya Sa\u00e7 Boyas\u0131 \u015earap K\u0131z\u0131l\u0131 5\/66"},"content":{"rendered":"<table style=\"border-collapse:collapse; width:65pt; border:none\" width=\"86\">\n<colgroup>\n<col style=\"width:65pt\" width=\"86\" \/>\n\t<\/colgroup>\n<tbody>\n<tr height=\"20\" style=\"height:15.0pt\">\n<td height=\"20\" style=\"border:none; height:15.0pt; width:65pt; padding-top:1px; padding-right:1px; padding-left:1px; vertical-align:bottom; white-space:nowrap\" width=\"86\"><span style=\"font-size:11pt\"><span style=\"color:black\"><span style=\"font-weight:400\"><span style=\"font-style:normal\"><span style=\"text-decoration:none\"><span style=\"font-family:Calibri,sans-serif\">wella koleston Single T&uuml;p Boya Sa&ccedil; Boyas\u0131 \u015earap K\u0131z\u0131l\u0131 5\/66<br \/>\n\t\t\tUygulamas\u0131 kolayd\u0131r ve damlamaz<br \/>\n\t\t\tDiren&ccedil; seviyesi en y&uuml;ksek beyazlar\u0131 bile m&uuml;kemmel ve dayan\u0131kl\u0131 bir \u015fekilde kapat\u0131r<br \/>\n\t\t\tKar\u015f\u0131 konulamaz parlakl\u0131k dolu tatl\u0131 renkler verir!<br \/>\n\t\t\tKoleston&rsquo;un 100% Yo\u011fun renkleri ile 8 haftaya kadar kal\u0131c\u0131 ve<br \/>\n\t\t\tG&ouml;z al\u0131c\u0131 parlak renkler elde edebilirsiniz.<br \/>\n\t\t\t100% beyaz kapama &ouml;zelli\u011fiyle kolayca s&uuml;r&uuml;l&uuml;r ve<br \/>\n\t\t\tt&uuml;m beyazlar\u0131n\u0131z\u0131 m&uuml;kemmel \u015fekilde kapat\u0131r.<br \/>\n\t\t\t8\/0 alt\u0131ndaki t&uuml;m renkler i&ccedil;in (55\/46,66\/46 ve 77\/44 d\u0131\u015f\u0131nda),<br \/>\n\t\t\t50 ml %6 peroksit kullanman\u0131z\u0131 &ouml;neririz.<br \/>\n\t\t\t55\/46,66\/46,77\/44 ve 8\/0 ve &uuml;zeri t&uuml;m renkler i&ccedil;in %9&#39;luk peroksit kullanman\u0131z\u0131 &ouml;neririz.<br \/>\n\t\t\tPaket i&ccedil;eri\u011fi:<br \/>\n\t\t\t1 Adet 60ml T&uuml;p Sa&ccedil; Boyas\u0131<\/span><\/span><\/span><\/span><\/span><\/span><\/td>\n<\/tr>\n<\/tbody>\n<\/table>\n","protected":false},"excerpt":{"rendered":"<p>Single T\u00fcp Boya Sa\u00e7 Boyas\u0131 \u015earap K\u0131z\u0131l\u0131 5\/66<\/p>\n","protected":false},"featured_media":81027,"comment_status":"open","ping_status":"closed","template":"","meta":{"_kad_post_transparent":"","_kad_post_title":"","_kad_post_layout":"","_kad_post_sidebar_id":"","_kad_post_content_style":"","_kad_post_vertical_padding":"","_kad_post_feature":"","_kad_post_feature_position":"","_kad_post_header":false,"_kad_post_footer":false,"_kad_post_classname":""},"product_brand":[],"product_cat":[452,586,593],"product_tag":[],"class_list":{"0":"post-81028","1":"product","2":"type-product","3":"status-publish","4":"has-post-thumbnail","6":"product_cat-kozmetik","7":"product_cat-sac-bakimi","8":"product_cat-sac-boyasi","10":"first","11":"instock","12":"shipping-taxable","13":"purchasable","14":"product-type-simple","15":"entry","16":"content-bg","17":"loop-entry"},"_links":{"self":[{"href":"https:\/\/www.hediyepazar.com\/index.php?rest_route=\/wp\/v2\/product\/81028","targetHints":{"allow":["GET"]}}],"collection":[{"href":"https:\/\/www.hediyepazar.com\/index.php?rest_route=\/wp\/v2\/product"}],"about":[{"href":"https:\/\/www.hediyepazar.com\/index.php?rest_route=\/wp\/v2\/types\/product"}],"replies":[{"embeddable":true,"href":"https:\/\/www.hediyepazar.com\/index.php?rest_route=%2Fwp%2Fv2%2Fcomments&post=81028"}],"wp:featuredmedia":[{"embeddable":true,"href":"https:\/\/www.hediyepazar.com\/index.php?rest_route=\/wp\/v2\/media\/81027"}],"wp:attachment":[{"href":"https:\/\/www.hediyepazar.com\/index.php?rest_route=%2Fwp%2Fv2%2Fmedia&parent=81028"}],"wp:term":[{"taxonomy":"product_brand","embeddable":true,"href":"https:\/\/www.hediyepazar.com\/index.php?rest_route=%2Fwp%2Fv2%2Fproduct_brand&post=81028"},{"taxonomy":"product_cat","embeddable":true,"href":"https:\/\/www.hediyepazar.com\/index.php?rest_route=%2Fwp%2Fv2%2Fproduct_cat&post=81028"},{"taxonomy":"product_tag","embeddable":true,"href":"https:\/\/www.hediyepazar.com\/index.php?rest_route=%2Fwp%2Fv2%2Fproduct_tag&post=81028"}],"curies":[{"name":"wp","href":"https:\/\/api.w.org\/{rel}","templated":true}]}}