{"id":81162,"date":"2026-04-30T03:48:27","date_gmt":"2026-04-30T06:48:27","guid":{"rendered":"https:\/\/www.hediyepazar.com\/?product=yagmur-damlasi-simli-abiye-elbise-sallik-tul-kumas-bordo-23"},"modified":"2026-04-30T03:48:27","modified_gmt":"2026-04-30T06:48:27","slug":"yagmur-damlasi-simli-abiye-elbise-sallik-tul-kumas-bordo-23","status":"publish","type":"product","link":"https:\/\/www.hediyepazar.com\/?product=yagmur-damlasi-simli-abiye-elbise-sallik-tul-kumas-bordo-23","title":{"rendered":"Ya\u011fmur Damlas\u0131 Simli Abiye Elbise \u015eall\u0131k T\u00fcl Kuma\u015f Bordo 23"},"content":{"rendered":"<table style=\"border-collapse:collapse; width:65pt; border:none\" width=\"86\">\n<colgroup>\n<col style=\"width:65pt\" width=\"86\" \/>\n\t<\/colgroup>\n<tbody>\n<tr height=\"20\" style=\"height:15.0pt\">\n<td height=\"20\" style=\"border:none; height:15.0pt; width:65pt; padding-top:1px; padding-right:1px; padding-left:1px; vertical-align:bottom; white-space:nowrap\" width=\"86\"><span style=\"font-size:11pt\"><span style=\"color:black\"><span style=\"font-weight:400\"><span style=\"font-style:normal\"><span style=\"text-decoration:none\"><span style=\"font-family:Calibri,sans-serif\">Ya\u011fmur Damlas\u0131 Simli Abiye Elbise \u015eall\u0131k T&uuml;l Kuma\u015f Bordo 23<br \/>\n\t\t\tAbiyelerde u&ccedil;u\u015f u&ccedil;u\u015f simli \u015fifon olarak kullan\u0131l\u0131r.<br \/>\n\t\t\tSimleri d&ouml;k&uuml;l&uuml;r, ince i&ccedil; g&ouml;steren kuma\u015ft\u0131r astar kullanmak gerekir.<br \/>\n\t\t\t\u015eal&nbsp; Etek Abiye Tesett&uuml;r Kost&uuml;m G&uuml;nl&uuml;k i&ccedil;in uygundur<br \/>\n\t\t\t&nbsp;Kuma\u015f Kalitemiz %100 polyester 150 cm enindedir.<br \/>\n\t\t\t1 adet sipari\u015f 1 mt ifade eder.<br \/>\n\t\t\t5 adet sipari\u015f 5 mt ifade eder.<br \/>\n\t\t\t10 adet sipari\u015f 10 mt ifade eder.<\/span><\/span><\/span><\/span><\/span><\/span><\/td>\n<\/tr>\n<\/tbody>\n<\/table>\n","protected":false},"excerpt":{"rendered":"<p>Ya\u011fmur Damlas\u0131 Simli Abiye Elbise \u015eall\u0131k T\u00fcl Kuma\u015f Bordo 23<\/p>\n","protected":false},"featured_media":81161,"comment_status":"open","ping_status":"closed","template":"","meta":{"_kad_post_transparent":"","_kad_post_title":"","_kad_post_layout":"","_kad_post_sidebar_id":"","_kad_post_content_style":"","_kad_post_vertical_padding":"","_kad_post_feature":"","_kad_post_feature_position":"","_kad_post_header":false,"_kad_post_footer":false,"_kad_post_classname":""},"product_brand":[],"product_cat":[557,568,569],"product_tag":[],"class_list":{"0":"post-81162","1":"product","2":"type-product","3":"status-publish","4":"has-post-thumbnail","6":"product_cat-ev-yasam","7":"product_cat-hobi","8":"product_cat-hobi-malzemeleri","10":"first","11":"instock","12":"shipping-taxable","13":"purchasable","14":"product-type-simple","15":"entry","16":"content-bg","17":"loop-entry"},"_links":{"self":[{"href":"https:\/\/www.hediyepazar.com\/index.php?rest_route=\/wp\/v2\/product\/81162","targetHints":{"allow":["GET"]}}],"collection":[{"href":"https:\/\/www.hediyepazar.com\/index.php?rest_route=\/wp\/v2\/product"}],"about":[{"href":"https:\/\/www.hediyepazar.com\/index.php?rest_route=\/wp\/v2\/types\/product"}],"replies":[{"embeddable":true,"href":"https:\/\/www.hediyepazar.com\/index.php?rest_route=%2Fwp%2Fv2%2Fcomments&post=81162"}],"wp:featuredmedia":[{"embeddable":true,"href":"https:\/\/www.hediyepazar.com\/index.php?rest_route=\/wp\/v2\/media\/81161"}],"wp:attachment":[{"href":"https:\/\/www.hediyepazar.com\/index.php?rest_route=%2Fwp%2Fv2%2Fmedia&parent=81162"}],"wp:term":[{"taxonomy":"product_brand","embeddable":true,"href":"https:\/\/www.hediyepazar.com\/index.php?rest_route=%2Fwp%2Fv2%2Fproduct_brand&post=81162"},{"taxonomy":"product_cat","embeddable":true,"href":"https:\/\/www.hediyepazar.com\/index.php?rest_route=%2Fwp%2Fv2%2Fproduct_cat&post=81162"},{"taxonomy":"product_tag","embeddable":true,"href":"https:\/\/www.hediyepazar.com\/index.php?rest_route=%2Fwp%2Fv2%2Fproduct_tag&post=81162"}],"curies":[{"name":"wp","href":"https:\/\/api.w.org\/{rel}","templated":true}]}}