{"id":81210,"date":"2026-04-30T03:51:30","date_gmt":"2026-04-30T06:51:30","guid":{"rendered":"https:\/\/www.hediyepazar.com\/?product=premium-4-kahve-kalici-krem-sac-boyasi-50-g-tup"},"modified":"2026-04-30T03:51:30","modified_gmt":"2026-04-30T06:51:30","slug":"premium-4-kahve-kalici-krem-sac-boyasi-50-g-tup","status":"publish","type":"product","link":"https:\/\/www.hediyepazar.com\/?product=premium-4-kahve-kalici-krem-sac-boyasi-50-g-tup","title":{"rendered":"Premium 4 Kahve &#8211; Kal\u0131c\u0131 Krem Sa\u00e7 Boyas\u0131 50 g T\u00fcp"},"content":{"rendered":"<table style=\"border-collapse:collapse; width:65pt; border:none\" width=\"86\">\n<colgroup>\n<col style=\"width:65pt\" width=\"86\" \/>\n\t<\/colgroup>\n<tbody>\n<tr height=\"20\" style=\"height:15.0pt\">\n<td height=\"20\" style=\"border:none; height:15.0pt; width:65pt; padding-top:1px; padding-right:1px; padding-left:1px; vertical-align:bottom; white-space:nowrap\" width=\"86\"><span style=\"font-size:11pt\"><span style=\"color:black\"><span style=\"font-weight:400\"><span style=\"font-style:normal\"><span style=\"text-decoration:none\"><span style=\"font-family:Calibri,sans-serif\">Premium 4 Kahve &#8211; Kal\u0131c\u0131 Krem Sa&ccedil; Boyas\u0131 50 g T&uuml;p<br \/>\n\t\t\t&Uuml;ST&Uuml;N FORM&Uuml;L \u0130LE \u0130LER\u0130 RENK TEKNOLOJ\u0130S\u0130!<br \/>\n\t\t\tNevacolor Kal\u0131c\u0131 Krem Sa&ccedil; Boyas\u0131&#39;n\u0131n g&uuml;&ccedil;l&uuml; form&uuml;l&uuml;ndeki: B\u0130SABOLOL,<br \/>\n\t\t\tsa&ccedil; derisini g&uuml;&ccedil;lendirir, rahatlat\u0131r ve canland\u0131r\u0131r.<br \/>\n\t\t\tKATYON\u0130K B\u0130LE\u015e\u0130M, boyay\u0131 sa&ccedil;a yerle\u015ftirir ve sa&ccedil;\u0131n &uuml;st tabakas\u0131n\u0131 (Cutide) kaplar.<br \/>\n\t\t\tKOLAJEN, sa&ccedil;\u0131n yenilenmesine, beslenmesine ve keratinin yeniden yap\u0131lanmas\u0131na yard\u0131mc\u0131 olur.<br \/>\n\t\t\tM\u0130KROP\u0130GMENTLER, boyan\u0131n sa&ccedil;a n&uuml;fuz etmesini kolayla\u015ft\u0131r\u0131r, renk yo\u011funlu\u011funun sa&ccedil;a iyi yerle\u015fmesini ve<br \/>\n\t\t\ther renk tonunda daha uzun s&uuml;re kal\u0131c\u0131l\u0131\u011f\u0131n\u0131 sa\u011flar.<br \/>\n\t\t\tSONU&Ccedil;: Sa&ccedil;\u0131n\u0131zda Sa\u011fl\u0131k ve Do\u011fall\u0131k; Yo\u011fun ve Parlak Renkler!<\/span><\/span><\/span><\/span><\/span><\/span><\/td>\n<\/tr>\n<\/tbody>\n<\/table>\n","protected":false},"excerpt":{"rendered":"<p>Premium 4 Kahve &#8211; Kal\u0131c\u0131 Krem Sa\u00e7 Boyas\u0131 50 g T\u00fcp<\/p>\n","protected":false},"featured_media":81209,"comment_status":"open","ping_status":"closed","template":"","meta":{"_kad_post_transparent":"","_kad_post_title":"","_kad_post_layout":"","_kad_post_sidebar_id":"","_kad_post_content_style":"","_kad_post_vertical_padding":"","_kad_post_feature":"","_kad_post_feature_position":"","_kad_post_header":false,"_kad_post_footer":false,"_kad_post_classname":""},"product_brand":[],"product_cat":[452,586,593],"product_tag":[],"class_list":{"0":"post-81210","1":"product","2":"type-product","3":"status-publish","4":"has-post-thumbnail","6":"product_cat-kozmetik","7":"product_cat-sac-bakimi","8":"product_cat-sac-boyasi","10":"first","11":"instock","12":"shipping-taxable","13":"purchasable","14":"product-type-simple","15":"entry","16":"content-bg","17":"loop-entry"},"_links":{"self":[{"href":"https:\/\/www.hediyepazar.com\/index.php?rest_route=\/wp\/v2\/product\/81210","targetHints":{"allow":["GET"]}}],"collection":[{"href":"https:\/\/www.hediyepazar.com\/index.php?rest_route=\/wp\/v2\/product"}],"about":[{"href":"https:\/\/www.hediyepazar.com\/index.php?rest_route=\/wp\/v2\/types\/product"}],"replies":[{"embeddable":true,"href":"https:\/\/www.hediyepazar.com\/index.php?rest_route=%2Fwp%2Fv2%2Fcomments&post=81210"}],"wp:featuredmedia":[{"embeddable":true,"href":"https:\/\/www.hediyepazar.com\/index.php?rest_route=\/wp\/v2\/media\/81209"}],"wp:attachment":[{"href":"https:\/\/www.hediyepazar.com\/index.php?rest_route=%2Fwp%2Fv2%2Fmedia&parent=81210"}],"wp:term":[{"taxonomy":"product_brand","embeddable":true,"href":"https:\/\/www.hediyepazar.com\/index.php?rest_route=%2Fwp%2Fv2%2Fproduct_brand&post=81210"},{"taxonomy":"product_cat","embeddable":true,"href":"https:\/\/www.hediyepazar.com\/index.php?rest_route=%2Fwp%2Fv2%2Fproduct_cat&post=81210"},{"taxonomy":"product_tag","embeddable":true,"href":"https:\/\/www.hediyepazar.com\/index.php?rest_route=%2Fwp%2Fv2%2Fproduct_tag&post=81210"}],"curies":[{"name":"wp","href":"https:\/\/api.w.org\/{rel}","templated":true}]}}