{"id":81532,"date":"2026-04-30T04:12:31","date_gmt":"2026-04-30T07:12:31","guid":{"rendered":"https:\/\/www.hediyepazar.com\/?product=oksidan-krem-sac-boya-sivisi-9luk-30-volume-60-ml"},"modified":"2026-04-30T04:12:31","modified_gmt":"2026-04-30T07:12:31","slug":"oksidan-krem-sac-boya-sivisi-9luk-30-volume-60-ml","status":"publish","type":"product","link":"https:\/\/www.hediyepazar.com\/?product=oksidan-krem-sac-boya-sivisi-9luk-30-volume-60-ml","title":{"rendered":"Oksidan Krem Sa\u00e7 Boya S\u0131v\u0131s\u0131 9&#8217;luk 30 vol\u00fcme 60 ml"},"content":{"rendered":"<table style=\"border-collapse:collapse; width:347pt; border:none\" width=\"462\">\n<colgroup>\n<col style=\"width:347pt\" width=\"462\" \/>\n\t<\/colgroup>\n<tbody>\n<tr height=\"20\" style=\"height:15.0pt\">\n<td class=\"xl63\" height=\"20\" style=\"border:none; height:15.0pt; width:347pt; text-align:left; padding-top:1px; padding-right:1px; padding-left:1px; vertical-align:bottom; white-space:nowrap\" width=\"462\"><span style=\"font-size:11pt\"><span style=\"color:black\"><span style=\"font-weight:400\"><span style=\"font-style:normal\"><span style=\"text-decoration:none\"><span style=\"font-family:Calibri,sans-serif\">Oksidan Krem Sa&ccedil; Boya S\u0131v\u0131s\u0131 9&#39;luk 30 vol&uuml;me 60 ml<\/span><\/span><\/span><\/span><\/span><\/span><\/td>\n<\/tr>\n<\/tbody>\n<\/table>\n","protected":false},"excerpt":{"rendered":"<p>Oksidan Krem Sa\u00e7 Boya S\u0131v\u0131s\u0131 9&#8217;luk 30 vol\u00fcme 60 ml<\/p>\n","protected":false},"featured_media":81531,"comment_status":"open","ping_status":"closed","template":"","meta":{"_kad_post_transparent":"","_kad_post_title":"","_kad_post_layout":"","_kad_post_sidebar_id":"","_kad_post_content_style":"","_kad_post_vertical_padding":"","_kad_post_feature":"","_kad_post_feature_position":"","_kad_post_header":false,"_kad_post_footer":false,"_kad_post_classname":""},"product_brand":[],"product_cat":[664,452,586],"product_tag":[],"class_list":{"0":"post-81532","1":"product","2":"type-product","3":"status-publish","4":"has-post-thumbnail","6":"product_cat-boya-acici-oksidan","7":"product_cat-kozmetik","8":"product_cat-sac-bakimi","10":"first","11":"instock","12":"shipping-taxable","13":"purchasable","14":"product-type-simple","15":"entry","16":"content-bg","17":"loop-entry"},"_links":{"self":[{"href":"https:\/\/www.hediyepazar.com\/index.php?rest_route=\/wp\/v2\/product\/81532","targetHints":{"allow":["GET"]}}],"collection":[{"href":"https:\/\/www.hediyepazar.com\/index.php?rest_route=\/wp\/v2\/product"}],"about":[{"href":"https:\/\/www.hediyepazar.com\/index.php?rest_route=\/wp\/v2\/types\/product"}],"replies":[{"embeddable":true,"href":"https:\/\/www.hediyepazar.com\/index.php?rest_route=%2Fwp%2Fv2%2Fcomments&post=81532"}],"wp:featuredmedia":[{"embeddable":true,"href":"https:\/\/www.hediyepazar.com\/index.php?rest_route=\/wp\/v2\/media\/81531"}],"wp:attachment":[{"href":"https:\/\/www.hediyepazar.com\/index.php?rest_route=%2Fwp%2Fv2%2Fmedia&parent=81532"}],"wp:term":[{"taxonomy":"product_brand","embeddable":true,"href":"https:\/\/www.hediyepazar.com\/index.php?rest_route=%2Fwp%2Fv2%2Fproduct_brand&post=81532"},{"taxonomy":"product_cat","embeddable":true,"href":"https:\/\/www.hediyepazar.com\/index.php?rest_route=%2Fwp%2Fv2%2Fproduct_cat&post=81532"},{"taxonomy":"product_tag","embeddable":true,"href":"https:\/\/www.hediyepazar.com\/index.php?rest_route=%2Fwp%2Fv2%2Fproduct_tag&post=81532"}],"curies":[{"name":"wp","href":"https:\/\/api.w.org\/{rel}","templated":true}]}}