{"id":81576,"date":"2026-04-30T04:15:36","date_gmt":"2026-04-30T07:15:36","guid":{"rendered":"https:\/\/www.hediyepazar.com\/?product=kaydirmaz-banyo-tuvalet-klozet-mutfak-yukseltici-cocuk-basamagi-pembe"},"modified":"2026-04-30T04:15:36","modified_gmt":"2026-04-30T07:15:36","slug":"kaydirmaz-banyo-tuvalet-klozet-mutfak-yukseltici-cocuk-basamagi-pembe","status":"publish","type":"product","link":"https:\/\/www.hediyepazar.com\/?product=kaydirmaz-banyo-tuvalet-klozet-mutfak-yukseltici-cocuk-basamagi-pembe","title":{"rendered":"Kayd\u0131rmaz Banyo Tuvalet Klozet Mutfak Y\u00fckseltici \u00c7ocuk Basama\u011f\u0131 Pembe"},"content":{"rendered":"<p>Kayd\u0131rmaz Banyo Tuvalet Klozet Mutfak &Ccedil;ocuk Basama\u011f\u0131 Pembe<br \/>\n15 cm y&uuml;ksekli\u011finde kayd\u0131rmaz tabanl\u0131 sayesinde &ccedil;ocukar\u0131n\u0131z\u0131n boyunun eri\u015femedi\u011fi alanlarda<br \/>\nrahat&ccedil;a ki\u015fisel bak\u0131mlar\u0131n\u0131 yapmalar\u0131n\u0131 sa\u011flar.<br \/>\nLavabo &ouml;n&uuml;nde el y\u0131kamay\u0131 &ouml;\u011frenmeleri i&ccedil;in y&uuml;kseltici basama\u011f\u0131<br \/>\n&Ccedil;ocuklar\u0131n\u0131z\u0131n klozete al\u0131\u015f\u0131p tuvalet al\u0131\u015fkanl\u0131\u011f\u0131 kazanmas\u0131nda yard\u0131mc\u0131 olur.<br \/>\n12 kg ta\u015f\u0131ma kapasitesine sahiptir.&nbsp;<br \/>\nKaydr\u0131maz taban\u0131 sayesinde ev banyo tuvalet gibi \u0131slak alanlarda kayma yapmaz g&uuml;venle kullanabilirsiniz.<\/p>\n<p>&nbsp;<\/p>\n","protected":false},"excerpt":{"rendered":"<p>Kayd\u0131rmaz Banyo Tuvalet Mutfak \u00c7ocuk Basama\u011f\u0131 Pembe<\/p>\n","protected":false},"featured_media":81575,"comment_status":"open","ping_status":"closed","template":"","meta":{"_kad_post_transparent":"","_kad_post_title":"","_kad_post_layout":"","_kad_post_sidebar_id":"","_kad_post_content_style":"","_kad_post_vertical_padding":"","_kad_post_feature":"","_kad_post_feature_position":"","_kad_post_header":false,"_kad_post_footer":false,"_kad_post_classname":""},"product_brand":[],"product_cat":[607,608,551],"product_tag":[],"class_list":{"0":"post-81576","1":"product","2":"type-product","3":"status-publish","4":"has-post-thumbnail","6":"product_cat-anne-bebek-cocuk","7":"product_cat-bebek-bakim","8":"product_cat-cocuk","10":"first","11":"instock","12":"shipping-taxable","13":"purchasable","14":"product-type-simple","15":"entry","16":"content-bg","17":"loop-entry"},"_links":{"self":[{"href":"https:\/\/www.hediyepazar.com\/index.php?rest_route=\/wp\/v2\/product\/81576","targetHints":{"allow":["GET"]}}],"collection":[{"href":"https:\/\/www.hediyepazar.com\/index.php?rest_route=\/wp\/v2\/product"}],"about":[{"href":"https:\/\/www.hediyepazar.com\/index.php?rest_route=\/wp\/v2\/types\/product"}],"replies":[{"embeddable":true,"href":"https:\/\/www.hediyepazar.com\/index.php?rest_route=%2Fwp%2Fv2%2Fcomments&post=81576"}],"wp:featuredmedia":[{"embeddable":true,"href":"https:\/\/www.hediyepazar.com\/index.php?rest_route=\/wp\/v2\/media\/81575"}],"wp:attachment":[{"href":"https:\/\/www.hediyepazar.com\/index.php?rest_route=%2Fwp%2Fv2%2Fmedia&parent=81576"}],"wp:term":[{"taxonomy":"product_brand","embeddable":true,"href":"https:\/\/www.hediyepazar.com\/index.php?rest_route=%2Fwp%2Fv2%2Fproduct_brand&post=81576"},{"taxonomy":"product_cat","embeddable":true,"href":"https:\/\/www.hediyepazar.com\/index.php?rest_route=%2Fwp%2Fv2%2Fproduct_cat&post=81576"},{"taxonomy":"product_tag","embeddable":true,"href":"https:\/\/www.hediyepazar.com\/index.php?rest_route=%2Fwp%2Fv2%2Fproduct_tag&post=81576"}],"curies":[{"name":"wp","href":"https:\/\/api.w.org\/{rel}","templated":true}]}}