{"id":81610,"date":"2026-04-30T04:17:58","date_gmt":"2026-04-30T07:17:58","guid":{"rendered":"https:\/\/www.hediyepazar.com\/?product=soft-bebek-yikama-kuveti-yumusak-silikon-kaydirmaz-taban"},"modified":"2026-04-30T04:17:58","modified_gmt":"2026-04-30T07:17:58","slug":"soft-bebek-yikama-kuveti-yumusak-silikon-kaydirmaz-taban","status":"publish","type":"product","link":"https:\/\/www.hediyepazar.com\/?product=soft-bebek-yikama-kuveti-yumusak-silikon-kaydirmaz-taban","title":{"rendered":"Soft Bebek Y\u0131kama K\u00fcveti Yumu\u015fak Silikon Kayd\u0131rmaz Taban"},"content":{"rendered":"<p>Soft Bebek Y\u0131kama K\u00fcveti Yumu\u015fak Silikon Kayd\u0131rmaz Taban<br \/>\nYumu\u015fak silikon oturma alan\u0131 sayesinde bebe\u011finizin rahat etmesini sa\u011flar.<br \/>\nKayd\u0131rmaz taban\u0131 sayesinde tek ba\u015f\u0131n\u0131za bebe\u011finizi g\u00fcvenle y\u0131kayabilirsiniz.<br \/>\nEsneyebilir yumu\u015fak silikon file ile bebe\u011finiz hi\u00e7 rahats\u0131z olmadan banyo keyfi ya\u015fayacakt\u0131r.<br \/>\nDelikli filenin suyu tahliye etmesi sebebiyle sizler de bebe\u011finize banyo yapt\u0131r\u0131rken, ekstra bir banyo temizli\u011fi yapmaya gerek duymayacaks\u0131n\u0131z.<br \/>\nYumu\u015fak dokusu ile bebe\u011finize narin bir kucaklama sa\u011flar.<br \/>\n15 kg ta\u015f\u0131ma kapasitesine sahiptir.<br \/>\nKaliteli plastikten \u00fcretilmi\u015f olup zararl\u0131 madde i\u00e7ermez<br \/>\n&nbsp;<\/p>\n","protected":false},"excerpt":{"rendered":"<p>Soft Bebek Y\u0131kama K\u00fcveti Yumu\u015fak Silikon Kayd\u0131rmaz Taban<\/p>\n","protected":false},"featured_media":81609,"comment_status":"open","ping_status":"closed","template":"","meta":{"_kad_post_transparent":"","_kad_post_title":"","_kad_post_layout":"","_kad_post_sidebar_id":"","_kad_post_content_style":"","_kad_post_vertical_padding":"","_kad_post_feature":"","_kad_post_feature_position":"","_kad_post_header":false,"_kad_post_footer":false,"_kad_post_classname":""},"product_brand":[],"product_cat":[607,608,551],"product_tag":[],"class_list":{"0":"post-81610","1":"product","2":"type-product","3":"status-publish","4":"has-post-thumbnail","6":"product_cat-anne-bebek-cocuk","7":"product_cat-bebek-bakim","8":"product_cat-cocuk","10":"first","11":"instock","12":"shipping-taxable","13":"purchasable","14":"product-type-simple","15":"entry","16":"content-bg","17":"loop-entry"},"_links":{"self":[{"href":"https:\/\/www.hediyepazar.com\/index.php?rest_route=\/wp\/v2\/product\/81610","targetHints":{"allow":["GET"]}}],"collection":[{"href":"https:\/\/www.hediyepazar.com\/index.php?rest_route=\/wp\/v2\/product"}],"about":[{"href":"https:\/\/www.hediyepazar.com\/index.php?rest_route=\/wp\/v2\/types\/product"}],"replies":[{"embeddable":true,"href":"https:\/\/www.hediyepazar.com\/index.php?rest_route=%2Fwp%2Fv2%2Fcomments&post=81610"}],"wp:featuredmedia":[{"embeddable":true,"href":"https:\/\/www.hediyepazar.com\/index.php?rest_route=\/wp\/v2\/media\/81609"}],"wp:attachment":[{"href":"https:\/\/www.hediyepazar.com\/index.php?rest_route=%2Fwp%2Fv2%2Fmedia&parent=81610"}],"wp:term":[{"taxonomy":"product_brand","embeddable":true,"href":"https:\/\/www.hediyepazar.com\/index.php?rest_route=%2Fwp%2Fv2%2Fproduct_brand&post=81610"},{"taxonomy":"product_cat","embeddable":true,"href":"https:\/\/www.hediyepazar.com\/index.php?rest_route=%2Fwp%2Fv2%2Fproduct_cat&post=81610"},{"taxonomy":"product_tag","embeddable":true,"href":"https:\/\/www.hediyepazar.com\/index.php?rest_route=%2Fwp%2Fv2%2Fproduct_tag&post=81610"}],"curies":[{"name":"wp","href":"https:\/\/api.w.org\/{rel}","templated":true}]}}