{"id":81654,"date":"2026-04-30T04:22:57","date_gmt":"2026-04-30T07:22:57","guid":{"rendered":"https:\/\/www.hediyepazar.com\/?product=koseli-tabure-plastik-26x29-cm-beyaz"},"modified":"2026-04-30T04:22:57","modified_gmt":"2026-04-30T07:22:57","slug":"koseli-tabure-plastik-26x29-cm-beyaz","status":"publish","type":"product","link":"https:\/\/www.hediyepazar.com\/?product=koseli-tabure-plastik-26x29-cm-beyaz","title":{"rendered":"K\u00f6\u015feli Tabure Plastik 26&#215;29 cm Beyaz"},"content":{"rendered":"<table style=\"border-collapse:collapse; width:262pt; border:none\" width=\"349\">\n<colgroup>\n<col style=\"width:262pt\" width=\"349\" \/>\n\t<\/colgroup>\n<tbody>\n<tr height=\"20\" style=\"height:15.0pt\">\n<td height=\"20\" style=\"border:none; height:15.0pt; width:262pt; padding-top:1px; padding-right:1px; padding-left:1px; vertical-align:bottom; white-space:nowrap\" width=\"349\"><span style=\"font-size:11pt\"><span style=\"color:black\"><span style=\"font-weight:400\"><span style=\"font-style:normal\"><span style=\"text-decoration:none\"><span style=\"font-family:Calibri,sans-serif\">K&ouml;\u015feli Tabure Plastik 26&#215;29 cm Beyaz<br \/>\n\t\t\tTek par&ccedil;a &uuml;r&uuml;nden olu\u015fan %100 yerli &uuml;retimi banyo aksesuarlar\u0131,<br \/>\n\t\t\tkolay monte edili\u015fi ile banyolar\u0131n\u0131z\u0131 daha \u015f\u0131k ve ferah bir g&ouml;r&uuml;nt&uuml;ye ula\u015ft\u0131racakt\u0131r.<br \/>\n\t\t\tK&ouml;\u015feli banyo taburesi, sa\u011flam plastik otura\u011f\u0131 ile banyonuzu daha keyifli ve<br \/>\n\t\t\tkonforlu hale gelmesini sa\u011flayacakt\u0131r.<br \/>\n\t\t\tDemonte halde g&ouml;nderilen tabureyi, sizde istedi\u011finiz zaman katlayarak az yer kaplamas\u0131n\u0131 sa\u011flayabilirsiniz. <\/span><\/span><\/span><\/span><\/span><\/span><br \/>\n\t\t\t&nbsp;<\/td>\n<\/tr>\n<\/tbody>\n<\/table>\n","protected":false},"excerpt":{"rendered":"<p>K\u00f6\u015feli Tabure Plastik 26&#215;29 cm Beyaz<\/p>\n","protected":false},"featured_media":81653,"comment_status":"open","ping_status":"closed","template":"","meta":{"_kad_post_transparent":"","_kad_post_title":"","_kad_post_layout":"","_kad_post_sidebar_id":"","_kad_post_content_style":"","_kad_post_vertical_padding":"","_kad_post_feature":"","_kad_post_feature_position":"","_kad_post_header":false,"_kad_post_footer":false,"_kad_post_classname":""},"product_brand":[],"product_cat":[557,623,680],"product_tag":[],"class_list":{"0":"post-81654","1":"product","2":"type-product","3":"status-publish","4":"has-post-thumbnail","6":"product_cat-ev-yasam","7":"product_cat-mobilya","8":"product_cat-mutfak-banyo-mobilyasi","10":"first","11":"instock","12":"shipping-taxable","13":"purchasable","14":"product-type-simple","15":"entry","16":"content-bg","17":"loop-entry"},"_links":{"self":[{"href":"https:\/\/www.hediyepazar.com\/index.php?rest_route=\/wp\/v2\/product\/81654","targetHints":{"allow":["GET"]}}],"collection":[{"href":"https:\/\/www.hediyepazar.com\/index.php?rest_route=\/wp\/v2\/product"}],"about":[{"href":"https:\/\/www.hediyepazar.com\/index.php?rest_route=\/wp\/v2\/types\/product"}],"replies":[{"embeddable":true,"href":"https:\/\/www.hediyepazar.com\/index.php?rest_route=%2Fwp%2Fv2%2Fcomments&post=81654"}],"wp:featuredmedia":[{"embeddable":true,"href":"https:\/\/www.hediyepazar.com\/index.php?rest_route=\/wp\/v2\/media\/81653"}],"wp:attachment":[{"href":"https:\/\/www.hediyepazar.com\/index.php?rest_route=%2Fwp%2Fv2%2Fmedia&parent=81654"}],"wp:term":[{"taxonomy":"product_brand","embeddable":true,"href":"https:\/\/www.hediyepazar.com\/index.php?rest_route=%2Fwp%2Fv2%2Fproduct_brand&post=81654"},{"taxonomy":"product_cat","embeddable":true,"href":"https:\/\/www.hediyepazar.com\/index.php?rest_route=%2Fwp%2Fv2%2Fproduct_cat&post=81654"},{"taxonomy":"product_tag","embeddable":true,"href":"https:\/\/www.hediyepazar.com\/index.php?rest_route=%2Fwp%2Fv2%2Fproduct_tag&post=81654"}],"curies":[{"name":"wp","href":"https:\/\/api.w.org\/{rel}","templated":true}]}}