{"id":81823,"date":"2026-04-30T04:29:53","date_gmt":"2026-04-30T07:29:53","guid":{"rendered":"https:\/\/www.hediyepazar.com\/?product=siyah-katlanir-merdiven-41-basamak-kaydirmaz-ayakli"},"modified":"2026-04-30T04:29:53","modified_gmt":"2026-04-30T07:29:53","slug":"siyah-katlanir-merdiven-41-basamak-kaydirmaz-ayakli","status":"publish","type":"product","link":"https:\/\/www.hediyepazar.com\/?product=siyah-katlanir-merdiven-41-basamak-kaydirmaz-ayakli","title":{"rendered":"Siyah Katlan\u0131r Merdiven 4+1 Basamak Kayd\u0131rmaz Ayakl\u0131"},"content":{"rendered":"<p>Siyah Katlan\u0131r Merdiven 4+1 Basamak Kayd\u0131rmaz Ayakl\u0131<br \/>\nProfil &uuml;zeri galvaniz kaplama<br \/>\nEsktra sa\u011flam malzeme<br \/>\nKolay A&ccedil;\u0131l\u0131p Kapanabilme<br \/>\n&Ccedil;izilmeyi &ouml;nleyen plastik takozlar<br \/>\nEkstra sa\u011flam &uuml;st tabla basama\u011f\u0131<br \/>\n4+1 basamak&nbsp;<br \/>\nKaymay\u0131 &ouml;nleyen &ouml;zel tasar\u0131m basamaklar<br \/>\nEv ve i\u015fyerlerinde dekoratif kolay kullan\u0131m<br \/>\nH\u0131rdavat &uuml;r&uuml;nlerinde kalitenin &ouml;nemi &ccedil;ok b&uuml;y&uuml;kt&uuml;r. Kaliteli ve sa\u011flam malzemeden &uuml;retilmi\u015ftir<\/p>\n","protected":false},"excerpt":{"rendered":"<p>Siyah Katlan\u0131r Merdiven 4+1 Basamak Kayd\u0131rmaz Ayakl\u0131<\/p>\n","protected":false},"featured_media":81822,"comment_status":"open","ping_status":"closed","template":"","meta":{"_kad_post_transparent":"","_kad_post_title":"","_kad_post_layout":"","_kad_post_sidebar_id":"","_kad_post_content_style":"","_kad_post_vertical_padding":"","_kad_post_feature":"","_kad_post_feature_position":"","_kad_post_header":false,"_kad_post_footer":false,"_kad_post_classname":""},"product_brand":[],"product_cat":[656,557,657],"product_tag":[],"class_list":{"0":"post-81823","1":"product","2":"type-product","3":"status-publish","4":"has-post-thumbnail","6":"product_cat-bahce-yapi-market","7":"product_cat-ev-yasam","8":"product_cat-yapi-market","10":"first","11":"instock","12":"shipping-taxable","13":"purchasable","14":"product-type-simple","15":"entry","16":"content-bg","17":"loop-entry"},"_links":{"self":[{"href":"https:\/\/www.hediyepazar.com\/index.php?rest_route=\/wp\/v2\/product\/81823","targetHints":{"allow":["GET"]}}],"collection":[{"href":"https:\/\/www.hediyepazar.com\/index.php?rest_route=\/wp\/v2\/product"}],"about":[{"href":"https:\/\/www.hediyepazar.com\/index.php?rest_route=\/wp\/v2\/types\/product"}],"replies":[{"embeddable":true,"href":"https:\/\/www.hediyepazar.com\/index.php?rest_route=%2Fwp%2Fv2%2Fcomments&post=81823"}],"wp:featuredmedia":[{"embeddable":true,"href":"https:\/\/www.hediyepazar.com\/index.php?rest_route=\/wp\/v2\/media\/81822"}],"wp:attachment":[{"href":"https:\/\/www.hediyepazar.com\/index.php?rest_route=%2Fwp%2Fv2%2Fmedia&parent=81823"}],"wp:term":[{"taxonomy":"product_brand","embeddable":true,"href":"https:\/\/www.hediyepazar.com\/index.php?rest_route=%2Fwp%2Fv2%2Fproduct_brand&post=81823"},{"taxonomy":"product_cat","embeddable":true,"href":"https:\/\/www.hediyepazar.com\/index.php?rest_route=%2Fwp%2Fv2%2Fproduct_cat&post=81823"},{"taxonomy":"product_tag","embeddable":true,"href":"https:\/\/www.hediyepazar.com\/index.php?rest_route=%2Fwp%2Fv2%2Fproduct_tag&post=81823"}],"curies":[{"name":"wp","href":"https:\/\/api.w.org\/{rel}","templated":true}]}}