{"id":81927,"date":"2026-04-30T04:33:53","date_gmt":"2026-04-30T07:33:53","guid":{"rendered":"https:\/\/www.hediyepazar.com\/?product=2li-pilav-tatli-kalibi"},"modified":"2026-04-30T04:33:53","modified_gmt":"2026-04-30T07:33:53","slug":"2li-pilav-tatli-kalibi","status":"publish","type":"product","link":"https:\/\/www.hediyepazar.com\/?product=2li-pilav-tatli-kalibi","title":{"rendered":"2&#8217;li Pilav Tatl\u0131 Kal\u0131b\u0131"},"content":{"rendered":"<p>Yemeklerinizi daha \u015f\u0131k servis etmek istiyorsan\u0131z, suncook pilav ve tatl\u0131 kal\u0131b\u0131 ile sofran\u0131za ne\u015fe ve estetik katabilirsiniz.&nbsp;<\/p>\n<p>Nas\u0131l kullan\u0131l\u0131r.<\/p>\n<p>Pi\u015firdi\u011finiz pilav veya tatl\u0131n\u0131z\u0131 kal\u0131b\u0131n i&ccedil;ine doldurun.<br \/>\nKal\u0131b\u0131 d&ouml;k&uuml;lmemesi i&ccedil;in servis edece\u011finiz taba\u011fa yak\u0131n bir \u015fekilde tutun Kal\u0131b\u0131 ters &ccedil;evirip taba\u011fa koyun ve kal\u0131b\u0131 kald\u0131r\u0131n.<\/p>\n<p>&Uuml;r&uuml;nlerimizde insan sa\u011fl\u0131\u011f\u0131na zararl\u0131 maddeler i&ccedil;ermemektedir.<br \/>\n&Uuml;r&uuml;n Materyali : Plastik<br \/>\nPaket \u0130&ccedil;eri\u011fi: 2 Adet<br \/>\n&Ccedil;ap: 9 cm<br \/>\nY&uuml;kseklik: 6 cm<\/p>\n","protected":false},"excerpt":{"rendered":"<p>2&#8217;li Pilav Tatl\u0131 Kal\u0131b\u0131<\/p>\n","protected":false},"featured_media":81926,"comment_status":"open","ping_status":"closed","template":"","meta":{"_kad_post_transparent":"","_kad_post_title":"","_kad_post_layout":"","_kad_post_sidebar_id":"","_kad_post_content_style":"","_kad_post_vertical_padding":"","_kad_post_feature":"","_kad_post_feature_position":"","_kad_post_header":false,"_kad_post_footer":false,"_kad_post_classname":""},"product_brand":[],"product_cat":[557,558,560],"product_tag":[],"class_list":{"0":"post-81927","1":"product","2":"type-product","3":"status-publish","4":"has-post-thumbnail","6":"product_cat-ev-yasam","7":"product_cat-sofra-mutfak-2","8":"product_cat-yemek-hazirlik","10":"first","11":"instock","12":"shipping-taxable","13":"purchasable","14":"product-type-simple","15":"entry","16":"content-bg","17":"loop-entry"},"_links":{"self":[{"href":"https:\/\/www.hediyepazar.com\/index.php?rest_route=\/wp\/v2\/product\/81927","targetHints":{"allow":["GET"]}}],"collection":[{"href":"https:\/\/www.hediyepazar.com\/index.php?rest_route=\/wp\/v2\/product"}],"about":[{"href":"https:\/\/www.hediyepazar.com\/index.php?rest_route=\/wp\/v2\/types\/product"}],"replies":[{"embeddable":true,"href":"https:\/\/www.hediyepazar.com\/index.php?rest_route=%2Fwp%2Fv2%2Fcomments&post=81927"}],"wp:featuredmedia":[{"embeddable":true,"href":"https:\/\/www.hediyepazar.com\/index.php?rest_route=\/wp\/v2\/media\/81926"}],"wp:attachment":[{"href":"https:\/\/www.hediyepazar.com\/index.php?rest_route=%2Fwp%2Fv2%2Fmedia&parent=81927"}],"wp:term":[{"taxonomy":"product_brand","embeddable":true,"href":"https:\/\/www.hediyepazar.com\/index.php?rest_route=%2Fwp%2Fv2%2Fproduct_brand&post=81927"},{"taxonomy":"product_cat","embeddable":true,"href":"https:\/\/www.hediyepazar.com\/index.php?rest_route=%2Fwp%2Fv2%2Fproduct_cat&post=81927"},{"taxonomy":"product_tag","embeddable":true,"href":"https:\/\/www.hediyepazar.com\/index.php?rest_route=%2Fwp%2Fv2%2Fproduct_tag&post=81927"}],"curies":[{"name":"wp","href":"https:\/\/api.w.org\/{rel}","templated":true}]}}