{"id":81991,"date":"2026-04-30T04:36:33","date_gmt":"2026-04-30T07:36:33","guid":{"rendered":"https:\/\/www.hediyepazar.com\/?product=eko-spreyli-camsil-sungerli-21-cm"},"modified":"2026-04-30T04:36:33","modified_gmt":"2026-04-30T07:36:33","slug":"eko-spreyli-camsil-sungerli-21-cm","status":"publish","type":"product","link":"https:\/\/www.hediyepazar.com\/?product=eko-spreyli-camsil-sungerli-21-cm","title":{"rendered":"Eko Spreyli Camsil S\u00fcngerli 21 Cm"},"content":{"rendered":"<table style=\"border-collapse:collapse; width:262pt; border:none\" width=\"349\">\n<colgroup>\n<col style=\"width:262pt\" width=\"349\" \/>\n\t<\/colgroup>\n<tbody>\n<tr height=\"20\" style=\"height:15.0pt\">\n<td height=\"20\" style=\"border:none; height:15.0pt; width:262pt; padding-top:1px; padding-right:1px; padding-left:1px; vertical-align:bottom; white-space:nowrap\" width=\"349\"><span style=\"font-size:11pt\"><span style=\"color:black\"><span style=\"font-weight:400\"><span style=\"font-style:normal\"><span style=\"text-decoration:none\"><span style=\"font-family:Calibri,sans-serif\">Eko Spreyli Camsil S&uuml;ngerli 21 Cm<br \/>\n\t\t\t&Uuml;R&Uuml;N &Ouml;ZELL\u0130KLER\u0130:<br \/>\n\t\t\t&bull; Ev, i\u015f yeri, ofis, restoran, cafe vb. yerlerde cam vb. y&uuml;zeylerin temizlenmesinde kullan\u0131labilir.<br \/>\n\t\t\t&bull; \u0130&ccedil; ve d\u0131\u015f mek&acirc;nlarda kullan\u0131lmak i&ccedil;in uygundur.<br \/>\n\t\t\t&bull; S&uuml;nger aparat\u0131 kolayl\u0131kla &ccedil;\u0131kart\u0131l\u0131p temizlenebilir.<br \/>\n\t\t\t&bull; Sprey haznesine konulan su veya s\u0131v\u0131 cam temizleme malzemesi ile temizli\u011fi kolayla\u015ft\u0131r\u0131r.<br \/>\n\t\t\t&bull; S&uuml;ngeri ile k&ouml;p&uuml;rt&uuml;len y&uuml;zey, arkas\u0131ndaki &ccedil;ek&ccedil;ek k\u0131sm\u0131 ile kurulamaya gerek kalmadan k&ouml;p&uuml;kten ar\u0131nd\u0131r\u0131l\u0131r.<br \/>\n\t\t\t&bull; Ula\u015fmas\u0131 zor yerler i&ccedil;in u&ccedil; k\u0131sm\u0131na tak\u0131lacak sap ile uzat\u0131labilir.<br \/>\n\t\t\t&bull; Kutu i&ccedil;eri\u011finde ayr\u0131ca bir sap yer almamaktad\u0131r.<br \/>\n\t\t\t&bull; &Uuml;r&uuml;n&uuml;n teknik &ouml;zellikleri: Uzunluk: 21cm. Malzeme: Sert plastik<\/span><\/span><\/span><\/span><\/span><\/span><\/td>\n<\/tr>\n<\/tbody>\n<\/table>\n","protected":false},"excerpt":{"rendered":"<p>Eko Spreyli Camsil S\u00fcngerli 21 Cm<\/p>\n","protected":false},"featured_media":81990,"comment_status":"open","ping_status":"closed","template":"","meta":{"_kad_post_transparent":"","_kad_post_title":"","_kad_post_layout":"","_kad_post_sidebar_id":"","_kad_post_content_style":"","_kad_post_vertical_padding":"","_kad_post_feature":"","_kad_post_feature_position":"","_kad_post_header":false,"_kad_post_footer":false,"_kad_post_classname":""},"product_brand":[],"product_cat":[571,570,605],"product_tag":[],"class_list":{"0":"post-81991","1":"product","2":"type-product","3":"status-publish","4":"has-post-thumbnail","6":"product_cat-ev-temizlik","7":"product_cat-supermarket","8":"product_cat-temizlik-gerecleri","10":"first","11":"instock","12":"shipping-taxable","13":"purchasable","14":"product-type-simple","15":"entry","16":"content-bg","17":"loop-entry"},"_links":{"self":[{"href":"https:\/\/www.hediyepazar.com\/index.php?rest_route=\/wp\/v2\/product\/81991","targetHints":{"allow":["GET"]}}],"collection":[{"href":"https:\/\/www.hediyepazar.com\/index.php?rest_route=\/wp\/v2\/product"}],"about":[{"href":"https:\/\/www.hediyepazar.com\/index.php?rest_route=\/wp\/v2\/types\/product"}],"replies":[{"embeddable":true,"href":"https:\/\/www.hediyepazar.com\/index.php?rest_route=%2Fwp%2Fv2%2Fcomments&post=81991"}],"wp:featuredmedia":[{"embeddable":true,"href":"https:\/\/www.hediyepazar.com\/index.php?rest_route=\/wp\/v2\/media\/81990"}],"wp:attachment":[{"href":"https:\/\/www.hediyepazar.com\/index.php?rest_route=%2Fwp%2Fv2%2Fmedia&parent=81991"}],"wp:term":[{"taxonomy":"product_brand","embeddable":true,"href":"https:\/\/www.hediyepazar.com\/index.php?rest_route=%2Fwp%2Fv2%2Fproduct_brand&post=81991"},{"taxonomy":"product_cat","embeddable":true,"href":"https:\/\/www.hediyepazar.com\/index.php?rest_route=%2Fwp%2Fv2%2Fproduct_cat&post=81991"},{"taxonomy":"product_tag","embeddable":true,"href":"https:\/\/www.hediyepazar.com\/index.php?rest_route=%2Fwp%2Fv2%2Fproduct_tag&post=81991"}],"curies":[{"name":"wp","href":"https:\/\/api.w.org\/{rel}","templated":true}]}}