{"id":81995,"date":"2026-04-30T04:36:44","date_gmt":"2026-04-30T07:36:44","guid":{"rendered":"https:\/\/www.hediyepazar.com\/?product=silikon-baykus-nihale-tencere-altligi"},"modified":"2026-04-30T04:36:44","modified_gmt":"2026-04-30T07:36:44","slug":"silikon-baykus-nihale-tencere-altligi","status":"publish","type":"product","link":"https:\/\/www.hediyepazar.com\/?product=silikon-baykus-nihale-tencere-altligi","title":{"rendered":"Silikon Bayku\u015f Nihale &#038; Tencere Altl\u0131\u011f\u0131"},"content":{"rendered":"<table style=\"border-collapse:collapse; width:262pt; border:none\" width=\"349\">\n<colgroup>\n<col style=\"width:262pt\" width=\"349\" \/>\n\t<\/colgroup>\n<tbody>\n<tr height=\"60\" style=\"height:45.0pt\">\n<td class=\"xl65\" height=\"60\" style=\"border:none; height:45.0pt; width:262pt; white-space:normal; padding-top:1px; padding-right:1px; padding-left:1px; vertical-align:bottom\" width=\"349\"><span style=\"font-size:11pt\"><span style=\"color:black\"><span style=\"font-weight:400\"><span style=\"font-style:normal\"><span style=\"text-decoration:none\"><span style=\"font-family:Calibri,sans-serif\">%100 silikon olacak \u015fekilde &uuml;retilmi\u015ftir.<br \/>\n\t\t\t&Uuml;r&uuml;nler 400 dereceye kadar \u0131s\u0131ya dayan\u0131kl\u0131d\u0131r.<br \/>\n\t\t\tIs\u0131 ge&ccedil;irmez ve yap\u0131\u015fmaz.<\/span><\/span><\/span><\/span><\/span><\/span><\/td>\n<\/tr>\n<\/tbody>\n<\/table>\n","protected":false},"excerpt":{"rendered":"<p>Silikon Bayku\u015f Nihale &#038; Tencere Altl\u0131\u011f\u0131<\/p>\n","protected":false},"featured_media":81994,"comment_status":"open","ping_status":"closed","template":"","meta":{"_kad_post_transparent":"","_kad_post_title":"","_kad_post_layout":"","_kad_post_sidebar_id":"","_kad_post_content_style":"","_kad_post_vertical_padding":"","_kad_post_feature":"","_kad_post_feature_position":"","_kad_post_header":false,"_kad_post_footer":false,"_kad_post_classname":""},"product_brand":[],"product_cat":[557,559,558],"product_tag":[],"class_list":{"0":"post-81995","1":"product","2":"type-product","3":"status-publish","4":"has-post-thumbnail","6":"product_cat-ev-yasam","7":"product_cat-sofra","8":"product_cat-sofra-mutfak-2","10":"first","11":"instock","12":"shipping-taxable","13":"purchasable","14":"product-type-simple","15":"entry","16":"content-bg","17":"loop-entry"},"_links":{"self":[{"href":"https:\/\/www.hediyepazar.com\/index.php?rest_route=\/wp\/v2\/product\/81995","targetHints":{"allow":["GET"]}}],"collection":[{"href":"https:\/\/www.hediyepazar.com\/index.php?rest_route=\/wp\/v2\/product"}],"about":[{"href":"https:\/\/www.hediyepazar.com\/index.php?rest_route=\/wp\/v2\/types\/product"}],"replies":[{"embeddable":true,"href":"https:\/\/www.hediyepazar.com\/index.php?rest_route=%2Fwp%2Fv2%2Fcomments&post=81995"}],"wp:featuredmedia":[{"embeddable":true,"href":"https:\/\/www.hediyepazar.com\/index.php?rest_route=\/wp\/v2\/media\/81994"}],"wp:attachment":[{"href":"https:\/\/www.hediyepazar.com\/index.php?rest_route=%2Fwp%2Fv2%2Fmedia&parent=81995"}],"wp:term":[{"taxonomy":"product_brand","embeddable":true,"href":"https:\/\/www.hediyepazar.com\/index.php?rest_route=%2Fwp%2Fv2%2Fproduct_brand&post=81995"},{"taxonomy":"product_cat","embeddable":true,"href":"https:\/\/www.hediyepazar.com\/index.php?rest_route=%2Fwp%2Fv2%2Fproduct_cat&post=81995"},{"taxonomy":"product_tag","embeddable":true,"href":"https:\/\/www.hediyepazar.com\/index.php?rest_route=%2Fwp%2Fv2%2Fproduct_tag&post=81995"}],"curies":[{"name":"wp","href":"https:\/\/api.w.org\/{rel}","templated":true}]}}