{"id":82021,"date":"2026-04-30T04:37:49","date_gmt":"2026-04-30T07:37:49","guid":{"rendered":"https:\/\/www.hediyepazar.com\/?product=cift-tarafli-kare-ayna"},"modified":"2026-04-30T04:37:49","modified_gmt":"2026-04-30T07:37:49","slug":"cift-tarafli-kare-ayna","status":"publish","type":"product","link":"https:\/\/www.hediyepazar.com\/?product=cift-tarafli-kare-ayna","title":{"rendered":"\u00c7ift Tarafl\u0131 Kare Ayna"},"content":{"rendered":"<table style=\"border-collapse:collapse; width:262pt; border:none\" width=\"349\">\n<colgroup>\n<col style=\"width:262pt\" width=\"349\" \/>\n\t<\/colgroup>\n<tbody>\n<tr height=\"20\" style=\"height:15.0pt\">\n<td height=\"20\" style=\"border:none; height:15.0pt; width:262pt; padding-top:1px; padding-right:1px; padding-left:1px; vertical-align:bottom; white-space:nowrap\" width=\"349\"><span style=\"font-size:11pt\"><span style=\"color:black\"><span style=\"font-weight:400\"><span style=\"font-style:normal\"><span style=\"text-decoration:none\"><span style=\"font-family:Calibri,sans-serif\">* &Ccedil;ift tarafl\u0131 b&uuml;y&uuml;tme &ouml;zelli\u011fine sahip makyaj aynas\u0131<br \/>\n\t\t\t* 1X yak\u0131nla\u015ft\u0131rma &ouml;zelli\u011fine sahiptir.<br \/>\n\t\t\t* 3X yak\u0131nla\u015ft\u0131rma &ouml;zelli\u011fine sahiptir.<br \/>\n\t\t\t* 360&deg; d&ouml;nd&uuml;rerek aynan\u0131n istedi\u011finiz y&uuml;z&uuml;n&uuml; kullanarak uygulama yapabilirsiniz.<br \/>\n\t\t\t* &Uuml;r&uuml;n &ouml;l&ccedil;&uuml;s&uuml; kutulu : 14.7 cm x 4.5 cm x 14.6 cm<br \/>\n\t\t\t* &Uuml;r&uuml;n a\u011f\u0131lr\u0131k kutulu :214 gr.<\/span><\/span><\/span><\/span><\/span><\/span><\/td>\n<\/tr>\n<\/tbody>\n<\/table>\n","protected":false},"excerpt":{"rendered":"<p>\u00c7ift Tarafl\u0131 Kare Ayna<\/p>\n","protected":false},"featured_media":82020,"comment_status":"open","ping_status":"closed","template":"","meta":{"_kad_post_transparent":"","_kad_post_title":"","_kad_post_layout":"","_kad_post_sidebar_id":"","_kad_post_content_style":"","_kad_post_vertical_padding":"","_kad_post_feature":"","_kad_post_feature_position":"","_kad_post_header":false,"_kad_post_footer":false,"_kad_post_classname":""},"product_brand":[],"product_cat":[682,557,621],"product_tag":[],"class_list":{"0":"post-82021","1":"product","2":"type-product","3":"status-publish","4":"has-post-thumbnail","6":"product_cat-ayna","7":"product_cat-ev-yasam","8":"product_cat-ev-dekorasyon","10":"first","11":"instock","12":"shipping-taxable","13":"purchasable","14":"product-type-simple","15":"entry","16":"content-bg","17":"loop-entry"},"_links":{"self":[{"href":"https:\/\/www.hediyepazar.com\/index.php?rest_route=\/wp\/v2\/product\/82021","targetHints":{"allow":["GET"]}}],"collection":[{"href":"https:\/\/www.hediyepazar.com\/index.php?rest_route=\/wp\/v2\/product"}],"about":[{"href":"https:\/\/www.hediyepazar.com\/index.php?rest_route=\/wp\/v2\/types\/product"}],"replies":[{"embeddable":true,"href":"https:\/\/www.hediyepazar.com\/index.php?rest_route=%2Fwp%2Fv2%2Fcomments&post=82021"}],"wp:featuredmedia":[{"embeddable":true,"href":"https:\/\/www.hediyepazar.com\/index.php?rest_route=\/wp\/v2\/media\/82020"}],"wp:attachment":[{"href":"https:\/\/www.hediyepazar.com\/index.php?rest_route=%2Fwp%2Fv2%2Fmedia&parent=82021"}],"wp:term":[{"taxonomy":"product_brand","embeddable":true,"href":"https:\/\/www.hediyepazar.com\/index.php?rest_route=%2Fwp%2Fv2%2Fproduct_brand&post=82021"},{"taxonomy":"product_cat","embeddable":true,"href":"https:\/\/www.hediyepazar.com\/index.php?rest_route=%2Fwp%2Fv2%2Fproduct_cat&post=82021"},{"taxonomy":"product_tag","embeddable":true,"href":"https:\/\/www.hediyepazar.com\/index.php?rest_route=%2Fwp%2Fv2%2Fproduct_tag&post=82021"}],"curies":[{"name":"wp","href":"https:\/\/api.w.org\/{rel}","templated":true}]}}