{"id":82033,"date":"2026-04-30T04:38:21","date_gmt":"2026-04-30T07:38:21","guid":{"rendered":"https:\/\/www.hediyepazar.com\/?product=deco-slim-cop-kovasi"},"modified":"2026-04-30T04:38:21","modified_gmt":"2026-04-30T07:38:21","slug":"deco-slim-cop-kovasi","status":"publish","type":"product","link":"https:\/\/www.hediyepazar.com\/?product=deco-slim-cop-kovasi","title":{"rendered":"Deco Slim \u00c7\u00f6p Kovas\u0131"},"content":{"rendered":"<table style=\"border-collapse:collapse; width:262pt; border:none\" width=\"349\">\n<colgroup>\n<col style=\"width:262pt\" width=\"349\" \/>\n\t<\/colgroup>\n<tbody>\n<tr height=\"40\" style=\"height:30.0pt\">\n<td class=\"xl65\" height=\"40\" style=\"border:none; height:30.0pt; width:262pt; white-space:normal; padding-top:1px; padding-right:1px; padding-left:1px; vertical-align:bottom\" width=\"349\"><span style=\"font-size:11pt\"><span style=\"color:black\"><span style=\"font-weight:400\"><span style=\"font-style:normal\"><span style=\"text-decoration:none\"><span style=\"font-family:Calibri,sans-serif\">Deco Slim &Ccedil;&ouml;p Kovas\u0131, mutfa\u011f\u0131n\u0131zda h\u0131zl\u0131 &ccedil;al\u0131\u015f\u0131rken, daha d&uuml;zenli olman\u0131za yard\u0131mc\u0131 oluyor.<\/span><\/span><\/span><\/span><\/span><\/span><\/td>\n<\/tr>\n<\/tbody>\n<\/table>\n","protected":false},"excerpt":{"rendered":"<p>Deco Slim \u00c7\u00f6p Kovas\u0131<\/p>\n","protected":false},"featured_media":82032,"comment_status":"open","ping_status":"closed","template":"","meta":{"_kad_post_transparent":"","_kad_post_title":"","_kad_post_layout":"","_kad_post_sidebar_id":"","_kad_post_content_style":"","_kad_post_vertical_padding":"","_kad_post_feature":"","_kad_post_feature_position":"","_kad_post_header":false,"_kad_post_footer":false,"_kad_post_classname":""},"product_brand":[],"product_cat":[571,570,605],"product_tag":[],"class_list":{"0":"post-82033","1":"product","2":"type-product","3":"status-publish","4":"has-post-thumbnail","6":"product_cat-ev-temizlik","7":"product_cat-supermarket","8":"product_cat-temizlik-gerecleri","10":"first","11":"instock","12":"shipping-taxable","13":"purchasable","14":"product-type-simple","15":"entry","16":"content-bg","17":"loop-entry"},"_links":{"self":[{"href":"https:\/\/www.hediyepazar.com\/index.php?rest_route=\/wp\/v2\/product\/82033","targetHints":{"allow":["GET"]}}],"collection":[{"href":"https:\/\/www.hediyepazar.com\/index.php?rest_route=\/wp\/v2\/product"}],"about":[{"href":"https:\/\/www.hediyepazar.com\/index.php?rest_route=\/wp\/v2\/types\/product"}],"replies":[{"embeddable":true,"href":"https:\/\/www.hediyepazar.com\/index.php?rest_route=%2Fwp%2Fv2%2Fcomments&post=82033"}],"wp:featuredmedia":[{"embeddable":true,"href":"https:\/\/www.hediyepazar.com\/index.php?rest_route=\/wp\/v2\/media\/82032"}],"wp:attachment":[{"href":"https:\/\/www.hediyepazar.com\/index.php?rest_route=%2Fwp%2Fv2%2Fmedia&parent=82033"}],"wp:term":[{"taxonomy":"product_brand","embeddable":true,"href":"https:\/\/www.hediyepazar.com\/index.php?rest_route=%2Fwp%2Fv2%2Fproduct_brand&post=82033"},{"taxonomy":"product_cat","embeddable":true,"href":"https:\/\/www.hediyepazar.com\/index.php?rest_route=%2Fwp%2Fv2%2Fproduct_cat&post=82033"},{"taxonomy":"product_tag","embeddable":true,"href":"https:\/\/www.hediyepazar.com\/index.php?rest_route=%2Fwp%2Fv2%2Fproduct_tag&post=82033"}],"curies":[{"name":"wp","href":"https:\/\/api.w.org\/{rel}","templated":true}]}}