{"id":82037,"date":"2026-04-30T04:38:31","date_gmt":"2026-04-30T07:38:31","guid":{"rendered":"https:\/\/www.hediyepazar.com\/?product=bebek-basamak"},"modified":"2026-04-30T04:38:31","modified_gmt":"2026-04-30T07:38:31","slug":"bebek-basamak","status":"publish","type":"product","link":"https:\/\/www.hediyepazar.com\/?product=bebek-basamak","title":{"rendered":"Bebek Basamak"},"content":{"rendered":"<table style=\"border-collapse:collapse; width:262pt; border:none\" width=\"349\">\n<colgroup>\n<col style=\"width:262pt\" width=\"349\" \/>\n\t<\/colgroup>\n<tbody>\n<tr height=\"20\" style=\"height:15.0pt\">\n<td height=\"20\" style=\"border:none; height:15.0pt; width:262pt; padding-top:1px; padding-right:1px; padding-left:1px; vertical-align:bottom; white-space:nowrap\" width=\"349\"><span style=\"font-size:11pt\"><span style=\"color:black\"><span style=\"font-weight:400\"><span style=\"font-style:normal\"><span style=\"text-decoration:none\"><span style=\"font-family:Calibri,sans-serif\">&ccedil;ocuklar\u0131n lavabo ve klozete ula\u015fmas\u0131n\u0131 sa\u011flayan ergonomik bir &uuml;r&uuml;n.<br \/>\n\t\t\t\u0131ki basamakl\u0131 yap\u0131s\u0131 ve 40 kg a\u011f\u0131rl\u0131k kapasitesiyle &ccedil;ocuklar\u0131n\u0131z g&uuml;venle kullanabilir.<br \/>\n\t\t\tbpa free &ouml;zelli\u011fi sayesinde sa\u011fl\u0131\u011fa zararl\u0131 madde i&ccedil;ermez ve &ccedil;ocuklar\u0131n\u0131z g&uuml;venle kullanabilir.<br \/>\n\t\t\tkaymaz kau&ccedil;uk ayaklar\u0131 sayesinde \u0131slak zeminlerde bile g&uuml;ven sa\u011flar.<\/span><\/span><\/span><\/span><\/span><\/span><\/td>\n<\/tr>\n<\/tbody>\n<\/table>\n","protected":false},"excerpt":{"rendered":"<p>Bebek Basamak<\/p>\n","protected":false},"featured_media":82036,"comment_status":"open","ping_status":"closed","template":"","meta":{"_kad_post_transparent":"","_kad_post_title":"","_kad_post_layout":"","_kad_post_sidebar_id":"","_kad_post_content_style":"","_kad_post_vertical_padding":"","_kad_post_feature":"","_kad_post_feature_position":"","_kad_post_header":false,"_kad_post_footer":false,"_kad_post_classname":""},"product_brand":[],"product_cat":[607,608,551],"product_tag":[],"class_list":{"0":"post-82037","1":"product","2":"type-product","3":"status-publish","4":"has-post-thumbnail","6":"product_cat-anne-bebek-cocuk","7":"product_cat-bebek-bakim","8":"product_cat-cocuk","10":"first","11":"instock","12":"shipping-taxable","13":"purchasable","14":"product-type-simple","15":"entry","16":"content-bg","17":"loop-entry"},"_links":{"self":[{"href":"https:\/\/www.hediyepazar.com\/index.php?rest_route=\/wp\/v2\/product\/82037","targetHints":{"allow":["GET"]}}],"collection":[{"href":"https:\/\/www.hediyepazar.com\/index.php?rest_route=\/wp\/v2\/product"}],"about":[{"href":"https:\/\/www.hediyepazar.com\/index.php?rest_route=\/wp\/v2\/types\/product"}],"replies":[{"embeddable":true,"href":"https:\/\/www.hediyepazar.com\/index.php?rest_route=%2Fwp%2Fv2%2Fcomments&post=82037"}],"wp:featuredmedia":[{"embeddable":true,"href":"https:\/\/www.hediyepazar.com\/index.php?rest_route=\/wp\/v2\/media\/82036"}],"wp:attachment":[{"href":"https:\/\/www.hediyepazar.com\/index.php?rest_route=%2Fwp%2Fv2%2Fmedia&parent=82037"}],"wp:term":[{"taxonomy":"product_brand","embeddable":true,"href":"https:\/\/www.hediyepazar.com\/index.php?rest_route=%2Fwp%2Fv2%2Fproduct_brand&post=82037"},{"taxonomy":"product_cat","embeddable":true,"href":"https:\/\/www.hediyepazar.com\/index.php?rest_route=%2Fwp%2Fv2%2Fproduct_cat&post=82037"},{"taxonomy":"product_tag","embeddable":true,"href":"https:\/\/www.hediyepazar.com\/index.php?rest_route=%2Fwp%2Fv2%2Fproduct_tag&post=82037"}],"curies":[{"name":"wp","href":"https:\/\/api.w.org\/{rel}","templated":true}]}}