{"id":82091,"date":"2026-04-30T04:41:33","date_gmt":"2026-04-30T07:41:33","guid":{"rendered":"https:\/\/www.hediyepazar.com\/?product=laptop-sehpasi-hobi-sehpasi-cok-amacli-sehpa"},"modified":"2026-04-30T04:41:33","modified_gmt":"2026-04-30T07:41:33","slug":"laptop-sehpasi-hobi-sehpasi-cok-amacli-sehpa","status":"publish","type":"product","link":"https:\/\/www.hediyepazar.com\/?product=laptop-sehpasi-hobi-sehpasi-cok-amacli-sehpa","title":{"rendered":"Laptop Sehpas\u0131 Hobi Sehpas\u0131 \u00c7ok Ama\u00e7l\u0131 Sehpa"},"content":{"rendered":"<table style=\"border-collapse:collapse; width:262pt; border:none\" width=\"349\">\n<colgroup>\n<col style=\"width:262pt\" width=\"349\" \/>\n\t<\/colgroup>\n<tbody>\n<tr height=\"20\" style=\"height:15.0pt\">\n<td height=\"20\" style=\"border:none; height:15.0pt; width:262pt; padding-top:1px; padding-right:1px; padding-left:1px; vertical-align:bottom; white-space:nowrap\" width=\"349\"><span style=\"font-size:11pt\"><span style=\"color:black\"><span style=\"font-weight:400\"><span style=\"font-style:normal\"><span style=\"text-decoration:none\"><span style=\"font-family:Calibri,sans-serif\">Kanepede, yatakta ve yerde laptop masas\u0131 &ccedil;ocuk yemek masas\u0131 ve &ccedil;al\u0131\u015fma masas\u0131 olarak kullan\u0131labilir.<br \/>\n\t\t\tKullan\u0131m\u0131 kolay ve pratiktir. &Uuml;r&uuml;n&uuml;m&uuml;z &ccedil;ok ama&ccedil;l\u0131d\u0131r. Temizli\u011fi basittir.<br \/>\n\t\t\tLaptop bilgisayarlar\u0131n diz &uuml;st&uuml;nde kullan\u0131m\u0131 zararl\u0131 olmas\u0131 nedeniyle bu masam\u0131z ile daha sa\u011fl\u0131kl\u0131<br \/>\n\t\t\tve rahat kullan\u0131m sa\u011flayabilirsiniz &Uuml;r&uuml;n&uuml;m&uuml;z sa\u011flam plastikten &uuml;retilmi\u015f olup sa\u011fl\u0131\u011fa herhangi bir zarar\u0131 yoktur.<br \/>\n\t\t\t&Ouml;l&ccedil;&uuml;ler: Eni 60 cm Geni\u015flik:30 cm Y&uuml;kseklik:20 cm<\/span><\/span><\/span><\/span><\/span><\/span><\/td>\n<\/tr>\n<\/tbody>\n<\/table>\n","protected":false},"excerpt":{"rendered":"<p>Laptop Sehpas\u0131 Hobi Sehpas\u0131 \u00c7ok Ama\u00e7l\u0131 Sehpa<\/p>\n","protected":false},"featured_media":82090,"comment_status":"open","ping_status":"closed","template":"","meta":{"_kad_post_transparent":"","_kad_post_title":"","_kad_post_layout":"","_kad_post_sidebar_id":"","_kad_post_content_style":"","_kad_post_vertical_padding":"","_kad_post_feature":"","_kad_post_feature_position":"","_kad_post_header":false,"_kad_post_footer":false,"_kad_post_classname":""},"product_brand":[],"product_cat":[557,603,666],"product_tag":[],"class_list":{"0":"post-82091","1":"product","2":"type-product","3":"status-publish","4":"has-post-thumbnail","6":"product_cat-ev-yasam","7":"product_cat-ev-gerecleri","8":"product_cat-pratik-ev-esyalari","10":"first","11":"instock","12":"shipping-taxable","13":"purchasable","14":"product-type-simple","15":"entry","16":"content-bg","17":"loop-entry"},"_links":{"self":[{"href":"https:\/\/www.hediyepazar.com\/index.php?rest_route=\/wp\/v2\/product\/82091","targetHints":{"allow":["GET"]}}],"collection":[{"href":"https:\/\/www.hediyepazar.com\/index.php?rest_route=\/wp\/v2\/product"}],"about":[{"href":"https:\/\/www.hediyepazar.com\/index.php?rest_route=\/wp\/v2\/types\/product"}],"replies":[{"embeddable":true,"href":"https:\/\/www.hediyepazar.com\/index.php?rest_route=%2Fwp%2Fv2%2Fcomments&post=82091"}],"wp:featuredmedia":[{"embeddable":true,"href":"https:\/\/www.hediyepazar.com\/index.php?rest_route=\/wp\/v2\/media\/82090"}],"wp:attachment":[{"href":"https:\/\/www.hediyepazar.com\/index.php?rest_route=%2Fwp%2Fv2%2Fmedia&parent=82091"}],"wp:term":[{"taxonomy":"product_brand","embeddable":true,"href":"https:\/\/www.hediyepazar.com\/index.php?rest_route=%2Fwp%2Fv2%2Fproduct_brand&post=82091"},{"taxonomy":"product_cat","embeddable":true,"href":"https:\/\/www.hediyepazar.com\/index.php?rest_route=%2Fwp%2Fv2%2Fproduct_cat&post=82091"},{"taxonomy":"product_tag","embeddable":true,"href":"https:\/\/www.hediyepazar.com\/index.php?rest_route=%2Fwp%2Fv2%2Fproduct_tag&post=82091"}],"curies":[{"name":"wp","href":"https:\/\/api.w.org\/{rel}","templated":true}]}}