{"id":82099,"date":"2026-04-30T04:42:06","date_gmt":"2026-04-30T07:42:06","guid":{"rendered":"https:\/\/www.hediyepazar.com\/?product=mercan-saksi-11-5x12-cm-0-70-lt"},"modified":"2026-04-30T04:42:06","modified_gmt":"2026-04-30T07:42:06","slug":"mercan-saksi-11-5x12-cm-0-70-lt","status":"publish","type":"product","link":"https:\/\/www.hediyepazar.com\/?product=mercan-saksi-11-5x12-cm-0-70-lt","title":{"rendered":"Mercan Saks\u0131 11.5&#215;12 Cm 0.70 Lt"},"content":{"rendered":"<table style=\"border-collapse:collapse; width:262pt; border:none\" width=\"349\">\n<colgroup>\n<col style=\"width:262pt\" width=\"349\" \/>\n\t<\/colgroup>\n<tbody>\n<tr height=\"20\" style=\"height:15.0pt\">\n<td height=\"20\" style=\"border:none; height:15.0pt; width:262pt; padding-top:1px; padding-right:1px; padding-left:1px; vertical-align:bottom; white-space:nowrap\" width=\"349\"><span style=\"font-size:11pt\"><span style=\"color:black\"><span style=\"font-weight:400\"><span style=\"font-style:normal\"><span style=\"text-decoration:none\"><span style=\"font-family:Calibri,sans-serif\">&Ccedil;ap: 11.5 cm Y&uuml;kseklik: 12 cm Hacim: 0.70 Lt Kakt&uuml;s ve sukulentler i&ccedil;in idealdir.<br \/>\n\t\t\tDeniz mercanlar\u0131ndan ilham alarak yeniden yorumlad\u0131\u011f\u0131m\u0131z mercan serisi,<br \/>\n\t\t\tSkulent, kakt&uuml;s ve &ccedil;i&ccedil;ekleriniz i&ccedil;in zarif bir saks\u0131 &uuml;r&uuml;n&uuml;d&uuml;r.<br \/>\n\t\t\t&Ouml;zel i&ccedil; taban\u0131 sayesinde bitkilerin kolay sulanmas\u0131n\u0131 sa\u011flar.&nbsp;<\/span><\/span><\/span><\/span><\/span><\/span><\/td>\n<\/tr>\n<\/tbody>\n<\/table>\n","protected":false},"excerpt":{"rendered":"<p>Mercan Saks\u0131 11.5&#215;12 Cm 0.70 Lt<\/p>\n","protected":false},"featured_media":82098,"comment_status":"open","ping_status":"closed","template":"","meta":{"_kad_post_transparent":"","_kad_post_title":"","_kad_post_layout":"","_kad_post_sidebar_id":"","_kad_post_content_style":"","_kad_post_vertical_padding":"","_kad_post_feature":"","_kad_post_feature_position":"","_kad_post_header":false,"_kad_post_footer":false,"_kad_post_classname":""},"product_brand":[],"product_cat":[638,678,557],"product_tag":[],"class_list":{"0":"post-82099","1":"product","2":"type-product","3":"status-publish","4":"has-post-thumbnail","6":"product_cat-bahce","7":"product_cat-cicek-bakimi-bitki-yetistirme","8":"product_cat-ev-yasam","10":"first","11":"instock","12":"shipping-taxable","13":"purchasable","14":"product-type-simple","15":"entry","16":"content-bg","17":"loop-entry"},"_links":{"self":[{"href":"https:\/\/www.hediyepazar.com\/index.php?rest_route=\/wp\/v2\/product\/82099","targetHints":{"allow":["GET"]}}],"collection":[{"href":"https:\/\/www.hediyepazar.com\/index.php?rest_route=\/wp\/v2\/product"}],"about":[{"href":"https:\/\/www.hediyepazar.com\/index.php?rest_route=\/wp\/v2\/types\/product"}],"replies":[{"embeddable":true,"href":"https:\/\/www.hediyepazar.com\/index.php?rest_route=%2Fwp%2Fv2%2Fcomments&post=82099"}],"wp:featuredmedia":[{"embeddable":true,"href":"https:\/\/www.hediyepazar.com\/index.php?rest_route=\/wp\/v2\/media\/82098"}],"wp:attachment":[{"href":"https:\/\/www.hediyepazar.com\/index.php?rest_route=%2Fwp%2Fv2%2Fmedia&parent=82099"}],"wp:term":[{"taxonomy":"product_brand","embeddable":true,"href":"https:\/\/www.hediyepazar.com\/index.php?rest_route=%2Fwp%2Fv2%2Fproduct_brand&post=82099"},{"taxonomy":"product_cat","embeddable":true,"href":"https:\/\/www.hediyepazar.com\/index.php?rest_route=%2Fwp%2Fv2%2Fproduct_cat&post=82099"},{"taxonomy":"product_tag","embeddable":true,"href":"https:\/\/www.hediyepazar.com\/index.php?rest_route=%2Fwp%2Fv2%2Fproduct_tag&post=82099"}],"curies":[{"name":"wp","href":"https:\/\/api.w.org\/{rel}","templated":true}]}}