{"id":82121,"date":"2026-04-30T04:44:04","date_gmt":"2026-04-30T07:44:04","guid":{"rendered":"https:\/\/www.hediyepazar.com\/?product=2630-koseli-tabure"},"modified":"2026-04-30T04:44:04","modified_gmt":"2026-04-30T07:44:04","slug":"2630-koseli-tabure","status":"publish","type":"product","link":"https:\/\/www.hediyepazar.com\/?product=2630-koseli-tabure","title":{"rendered":"26*30 K\u00f6\u015feli Tabure"},"content":{"rendered":"<table style=\"border-collapse:collapse; width:262pt; border:none\" width=\"349\">\n<colgroup>\n<col style=\"width:262pt\" width=\"349\" \/>\n\t<\/colgroup>\n<tbody>\n<tr height=\"140\" style=\"height:105.0pt\">\n<td class=\"xl65\" height=\"140\" style=\"border:none; height:105.0pt; width:262pt; white-space:normal; padding-top:1px; padding-right:1px; padding-left:1px; vertical-align:bottom\" width=\"349\"><span style=\"font-size:11pt\"><span style=\"color:black\"><span style=\"font-weight:400\"><span style=\"font-style:normal\"><span style=\"text-decoration:none\"><span style=\"font-family:Calibri,sans-serif\">Malzeme &ldquo;Plastik&quot;<br \/>\n\t\t\tEni &ldquo;26 cm&quot;<br \/>\n\t\t\tUzunluk &ldquo;30 cm&quot;<br \/>\n\t\t\tA\u011f\u0131rl\u0131k &ldquo;880 gram&quot;<br \/>\n\t\t\tDesign &ldquo;dikd&ouml;rtgen ve ortas\u0131 yuvarlak&quot;<br \/>\n\t\t\tHafif ve uygun fiyatl\u0131 bir &uuml;r&uuml;nd&uuml;r.<\/span><\/span><\/span><\/span><\/span><\/span><\/td>\n<\/tr>\n<\/tbody>\n<\/table>\n","protected":false},"excerpt":{"rendered":"<p>26*30 K\u00f6\u015feli Tabure<\/p>\n","protected":false},"featured_media":82120,"comment_status":"open","ping_status":"closed","template":"","meta":{"_kad_post_transparent":"","_kad_post_title":"","_kad_post_layout":"","_kad_post_sidebar_id":"","_kad_post_content_style":"","_kad_post_vertical_padding":"","_kad_post_feature":"","_kad_post_feature_position":"","_kad_post_header":false,"_kad_post_footer":false,"_kad_post_classname":""},"product_brand":[],"product_cat":[557,623,680],"product_tag":[],"class_list":{"0":"post-82121","1":"product","2":"type-product","3":"status-publish","4":"has-post-thumbnail","6":"product_cat-ev-yasam","7":"product_cat-mobilya","8":"product_cat-mutfak-banyo-mobilyasi","10":"first","11":"instock","12":"shipping-taxable","13":"purchasable","14":"product-type-simple","15":"entry","16":"content-bg","17":"loop-entry"},"_links":{"self":[{"href":"https:\/\/www.hediyepazar.com\/index.php?rest_route=\/wp\/v2\/product\/82121","targetHints":{"allow":["GET"]}}],"collection":[{"href":"https:\/\/www.hediyepazar.com\/index.php?rest_route=\/wp\/v2\/product"}],"about":[{"href":"https:\/\/www.hediyepazar.com\/index.php?rest_route=\/wp\/v2\/types\/product"}],"replies":[{"embeddable":true,"href":"https:\/\/www.hediyepazar.com\/index.php?rest_route=%2Fwp%2Fv2%2Fcomments&post=82121"}],"wp:featuredmedia":[{"embeddable":true,"href":"https:\/\/www.hediyepazar.com\/index.php?rest_route=\/wp\/v2\/media\/82120"}],"wp:attachment":[{"href":"https:\/\/www.hediyepazar.com\/index.php?rest_route=%2Fwp%2Fv2%2Fmedia&parent=82121"}],"wp:term":[{"taxonomy":"product_brand","embeddable":true,"href":"https:\/\/www.hediyepazar.com\/index.php?rest_route=%2Fwp%2Fv2%2Fproduct_brand&post=82121"},{"taxonomy":"product_cat","embeddable":true,"href":"https:\/\/www.hediyepazar.com\/index.php?rest_route=%2Fwp%2Fv2%2Fproduct_cat&post=82121"},{"taxonomy":"product_tag","embeddable":true,"href":"https:\/\/www.hediyepazar.com\/index.php?rest_route=%2Fwp%2Fv2%2Fproduct_tag&post=82121"}],"curies":[{"name":"wp","href":"https:\/\/api.w.org\/{rel}","templated":true}]}}