{"id":82129,"date":"2026-04-30T04:44:39","date_gmt":"2026-04-30T07:44:39","guid":{"rendered":"https:\/\/www.hediyepazar.com\/?product=lambiri-celik-ayna-aluminyum-ayakli-paslanmaz-yuvarlak-tabure"},"modified":"2026-04-30T04:44:39","modified_gmt":"2026-04-30T07:44:39","slug":"lambiri-celik-ayna-aluminyum-ayakli-paslanmaz-yuvarlak-tabure","status":"publish","type":"product","link":"https:\/\/www.hediyepazar.com\/?product=lambiri-celik-ayna-aluminyum-ayakli-paslanmaz-yuvarlak-tabure","title":{"rendered":"Lambiri \u00c7elik Ayna Al\u00fcminyum Ayakl\u0131 Paslanmaz Yuvarlak Tabure"},"content":{"rendered":"<table style=\"border-collapse:collapse; width:262pt; border:none\" width=\"349\">\n<colgroup>\n<col style=\"width:262pt\" width=\"349\" \/>\n\t<\/colgroup>\n<tbody>\n<tr height=\"20\" style=\"height:15.0pt\">\n<td height=\"20\" style=\"border:none; height:15.0pt; width:262pt; padding-top:1px; padding-right:1px; padding-left:1px; vertical-align:bottom; white-space:nowrap\" width=\"349\"><span style=\"font-size:11pt\"><span style=\"color:black\"><span style=\"font-weight:400\"><span style=\"font-style:normal\"><span style=\"text-decoration:none\"><span style=\"font-family:Calibri,sans-serif\">&Ccedil;elik Ayna Al&uuml;minyum Ayakl\u0131 Paslanmaz Lambiri Yuvarlak Tabure<br \/>\n\t\t\t-Max-120 KG Ta\u015f\u0131ma Kapasitesi. -Paslanmazl\u0131k Garantisi.<br \/>\n\t\t\t-Demonte Olarak G&ouml;nderimi Sa\u011flanacakt\u0131r. -\u015e\u0131k ve Kibar G&ouml;r&uuml;n&uuml;m.<br \/>\n\t\t\t-Kurulumu kolayd\u0131r(4Ad aya\u011f\u0131 yuvalar\u0131na takt\u0131ktan sonra tam olarak<br \/>\n\t\t\toturmas\u0131 i&ccedil;in zemine vurarak veya sert bir cisimle ayaklar\u0131 yuvas\u0131na oturtunuz)<\/span><\/span><\/span><\/span><\/span><\/span><\/td>\n<\/tr>\n<\/tbody>\n<\/table>\n","protected":false},"excerpt":{"rendered":"<p>Lambiri \u00c7elik Ayna Al\u00fcminyum Ayakl\u0131 Paslanmaz Yuvarlak Tabure<\/p>\n","protected":false},"featured_media":82128,"comment_status":"open","ping_status":"closed","template":"","meta":{"_kad_post_transparent":"","_kad_post_title":"","_kad_post_layout":"","_kad_post_sidebar_id":"","_kad_post_content_style":"","_kad_post_vertical_padding":"","_kad_post_feature":"","_kad_post_feature_position":"","_kad_post_header":false,"_kad_post_footer":false,"_kad_post_classname":""},"product_brand":[],"product_cat":[557,623,680],"product_tag":[],"class_list":{"0":"post-82129","1":"product","2":"type-product","3":"status-publish","4":"has-post-thumbnail","6":"product_cat-ev-yasam","7":"product_cat-mobilya","8":"product_cat-mutfak-banyo-mobilyasi","10":"first","11":"instock","12":"shipping-taxable","13":"purchasable","14":"product-type-simple","15":"entry","16":"content-bg","17":"loop-entry"},"_links":{"self":[{"href":"https:\/\/www.hediyepazar.com\/index.php?rest_route=\/wp\/v2\/product\/82129","targetHints":{"allow":["GET"]}}],"collection":[{"href":"https:\/\/www.hediyepazar.com\/index.php?rest_route=\/wp\/v2\/product"}],"about":[{"href":"https:\/\/www.hediyepazar.com\/index.php?rest_route=\/wp\/v2\/types\/product"}],"replies":[{"embeddable":true,"href":"https:\/\/www.hediyepazar.com\/index.php?rest_route=%2Fwp%2Fv2%2Fcomments&post=82129"}],"wp:featuredmedia":[{"embeddable":true,"href":"https:\/\/www.hediyepazar.com\/index.php?rest_route=\/wp\/v2\/media\/82128"}],"wp:attachment":[{"href":"https:\/\/www.hediyepazar.com\/index.php?rest_route=%2Fwp%2Fv2%2Fmedia&parent=82129"}],"wp:term":[{"taxonomy":"product_brand","embeddable":true,"href":"https:\/\/www.hediyepazar.com\/index.php?rest_route=%2Fwp%2Fv2%2Fproduct_brand&post=82129"},{"taxonomy":"product_cat","embeddable":true,"href":"https:\/\/www.hediyepazar.com\/index.php?rest_route=%2Fwp%2Fv2%2Fproduct_cat&post=82129"},{"taxonomy":"product_tag","embeddable":true,"href":"https:\/\/www.hediyepazar.com\/index.php?rest_route=%2Fwp%2Fv2%2Fproduct_tag&post=82129"}],"curies":[{"name":"wp","href":"https:\/\/api.w.org\/{rel}","templated":true}]}}