{"id":82133,"date":"2026-04-30T04:44:48","date_gmt":"2026-04-30T07:44:48","guid":{"rendered":"https:\/\/www.hediyepazar.com\/?product=shelf-unit-raf-unitesi"},"modified":"2026-04-30T04:44:48","modified_gmt":"2026-04-30T07:44:48","slug":"shelf-unit-raf-unitesi","status":"publish","type":"product","link":"https:\/\/www.hediyepazar.com\/?product=shelf-unit-raf-unitesi","title":{"rendered":"Shelf Unit Raf \u00dcnitesi"},"content":{"rendered":"<table style=\"border-collapse:collapse; width:262pt; border:none\" width=\"349\">\n<colgroup>\n<col style=\"width:262pt\" width=\"349\" \/>\n\t<\/colgroup>\n<tbody>\n<tr height=\"20\" style=\"height:15.0pt\">\n<td height=\"20\" style=\"border:none; height:15.0pt; width:262pt; padding-top:1px; padding-right:1px; padding-left:1px; vertical-align:bottom; white-space:nowrap\" width=\"349\"><span style=\"font-size:11pt\"><span style=\"color:black\"><span style=\"font-weight:400\"><span style=\"font-style:normal\"><span style=\"text-decoration:none\"><span style=\"font-family:Calibri,sans-serif\">Ebatlar geni\u015flik: 36 cm derinlik: 23 cm ,raflar aras\u0131 mesafe: 30 cm ,y&uuml;ksekli\u011fi 100 cm&#39;dir.<br \/>\n\t\t\tBanyo ,mutfak, balkon ve &ccedil;e\u015fitli alanlarda d&uuml;zenleyici olarak kullan\u0131ma uygundur.<br \/>\n\t\t\tKaliteli hammaddeden imal edilmi\u015f olup kullanmay\u0131 d&uuml;\u015f&uuml;nd&uuml;\u011f&uuml;n&uuml;z alanlarda uzun s&uuml;re kullan\u0131ma sahiptir.<br \/>\n\t\t\tRaf &uuml;nitesini, herhangi bir alet olmadan birbirine ge&ccedil;me sistemiyle h\u0131zl\u0131 ve kolayca monte edebilirsiniz.<br \/>\n\t\t\tRaf\u0131n y&uuml;ksek kenarlar\u0131 sayesinde &ccedil;e\u015fitli malzemelerinizi rahat bir \u015fekilde d&uuml;zenlemenize olanak sa\u011flar.<br \/>\n\t\t\tKal\u0131n malzemeden imal edildi\u011fi i&ccedil;in dayan\u0131kl\u0131d\u0131r.<\/span><\/span><\/span><\/span><\/span><\/span><\/td>\n<\/tr>\n<\/tbody>\n<\/table>\n","protected":false},"excerpt":{"rendered":"<p>Shelf Unit Raf \u00dcnitesi<\/p>\n","protected":false},"featured_media":82132,"comment_status":"open","ping_status":"closed","template":"","meta":{"_kad_post_transparent":"","_kad_post_title":"","_kad_post_layout":"","_kad_post_sidebar_id":"","_kad_post_content_style":"","_kad_post_vertical_padding":"","_kad_post_feature":"","_kad_post_feature_position":"","_kad_post_header":false,"_kad_post_footer":false,"_kad_post_classname":""},"product_brand":[],"product_cat":[611,612,557],"product_tag":[],"class_list":{"0":"post-82133","1":"product","2":"type-product","3":"status-publish","4":"has-post-thumbnail","6":"product_cat-banyo","7":"product_cat-banyo-aksesuarlari","8":"product_cat-ev-yasam","10":"first","11":"instock","12":"shipping-taxable","13":"purchasable","14":"product-type-simple","15":"entry","16":"content-bg","17":"loop-entry"},"_links":{"self":[{"href":"https:\/\/www.hediyepazar.com\/index.php?rest_route=\/wp\/v2\/product\/82133","targetHints":{"allow":["GET"]}}],"collection":[{"href":"https:\/\/www.hediyepazar.com\/index.php?rest_route=\/wp\/v2\/product"}],"about":[{"href":"https:\/\/www.hediyepazar.com\/index.php?rest_route=\/wp\/v2\/types\/product"}],"replies":[{"embeddable":true,"href":"https:\/\/www.hediyepazar.com\/index.php?rest_route=%2Fwp%2Fv2%2Fcomments&post=82133"}],"wp:featuredmedia":[{"embeddable":true,"href":"https:\/\/www.hediyepazar.com\/index.php?rest_route=\/wp\/v2\/media\/82132"}],"wp:attachment":[{"href":"https:\/\/www.hediyepazar.com\/index.php?rest_route=%2Fwp%2Fv2%2Fmedia&parent=82133"}],"wp:term":[{"taxonomy":"product_brand","embeddable":true,"href":"https:\/\/www.hediyepazar.com\/index.php?rest_route=%2Fwp%2Fv2%2Fproduct_brand&post=82133"},{"taxonomy":"product_cat","embeddable":true,"href":"https:\/\/www.hediyepazar.com\/index.php?rest_route=%2Fwp%2Fv2%2Fproduct_cat&post=82133"},{"taxonomy":"product_tag","embeddable":true,"href":"https:\/\/www.hediyepazar.com\/index.php?rest_route=%2Fwp%2Fv2%2Fproduct_tag&post=82133"}],"curies":[{"name":"wp","href":"https:\/\/api.w.org\/{rel}","templated":true}]}}