{"id":82151,"date":"2026-04-30T04:46:08","date_gmt":"2026-04-30T07:46:08","guid":{"rendered":"https:\/\/www.hediyepazar.com\/?product=bambu-kesme-tahtasi-24x34-cm"},"modified":"2026-04-30T04:46:08","modified_gmt":"2026-04-30T07:46:08","slug":"bambu-kesme-tahtasi-24x34-cm","status":"publish","type":"product","link":"https:\/\/www.hediyepazar.com\/?product=bambu-kesme-tahtasi-24x34-cm","title":{"rendered":"Bambu Kesme Tahtas\u0131 (24&#215;34 cm)"},"content":{"rendered":"<table style=\"border-collapse:collapse; width:262pt; border:none\" width=\"349\">\n<colgroup>\n<col style=\"width:262pt\" width=\"349\" \/>\n\t<\/colgroup>\n<tbody>\n<tr height=\"240\" style=\"height:180.0pt\">\n<td class=\"xl65\" height=\"240\" style=\"border:none; height:180.0pt; width:262pt; white-space:normal; padding-top:1px; padding-right:1px; padding-left:1px; vertical-align:bottom\" width=\"349\"><span style=\"font-size:11pt\"><span style=\"color:black\"><span style=\"font-weight:400\"><span style=\"font-style:normal\"><span style=\"text-decoration:none\"><span style=\"font-family:Calibri,sans-serif\">Materyal %100 Bambu<br \/>\n\t\t\tRenk Naturel<br \/>\n\t\t\t&nbsp;&Uuml;t&uuml; Yap\u0131lamaz<br \/>\n\t\t\t&nbsp;Makinada Y\u0131kanamaz<br \/>\n\t\t\t&nbsp;Kurutma Makinesine At\u0131lamaz<br \/>\n\t\t\t&nbsp;Elde Y\u0131kama Yap\u0131lamaz<br \/>\n\t\t\t&nbsp;Kuru Temizleme Yap\u0131lamaz<br \/>\n\t\t\t&nbsp;&Ccedil;ama\u015f\u0131r Suyu\/A\u011fart\u0131c\u0131 Kullan\u0131lamaz<br \/>\n\t\t\t&nbsp;Bula\u015f\u0131k Makinesinde Y\u0131kanamaz<br \/>\n\t\t\t&nbsp;F\u0131r\u0131na At\u0131lamaz<br \/>\n\t\t\t&nbsp;Mikrodalga F\u0131r\u0131na At\u0131lamaz<\/span><\/span><\/span><\/span><\/span><\/span><\/td>\n<\/tr>\n<\/tbody>\n<\/table>\n","protected":false},"excerpt":{"rendered":"<p>Bambu Kesme Tahtas\u0131 (24&#215;34 cm)<\/p>\n","protected":false},"featured_media":82150,"comment_status":"open","ping_status":"closed","template":"","meta":{"_kad_post_transparent":"","_kad_post_title":"","_kad_post_layout":"","_kad_post_sidebar_id":"","_kad_post_content_style":"","_kad_post_vertical_padding":"","_kad_post_feature":"","_kad_post_feature_position":"","_kad_post_header":false,"_kad_post_footer":false,"_kad_post_classname":""},"product_brand":[],"product_cat":[557,558,560],"product_tag":[],"class_list":{"0":"post-82151","1":"product","2":"type-product","3":"status-publish","4":"has-post-thumbnail","6":"product_cat-ev-yasam","7":"product_cat-sofra-mutfak-2","8":"product_cat-yemek-hazirlik","10":"first","11":"instock","12":"shipping-taxable","13":"purchasable","14":"product-type-simple","15":"entry","16":"content-bg","17":"loop-entry"},"_links":{"self":[{"href":"https:\/\/www.hediyepazar.com\/index.php?rest_route=\/wp\/v2\/product\/82151","targetHints":{"allow":["GET"]}}],"collection":[{"href":"https:\/\/www.hediyepazar.com\/index.php?rest_route=\/wp\/v2\/product"}],"about":[{"href":"https:\/\/www.hediyepazar.com\/index.php?rest_route=\/wp\/v2\/types\/product"}],"replies":[{"embeddable":true,"href":"https:\/\/www.hediyepazar.com\/index.php?rest_route=%2Fwp%2Fv2%2Fcomments&post=82151"}],"wp:featuredmedia":[{"embeddable":true,"href":"https:\/\/www.hediyepazar.com\/index.php?rest_route=\/wp\/v2\/media\/82150"}],"wp:attachment":[{"href":"https:\/\/www.hediyepazar.com\/index.php?rest_route=%2Fwp%2Fv2%2Fmedia&parent=82151"}],"wp:term":[{"taxonomy":"product_brand","embeddable":true,"href":"https:\/\/www.hediyepazar.com\/index.php?rest_route=%2Fwp%2Fv2%2Fproduct_brand&post=82151"},{"taxonomy":"product_cat","embeddable":true,"href":"https:\/\/www.hediyepazar.com\/index.php?rest_route=%2Fwp%2Fv2%2Fproduct_cat&post=82151"},{"taxonomy":"product_tag","embeddable":true,"href":"https:\/\/www.hediyepazar.com\/index.php?rest_route=%2Fwp%2Fv2%2Fproduct_tag&post=82151"}],"curies":[{"name":"wp","href":"https:\/\/api.w.org\/{rel}","templated":true}]}}