{"id":82161,"date":"2026-04-30T04:47:04","date_gmt":"2026-04-30T07:47:04","guid":{"rendered":"https:\/\/www.hediyepazar.com\/?product=duo-deterjan-hazneli-camsil"},"modified":"2026-04-30T04:47:04","modified_gmt":"2026-04-30T07:47:04","slug":"duo-deterjan-hazneli-camsil","status":"publish","type":"product","link":"https:\/\/www.hediyepazar.com\/?product=duo-deterjan-hazneli-camsil","title":{"rendered":"Duo Deterjan Hazneli Camsil"},"content":{"rendered":"<table style=\"border-collapse:collapse; width:262pt; border:none\" width=\"349\">\n<colgroup>\n<col style=\"width:262pt\" width=\"349\" \/>\n\t<\/colgroup>\n<tbody>\n<tr height=\"20\" style=\"height:15.0pt\">\n<td height=\"20\" style=\"border:none; height:15.0pt; width:262pt; padding-top:1px; padding-right:1px; padding-left:1px; vertical-align:bottom; white-space:nowrap\" width=\"349\"><span style=\"font-size:11pt\"><span style=\"color:black\"><span style=\"font-weight:400\"><span style=\"font-style:normal\"><span style=\"text-decoration:none\"><span style=\"font-family:Calibri,sans-serif\">Camsil &uuml;r&uuml;nleri ile camlar\u0131n\u0131z\u0131n kusursuz bir \u015fekilde temizlenmesini sa\u011flayabilirsiniz.<br \/>\n\t\t\tSon derece kaliteli ve g&uuml;venilir bir yap\u0131ya sahip olan camsiller temizli\u011finizi kolay bir hale d&ouml;n&uuml;\u015ft&uuml;r&uuml;yor.<br \/>\n\t\t\tSpreyi ve bezi bir arada olan bu &uuml;r&uuml;nler ile pratik bir \u015fekilde temizlik yapabilmek m&uuml;mk&uuml;n hale geliyor.<br \/>\n\t\t\tSiz de cam silme i\u015fini sevmiyor ve &ccedil;ok daha pratik bir hale getirmek istiyorsan\u0131z duo camsili tercih edebilirsiniz.<\/span><\/span><\/span><\/span><\/span><\/span><\/td>\n<\/tr>\n<\/tbody>\n<\/table>\n","protected":false},"excerpt":{"rendered":"<p>Duo Deterjan Hazneli Camsil<\/p>\n","protected":false},"featured_media":82160,"comment_status":"open","ping_status":"closed","template":"","meta":{"_kad_post_transparent":"","_kad_post_title":"","_kad_post_layout":"","_kad_post_sidebar_id":"","_kad_post_content_style":"","_kad_post_vertical_padding":"","_kad_post_feature":"","_kad_post_feature_position":"","_kad_post_header":false,"_kad_post_footer":false,"_kad_post_classname":""},"product_brand":[],"product_cat":[557,603,618],"product_tag":[],"class_list":{"0":"post-82161","1":"product","2":"type-product","3":"status-publish","4":"has-post-thumbnail","6":"product_cat-ev-yasam","7":"product_cat-ev-gerecleri","8":"product_cat-pratik-temizlik-gerecleri","10":"first","11":"instock","12":"shipping-taxable","13":"purchasable","14":"product-type-simple","15":"entry","16":"content-bg","17":"loop-entry"},"_links":{"self":[{"href":"https:\/\/www.hediyepazar.com\/index.php?rest_route=\/wp\/v2\/product\/82161","targetHints":{"allow":["GET"]}}],"collection":[{"href":"https:\/\/www.hediyepazar.com\/index.php?rest_route=\/wp\/v2\/product"}],"about":[{"href":"https:\/\/www.hediyepazar.com\/index.php?rest_route=\/wp\/v2\/types\/product"}],"replies":[{"embeddable":true,"href":"https:\/\/www.hediyepazar.com\/index.php?rest_route=%2Fwp%2Fv2%2Fcomments&post=82161"}],"wp:featuredmedia":[{"embeddable":true,"href":"https:\/\/www.hediyepazar.com\/index.php?rest_route=\/wp\/v2\/media\/82160"}],"wp:attachment":[{"href":"https:\/\/www.hediyepazar.com\/index.php?rest_route=%2Fwp%2Fv2%2Fmedia&parent=82161"}],"wp:term":[{"taxonomy":"product_brand","embeddable":true,"href":"https:\/\/www.hediyepazar.com\/index.php?rest_route=%2Fwp%2Fv2%2Fproduct_brand&post=82161"},{"taxonomy":"product_cat","embeddable":true,"href":"https:\/\/www.hediyepazar.com\/index.php?rest_route=%2Fwp%2Fv2%2Fproduct_cat&post=82161"},{"taxonomy":"product_tag","embeddable":true,"href":"https:\/\/www.hediyepazar.com\/index.php?rest_route=%2Fwp%2Fv2%2Fproduct_tag&post=82161"}],"curies":[{"name":"wp","href":"https:\/\/api.w.org\/{rel}","templated":true}]}}