{"id":82209,"date":"2026-04-30T04:50:16","date_gmt":"2026-04-30T07:50:16","guid":{"rendered":"https:\/\/www.hediyepazar.com\/?product=celik-hamur-ruleti-2li-pizza-hamur-kesici"},"modified":"2026-04-30T04:50:16","modified_gmt":"2026-04-30T07:50:16","slug":"celik-hamur-ruleti-2li-pizza-hamur-kesici","status":"publish","type":"product","link":"https:\/\/www.hediyepazar.com\/?product=celik-hamur-ruleti-2li-pizza-hamur-kesici","title":{"rendered":"\u00c7elik Hamur Ruleti 2&#8217;li Pizza Hamur Kesici"},"content":{"rendered":"<p>&Ccedil;elik Hamur Ruleti 2&#39;li Pizza Hamur Kesici<br \/>\nHamur ruleti sayesinde hamurlar\u0131n\u0131z\u0131 d&uuml;zg&uuml;n ve pratik \u015fekilde kesebilirsiniz.<br \/>\n2 farkl\u0131 b\u0131&ccedil;a\u011f\u0131 vard\u0131r.<br \/>\nB\u0131&ccedil;aklar, paslanmaz &ccedil;elikten &uuml;retilmi\u015ftir.<br \/>\nUzunluk=15 cm.<br \/>\n&nbsp;<\/p>\n","protected":false},"excerpt":{"rendered":"<p>\u00c7elik Hamur Ruleti 2&#8217;li Pizza Hamur Kesici<\/p>\n","protected":false},"featured_media":82208,"comment_status":"open","ping_status":"closed","template":"","meta":{"_kad_post_transparent":"","_kad_post_title":"","_kad_post_layout":"","_kad_post_sidebar_id":"","_kad_post_content_style":"","_kad_post_vertical_padding":"","_kad_post_feature":"","_kad_post_feature_position":"","_kad_post_header":false,"_kad_post_footer":false,"_kad_post_classname":""},"product_brand":[],"product_cat":[557,558,560],"product_tag":[],"class_list":{"0":"post-82209","1":"product","2":"type-product","3":"status-publish","4":"has-post-thumbnail","6":"product_cat-ev-yasam","7":"product_cat-sofra-mutfak-2","8":"product_cat-yemek-hazirlik","10":"first","11":"instock","12":"shipping-taxable","13":"purchasable","14":"product-type-simple","15":"entry","16":"content-bg","17":"loop-entry"},"_links":{"self":[{"href":"https:\/\/www.hediyepazar.com\/index.php?rest_route=\/wp\/v2\/product\/82209","targetHints":{"allow":["GET"]}}],"collection":[{"href":"https:\/\/www.hediyepazar.com\/index.php?rest_route=\/wp\/v2\/product"}],"about":[{"href":"https:\/\/www.hediyepazar.com\/index.php?rest_route=\/wp\/v2\/types\/product"}],"replies":[{"embeddable":true,"href":"https:\/\/www.hediyepazar.com\/index.php?rest_route=%2Fwp%2Fv2%2Fcomments&post=82209"}],"wp:featuredmedia":[{"embeddable":true,"href":"https:\/\/www.hediyepazar.com\/index.php?rest_route=\/wp\/v2\/media\/82208"}],"wp:attachment":[{"href":"https:\/\/www.hediyepazar.com\/index.php?rest_route=%2Fwp%2Fv2%2Fmedia&parent=82209"}],"wp:term":[{"taxonomy":"product_brand","embeddable":true,"href":"https:\/\/www.hediyepazar.com\/index.php?rest_route=%2Fwp%2Fv2%2Fproduct_brand&post=82209"},{"taxonomy":"product_cat","embeddable":true,"href":"https:\/\/www.hediyepazar.com\/index.php?rest_route=%2Fwp%2Fv2%2Fproduct_cat&post=82209"},{"taxonomy":"product_tag","embeddable":true,"href":"https:\/\/www.hediyepazar.com\/index.php?rest_route=%2Fwp%2Fv2%2Fproduct_tag&post=82209"}],"curies":[{"name":"wp","href":"https:\/\/api.w.org\/{rel}","templated":true}]}}