{"id":82223,"date":"2026-04-30T04:51:15","date_gmt":"2026-04-30T07:51:15","guid":{"rendered":"https:\/\/www.hediyepazar.com\/?product=flora-f367-trendy-bulasik-fircasi"},"modified":"2026-04-30T04:51:15","modified_gmt":"2026-04-30T07:51:15","slug":"flora-f367-trendy-bulasik-fircasi","status":"publish","type":"product","link":"https:\/\/www.hediyepazar.com\/?product=flora-f367-trendy-bulasik-fircasi","title":{"rendered":"Flora F367 Trendy Bula\u015f\u0131k F\u0131r\u00e7as\u0131"},"content":{"rendered":"<table style=\"border-collapse:collapse; width:262pt; border:none\" width=\"349\">\n<colgroup>\n<col style=\"width:262pt\" width=\"349\" \/>\n\t<\/colgroup>\n<tbody>\n<tr height=\"260\" style=\"height:195.0pt\">\n<td class=\"xl65\" height=\"260\" style=\"border:none; height:195.0pt; width:262pt; white-space:normal; padding-top:1px; padding-right:1px; padding-left:1px; vertical-align:bottom\" width=\"349\"><span style=\"font-size:11pt\"><span style=\"color:black\"><span style=\"font-weight:400\"><span style=\"font-style:normal\"><span style=\"text-decoration:none\"><span style=\"font-family:Calibri,sans-serif\">Flora F367 Trendy Bula\u015f\u0131k F\u0131r&ccedil;as\u0131<br \/>\n\t\t\t&Uuml;R&Uuml;N \u0130&Ccedil;ER\u0130K B\u0130LG\u0130LER\u0130<br \/>\n\t\t\tTek par&ccedil;a &uuml;r&uuml;nden olu\u015fan %100 yerli &uuml;retimi mutfak ve banyo aksesuarlar\u0131 mutfak ve banyo temizli\u011finde en iyi yard\u0131mc\u0131n\u0131z olacakt\u0131r. Trendy bula\u015f\u0131k f\u0131r&ccedil;as\u0131 ile kirli bula\u015f\u0131klar\u0131n\u0131z\u0131 zahmetsizce temizleyebilirsiniz. Ayn\u0131 zamanda mutfak lavabonuzu da bula\u015f\u0131ktan sonra f\u0131r&ccedil;alayarak daha hijyenik hale getirebilirsiniz.<\/p>\n<p>\t\t\t&Uuml;r&uuml;n &Ouml;l&ccedil;&uuml;leri:<br \/>\n\t\t\tStandart<br \/>\n\t\t\tPlastik<br \/>\n\t\t\t1 Adet Trendy Bula\u015f\u0131k F\u0131r&ccedil;as\u0131<\/span><\/span><\/span><\/span><\/span><\/span><\/td>\n<\/tr>\n<\/tbody>\n<\/table>\n","protected":false},"excerpt":{"rendered":"<p>Flora F367 Trendy Bula\u015f\u0131k F\u0131r\u00e7as\u0131<\/p>\n","protected":false},"featured_media":82222,"comment_status":"open","ping_status":"closed","template":"","meta":{"_kad_post_transparent":"","_kad_post_title":"","_kad_post_layout":"","_kad_post_sidebar_id":"","_kad_post_content_style":"","_kad_post_vertical_padding":"","_kad_post_feature":"","_kad_post_feature_position":"","_kad_post_header":false,"_kad_post_footer":false,"_kad_post_classname":""},"product_brand":[],"product_cat":[557,603,618],"product_tag":[],"class_list":{"0":"post-82223","1":"product","2":"type-product","3":"status-publish","4":"has-post-thumbnail","6":"product_cat-ev-yasam","7":"product_cat-ev-gerecleri","8":"product_cat-pratik-temizlik-gerecleri","10":"first","11":"instock","12":"shipping-taxable","13":"purchasable","14":"product-type-simple","15":"entry","16":"content-bg","17":"loop-entry"},"_links":{"self":[{"href":"https:\/\/www.hediyepazar.com\/index.php?rest_route=\/wp\/v2\/product\/82223","targetHints":{"allow":["GET"]}}],"collection":[{"href":"https:\/\/www.hediyepazar.com\/index.php?rest_route=\/wp\/v2\/product"}],"about":[{"href":"https:\/\/www.hediyepazar.com\/index.php?rest_route=\/wp\/v2\/types\/product"}],"replies":[{"embeddable":true,"href":"https:\/\/www.hediyepazar.com\/index.php?rest_route=%2Fwp%2Fv2%2Fcomments&post=82223"}],"wp:featuredmedia":[{"embeddable":true,"href":"https:\/\/www.hediyepazar.com\/index.php?rest_route=\/wp\/v2\/media\/82222"}],"wp:attachment":[{"href":"https:\/\/www.hediyepazar.com\/index.php?rest_route=%2Fwp%2Fv2%2Fmedia&parent=82223"}],"wp:term":[{"taxonomy":"product_brand","embeddable":true,"href":"https:\/\/www.hediyepazar.com\/index.php?rest_route=%2Fwp%2Fv2%2Fproduct_brand&post=82223"},{"taxonomy":"product_cat","embeddable":true,"href":"https:\/\/www.hediyepazar.com\/index.php?rest_route=%2Fwp%2Fv2%2Fproduct_cat&post=82223"},{"taxonomy":"product_tag","embeddable":true,"href":"https:\/\/www.hediyepazar.com\/index.php?rest_route=%2Fwp%2Fv2%2Fproduct_tag&post=82223"}],"curies":[{"name":"wp","href":"https:\/\/api.w.org\/{rel}","templated":true}]}}