{"id":82235,"date":"2026-04-30T04:52:09","date_gmt":"2026-04-30T07:52:09","guid":{"rendered":"https:\/\/www.hediyepazar.com\/?product=alize-kare-bulasik-fircasi-akbf395"},"modified":"2026-04-30T04:52:09","modified_gmt":"2026-04-30T07:52:09","slug":"alize-kare-bulasik-fircasi-akbf395","status":"publish","type":"product","link":"https:\/\/www.hediyepazar.com\/?product=alize-kare-bulasik-fircasi-akbf395","title":{"rendered":"Alize Kare Bula\u015f\u0131k F\u0131r\u00e7as\u0131 Akbf395"},"content":{"rendered":"<table style=\"border-collapse:collapse; width:262pt; border:none\" width=\"349\">\n<colgroup>\n<col style=\"width:262pt\" width=\"349\" \/>\n\t<\/colgroup>\n<tbody>\n<tr height=\"20\" style=\"height:15.0pt\">\n<td height=\"20\" style=\"border:none; height:15.0pt; width:262pt; padding-top:1px; padding-right:1px; padding-left:1px; vertical-align:bottom; white-space:nowrap\" width=\"349\"><span style=\"font-size:11pt\"><span style=\"color:black\"><span style=\"font-weight:400\"><span style=\"font-style:normal\"><span style=\"text-decoration:none\"><span style=\"font-family:Calibri,sans-serif\">Bula\u015f\u0131k F\u0131r&ccedil;as\u0131, zorlu bula\u015f\u0131k temizli\u011finde hep yan\u0131n\u0131zda.<br \/>\n\t\t\tErgonomik yap\u0131s\u0131yla kullan\u0131\u015fl\u0131 ve pratiktir.<br \/>\n\t\t\tS\u0131cak suda bekletti\u011finiz zorlu yemek art\u0131klar\u0131ndan k\u0131l yap\u0131s\u0131 sayesinde kolayl\u0131kla kurtulabilirsiniz.<br \/>\n\t\t\tBula\u015f\u0131klar makineye at\u0131lmaya haz\u0131r.<\/span><\/span><\/span><\/span><\/span><\/span><\/td>\n<\/tr>\n<\/tbody>\n<\/table>\n","protected":false},"excerpt":{"rendered":"<p>Alize Kare Bula\u015f\u0131k F\u0131r\u00e7as\u0131 Akbf395<\/p>\n","protected":false},"featured_media":82234,"comment_status":"open","ping_status":"closed","template":"","meta":{"_kad_post_transparent":"","_kad_post_title":"","_kad_post_layout":"","_kad_post_sidebar_id":"","_kad_post_content_style":"","_kad_post_vertical_padding":"","_kad_post_feature":"","_kad_post_feature_position":"","_kad_post_header":false,"_kad_post_footer":false,"_kad_post_classname":""},"product_brand":[],"product_cat":[557,603,618],"product_tag":[],"class_list":{"0":"post-82235","1":"product","2":"type-product","3":"status-publish","4":"has-post-thumbnail","6":"product_cat-ev-yasam","7":"product_cat-ev-gerecleri","8":"product_cat-pratik-temizlik-gerecleri","10":"first","11":"instock","12":"shipping-taxable","13":"purchasable","14":"product-type-simple","15":"entry","16":"content-bg","17":"loop-entry"},"_links":{"self":[{"href":"https:\/\/www.hediyepazar.com\/index.php?rest_route=\/wp\/v2\/product\/82235","targetHints":{"allow":["GET"]}}],"collection":[{"href":"https:\/\/www.hediyepazar.com\/index.php?rest_route=\/wp\/v2\/product"}],"about":[{"href":"https:\/\/www.hediyepazar.com\/index.php?rest_route=\/wp\/v2\/types\/product"}],"replies":[{"embeddable":true,"href":"https:\/\/www.hediyepazar.com\/index.php?rest_route=%2Fwp%2Fv2%2Fcomments&post=82235"}],"wp:featuredmedia":[{"embeddable":true,"href":"https:\/\/www.hediyepazar.com\/index.php?rest_route=\/wp\/v2\/media\/82234"}],"wp:attachment":[{"href":"https:\/\/www.hediyepazar.com\/index.php?rest_route=%2Fwp%2Fv2%2Fmedia&parent=82235"}],"wp:term":[{"taxonomy":"product_brand","embeddable":true,"href":"https:\/\/www.hediyepazar.com\/index.php?rest_route=%2Fwp%2Fv2%2Fproduct_brand&post=82235"},{"taxonomy":"product_cat","embeddable":true,"href":"https:\/\/www.hediyepazar.com\/index.php?rest_route=%2Fwp%2Fv2%2Fproduct_cat&post=82235"},{"taxonomy":"product_tag","embeddable":true,"href":"https:\/\/www.hediyepazar.com\/index.php?rest_route=%2Fwp%2Fv2%2Fproduct_tag&post=82235"}],"curies":[{"name":"wp","href":"https:\/\/api.w.org\/{rel}","templated":true}]}}