{"id":82267,"date":"2026-04-30T04:55:02","date_gmt":"2026-04-30T07:55:02","guid":{"rendered":"https:\/\/www.hediyepazar.com\/?product=titiz-kat-kat-sepet-organizer-no3-beyaz-tp-749"},"modified":"2026-04-30T04:55:02","modified_gmt":"2026-04-30T07:55:02","slug":"titiz-kat-kat-sepet-organizer-no3-beyaz-tp-749","status":"publish","type":"product","link":"https:\/\/www.hediyepazar.com\/?product=titiz-kat-kat-sepet-organizer-no3-beyaz-tp-749","title":{"rendered":"Titiz Kat Kat Sepet Organizer No:3 Beyaz TP-749"},"content":{"rendered":"<table style=\"border-collapse:collapse; width:262pt; border:none\" width=\"349\">\n<colgroup>\n<col style=\"width:262pt\" width=\"349\" \/>\n\t<\/colgroup>\n<tbody>\n<tr height=\"320\" style=\"height:240.0pt\">\n<td class=\"xl63\" height=\"320\" style=\"border:none; height:240.0pt; width:262pt; white-space:normal; padding-top:1px; padding-right:1px; padding-left:1px; vertical-align:bottom\" width=\"349\"><span style=\"font-size:11pt\"><span style=\"color:black\"><span style=\"font-weight:400\"><span style=\"font-style:normal\"><span style=\"text-decoration:none\"><span style=\"font-family:Calibri,sans-serif\">&Uuml;r&uuml;n Detaylar\u0131<br \/>\n\t\t\tTitiz Kat Kat Sepet Organizer No:3 Beyaz Tp-749<br \/>\n\t\t\t&Uuml;r&uuml;n &Ouml;l&ccedil;&uuml;leri Ve \u0130&ccedil;erik<br \/>\n\t\t\t&Uuml;r&uuml;n &Ouml;l&ccedil;&uuml;leri: 18,5 X 44 X 113 Cm<br \/>\n\t\t\tRaf Aras\u0131: 12,5 Cm<br \/>\n\t\t\tK&uuml;&ccedil;&uuml;k Raf: 28 X 39 X 20 Cm<br \/>\n\t\t\t&Ouml;zellikler<br \/>\n\t\t\tKat Kat Sepet Organizeri, \u015e\u0131k G&ouml;r&uuml;n&uuml;m&uuml; \u0130le Banyonuzu, Mutfa\u011f\u0131n\u0131z\u0131 Ve Odalar\u0131n\u0131z\u0131 Toplu Ve Daha Kullan\u0131\u015fl\u0131 Hale Getirir.<br \/>\n\t\t\tAyr\u0131nt\u0131lar<br \/>\n\t\t\tTekerlekleri Sayesinde Yerini Kolayl\u0131kla De\u011fi\u015ftirebilirsiniz.<br \/>\n\t\t\tUygulama Ve Kullan\u0131m<br \/>\n\t\t\tB&ouml;lmeli Yap\u0131s\u0131yla E\u015fyalar\u0131n\u0131z\u0131 Kolayca D&uuml;zenleyebilirsiniz.<\/span><\/span><\/span><\/span><\/span><\/span><\/td>\n<\/tr>\n<\/tbody>\n<\/table>\n","protected":false},"excerpt":{"rendered":"<p>Titiz Kat Kat Sepet Organizer No:3 Beyaz TP-749<\/p>\n","protected":false},"featured_media":82266,"comment_status":"open","ping_status":"closed","template":"","meta":{"_kad_post_transparent":"","_kad_post_title":"","_kad_post_layout":"","_kad_post_sidebar_id":"","_kad_post_content_style":"","_kad_post_vertical_padding":"","_kad_post_feature":"","_kad_post_feature_position":"","_kad_post_header":false,"_kad_post_footer":false,"_kad_post_classname":""},"product_brand":[],"product_cat":[557,603,666],"product_tag":[],"class_list":{"0":"post-82267","1":"product","2":"type-product","3":"status-publish","4":"has-post-thumbnail","6":"product_cat-ev-yasam","7":"product_cat-ev-gerecleri","8":"product_cat-pratik-ev-esyalari","10":"first","11":"instock","12":"shipping-taxable","13":"purchasable","14":"product-type-simple","15":"entry","16":"content-bg","17":"loop-entry"},"_links":{"self":[{"href":"https:\/\/www.hediyepazar.com\/index.php?rest_route=\/wp\/v2\/product\/82267","targetHints":{"allow":["GET"]}}],"collection":[{"href":"https:\/\/www.hediyepazar.com\/index.php?rest_route=\/wp\/v2\/product"}],"about":[{"href":"https:\/\/www.hediyepazar.com\/index.php?rest_route=\/wp\/v2\/types\/product"}],"replies":[{"embeddable":true,"href":"https:\/\/www.hediyepazar.com\/index.php?rest_route=%2Fwp%2Fv2%2Fcomments&post=82267"}],"wp:featuredmedia":[{"embeddable":true,"href":"https:\/\/www.hediyepazar.com\/index.php?rest_route=\/wp\/v2\/media\/82266"}],"wp:attachment":[{"href":"https:\/\/www.hediyepazar.com\/index.php?rest_route=%2Fwp%2Fv2%2Fmedia&parent=82267"}],"wp:term":[{"taxonomy":"product_brand","embeddable":true,"href":"https:\/\/www.hediyepazar.com\/index.php?rest_route=%2Fwp%2Fv2%2Fproduct_brand&post=82267"},{"taxonomy":"product_cat","embeddable":true,"href":"https:\/\/www.hediyepazar.com\/index.php?rest_route=%2Fwp%2Fv2%2Fproduct_cat&post=82267"},{"taxonomy":"product_tag","embeddable":true,"href":"https:\/\/www.hediyepazar.com\/index.php?rest_route=%2Fwp%2Fv2%2Fproduct_tag&post=82267"}],"curies":[{"name":"wp","href":"https:\/\/api.w.org\/{rel}","templated":true}]}}