{"id":82273,"date":"2026-04-30T04:55:26","date_gmt":"2026-04-30T07:55:26","guid":{"rendered":"https:\/\/www.hediyepazar.com\/?product=kare-basket-cop-kovasi-tp-685"},"modified":"2026-04-30T04:55:26","modified_gmt":"2026-04-30T07:55:26","slug":"kare-basket-cop-kovasi-tp-685","status":"publish","type":"product","link":"https:\/\/www.hediyepazar.com\/?product=kare-basket-cop-kovasi-tp-685","title":{"rendered":"Kare Basket \u00c7\u00f6p Kovas\u0131 TP 685"},"content":{"rendered":"<p>Kare Basket &Ccedil;&ouml;p Kovas\u0131 TP 685<\/p>\n","protected":false},"excerpt":{"rendered":"<p>Kare Basket \u00c7\u00f6p Kovas\u0131 TP 685<\/p>\n","protected":false},"featured_media":82272,"comment_status":"open","ping_status":"closed","template":"","meta":{"_kad_post_transparent":"","_kad_post_title":"","_kad_post_layout":"","_kad_post_sidebar_id":"","_kad_post_content_style":"","_kad_post_vertical_padding":"","_kad_post_feature":"","_kad_post_feature_position":"","_kad_post_header":false,"_kad_post_footer":false,"_kad_post_classname":""},"product_brand":[],"product_cat":[557,603,666],"product_tag":[],"class_list":{"0":"post-82273","1":"product","2":"type-product","3":"status-publish","4":"has-post-thumbnail","6":"product_cat-ev-yasam","7":"product_cat-ev-gerecleri","8":"product_cat-pratik-ev-esyalari","10":"first","11":"instock","12":"shipping-taxable","13":"purchasable","14":"product-type-simple","15":"entry","16":"content-bg","17":"loop-entry"},"_links":{"self":[{"href":"https:\/\/www.hediyepazar.com\/index.php?rest_route=\/wp\/v2\/product\/82273","targetHints":{"allow":["GET"]}}],"collection":[{"href":"https:\/\/www.hediyepazar.com\/index.php?rest_route=\/wp\/v2\/product"}],"about":[{"href":"https:\/\/www.hediyepazar.com\/index.php?rest_route=\/wp\/v2\/types\/product"}],"replies":[{"embeddable":true,"href":"https:\/\/www.hediyepazar.com\/index.php?rest_route=%2Fwp%2Fv2%2Fcomments&post=82273"}],"wp:featuredmedia":[{"embeddable":true,"href":"https:\/\/www.hediyepazar.com\/index.php?rest_route=\/wp\/v2\/media\/82272"}],"wp:attachment":[{"href":"https:\/\/www.hediyepazar.com\/index.php?rest_route=%2Fwp%2Fv2%2Fmedia&parent=82273"}],"wp:term":[{"taxonomy":"product_brand","embeddable":true,"href":"https:\/\/www.hediyepazar.com\/index.php?rest_route=%2Fwp%2Fv2%2Fproduct_brand&post=82273"},{"taxonomy":"product_cat","embeddable":true,"href":"https:\/\/www.hediyepazar.com\/index.php?rest_route=%2Fwp%2Fv2%2Fproduct_cat&post=82273"},{"taxonomy":"product_tag","embeddable":true,"href":"https:\/\/www.hediyepazar.com\/index.php?rest_route=%2Fwp%2Fv2%2Fproduct_tag&post=82273"}],"curies":[{"name":"wp","href":"https:\/\/api.w.org\/{rel}","templated":true}]}}