{"id":82282,"date":"2026-04-30T04:57:22","date_gmt":"2026-04-30T07:57:22","guid":{"rendered":"https:\/\/www.hediyepazar.com\/?product=500-lu-plastik-ilmek-belirleyici-ybl"},"modified":"2026-04-30T04:57:22","modified_gmt":"2026-04-30T07:57:22","slug":"500-lu-plastik-ilmek-belirleyici-ybl","status":"publish","type":"product","link":"https:\/\/www.hediyepazar.com\/?product=500-lu-plastik-ilmek-belirleyici-ybl","title":{"rendered":"500 l\u00fc Plastik \u0130lmek Belirleyici &#8211; ybl"},"content":{"rendered":"<p>500 l&uuml; Plastik \u0130lmek Belirleyici &#8211; ybl<br \/>\n&nbsp;<\/p>\n<table style=\"border-collapse:collapse; width:89pt; border:none\" width=\"118\">\n<colgroup>\n<col style=\"width:89pt\" width=\"118\" \/>\n\t<\/colgroup>\n<tbody>\n<tr height=\"20\" style=\"height:15.0pt\">\n<td height=\"20\" style=\"border:none; height:15.0pt; width:89pt; padding-top:1px; padding-right:1px; padding-left:1px; vertical-align:bottom; white-space:nowrap\" width=\"118\"><span style=\"font-size:11pt\"><span style=\"color:black\"><span style=\"font-weight:400\"><span style=\"font-style:normal\"><span style=\"text-decoration:none\"><span style=\"font-family:Calibri,sans-serif\">YBL \u0130lmek Belirleyiciler, &ouml;rg&uuml; severlerin &ccedil;al\u0131\u015fmalar\u0131nda kullan\u0131lan k&uuml;&ccedil;&uuml;k ama olduk&ccedil;a i\u015flevli bir &uuml;r&uuml;nd&uuml;r.<br \/>\n\t\t\t&Ouml;rg&uuml;lerinizde i\u015faretleme yapabilmek i&ccedil;in kullanabilirsiniz.<br \/>\n\t\t\t\u0130lmek Belirleyici olan &ouml;rg&uuml; aparat\u0131 plastik olup &ouml;rg&uuml;lerinize zarar vermeyecek \u015fekilde tasarlanm\u0131\u015ft\u0131r.<br \/>\n\t\t\t1 paket = 500 adet kar\u0131\u015f\u0131k renkli \u0130lmek Belirleyici i&ccedil;ermektedir.<br \/>\n\t\t\tEbat: 2.4 cm<\/span><\/span><\/span><\/span><\/span><\/span><\/td>\n<\/tr>\n<\/tbody>\n<\/table>\n","protected":false},"excerpt":{"rendered":"<p>500 l\u00fc Plastik \u0130lmek Belirleyici &#8211; ybl<\/p>\n","protected":false},"featured_media":82281,"comment_status":"open","ping_status":"closed","template":"","meta":{"_kad_post_transparent":"","_kad_post_title":"","_kad_post_layout":"","_kad_post_sidebar_id":"","_kad_post_content_style":"","_kad_post_vertical_padding":"","_kad_post_feature":"","_kad_post_feature_position":"","_kad_post_header":false,"_kad_post_footer":false,"_kad_post_classname":""},"product_brand":[],"product_cat":[557,568,569],"product_tag":[],"class_list":{"0":"post-82282","1":"product","2":"type-product","3":"status-publish","4":"has-post-thumbnail","6":"product_cat-ev-yasam","7":"product_cat-hobi","8":"product_cat-hobi-malzemeleri","10":"first","11":"instock","12":"shipping-taxable","13":"purchasable","14":"product-type-simple","15":"entry","16":"content-bg","17":"loop-entry"},"_links":{"self":[{"href":"https:\/\/www.hediyepazar.com\/index.php?rest_route=\/wp\/v2\/product\/82282","targetHints":{"allow":["GET"]}}],"collection":[{"href":"https:\/\/www.hediyepazar.com\/index.php?rest_route=\/wp\/v2\/product"}],"about":[{"href":"https:\/\/www.hediyepazar.com\/index.php?rest_route=\/wp\/v2\/types\/product"}],"replies":[{"embeddable":true,"href":"https:\/\/www.hediyepazar.com\/index.php?rest_route=%2Fwp%2Fv2%2Fcomments&post=82282"}],"wp:featuredmedia":[{"embeddable":true,"href":"https:\/\/www.hediyepazar.com\/index.php?rest_route=\/wp\/v2\/media\/82281"}],"wp:attachment":[{"href":"https:\/\/www.hediyepazar.com\/index.php?rest_route=%2Fwp%2Fv2%2Fmedia&parent=82282"}],"wp:term":[{"taxonomy":"product_brand","embeddable":true,"href":"https:\/\/www.hediyepazar.com\/index.php?rest_route=%2Fwp%2Fv2%2Fproduct_brand&post=82282"},{"taxonomy":"product_cat","embeddable":true,"href":"https:\/\/www.hediyepazar.com\/index.php?rest_route=%2Fwp%2Fv2%2Fproduct_cat&post=82282"},{"taxonomy":"product_tag","embeddable":true,"href":"https:\/\/www.hediyepazar.com\/index.php?rest_route=%2Fwp%2Fv2%2Fproduct_tag&post=82282"}],"curies":[{"name":"wp","href":"https:\/\/api.w.org\/{rel}","templated":true}]}}