{"id":82296,"date":"2026-04-30T04:58:19","date_gmt":"2026-04-30T07:58:19","guid":{"rendered":"https:\/\/www.hediyepazar.com\/?product=paslanmaz-celik-hamur-kesme-aparati-metal-sapli"},"modified":"2026-04-30T04:58:19","modified_gmt":"2026-04-30T07:58:19","slug":"paslanmaz-celik-hamur-kesme-aparati-metal-sapli","status":"publish","type":"product","link":"https:\/\/www.hediyepazar.com\/?product=paslanmaz-celik-hamur-kesme-aparati-metal-sapli","title":{"rendered":"Paslanmaz \u00c7elik Hamur Kesme Aparat\u0131 Metal Sapl\u0131"},"content":{"rendered":"<table style=\"border-collapse:collapse; width:49pt; border:none\" width=\"66\">\n<colgroup>\n<col style=\"width:49pt\" width=\"66\" \/>\n\t<\/colgroup>\n<tbody>\n<tr height=\"19\" style=\"height:14.4pt\">\n<td class=\"xl65\" height=\"19\" style=\"border:none; height:14.4pt; width:49pt; padding-top:1px; padding-right:1px; padding-left:1px; vertical-align:bottom; white-space:nowrap\" width=\"66\"><span style=\"font-size:11pt\"><span style=\"font-family:Calibri,sans-serif\"><span style=\"font-weight:400\"><span style=\"font-style:normal\"><span style=\"text-decoration:none\">Tek hamlede kusursuz bir \u015fekilde eri\u015fte kesmenizi sa\u011flayacak harika bir yard\u0131mc\u0131.<br \/>\n\t\t\tM&uuml;kemmel tasar\u0131m\u0131yla sar\u0131msak so\u011fan maydonoz ve bir&ccedil;ok sebzenizi ve hamurunuz kesmenize ezmenizeyard\u0131mc\u0131<br \/>\n\t\t\t&Ccedil;ok Fonksiyonlu yeni bir favori &uuml;r&uuml;n<br \/>\n\t\t\tEri\u015fte yap\u0131m\u0131n\u0131 zahmetsiz hale getirir.<br \/>\n\t\t\tE\u015fit \u015fekilde kesim sa\u011flar.<br \/>\n\t\t\tZamandan tasarruf sa\u011flar.<br \/>\n\t\t\tPaslanmaz &ccedil;elik malzemeden &uuml;retilmi\u015ftir.<\/span><\/span><\/span><\/span><\/span><\/td>\n<\/tr>\n<\/tbody>\n<\/table>\n","protected":false},"excerpt":{"rendered":"<p>Paslanmaz \u00c7elik Hamur Kesme Aparat\u0131 Metal Sapl\u0131<\/p>\n","protected":false},"featured_media":82295,"comment_status":"open","ping_status":"closed","template":"","meta":{"_kad_post_transparent":"","_kad_post_title":"","_kad_post_layout":"","_kad_post_sidebar_id":"","_kad_post_content_style":"","_kad_post_vertical_padding":"","_kad_post_feature":"","_kad_post_feature_position":"","_kad_post_header":false,"_kad_post_footer":false,"_kad_post_classname":""},"product_brand":[],"product_cat":[557,558,560],"product_tag":[],"class_list":{"0":"post-82296","1":"product","2":"type-product","3":"status-publish","4":"has-post-thumbnail","6":"product_cat-ev-yasam","7":"product_cat-sofra-mutfak-2","8":"product_cat-yemek-hazirlik","10":"first","11":"instock","12":"shipping-taxable","13":"purchasable","14":"product-type-simple","15":"entry","16":"content-bg","17":"loop-entry"},"_links":{"self":[{"href":"https:\/\/www.hediyepazar.com\/index.php?rest_route=\/wp\/v2\/product\/82296","targetHints":{"allow":["GET"]}}],"collection":[{"href":"https:\/\/www.hediyepazar.com\/index.php?rest_route=\/wp\/v2\/product"}],"about":[{"href":"https:\/\/www.hediyepazar.com\/index.php?rest_route=\/wp\/v2\/types\/product"}],"replies":[{"embeddable":true,"href":"https:\/\/www.hediyepazar.com\/index.php?rest_route=%2Fwp%2Fv2%2Fcomments&post=82296"}],"wp:featuredmedia":[{"embeddable":true,"href":"https:\/\/www.hediyepazar.com\/index.php?rest_route=\/wp\/v2\/media\/82295"}],"wp:attachment":[{"href":"https:\/\/www.hediyepazar.com\/index.php?rest_route=%2Fwp%2Fv2%2Fmedia&parent=82296"}],"wp:term":[{"taxonomy":"product_brand","embeddable":true,"href":"https:\/\/www.hediyepazar.com\/index.php?rest_route=%2Fwp%2Fv2%2Fproduct_brand&post=82296"},{"taxonomy":"product_cat","embeddable":true,"href":"https:\/\/www.hediyepazar.com\/index.php?rest_route=%2Fwp%2Fv2%2Fproduct_cat&post=82296"},{"taxonomy":"product_tag","embeddable":true,"href":"https:\/\/www.hediyepazar.com\/index.php?rest_route=%2Fwp%2Fv2%2Fproduct_tag&post=82296"}],"curies":[{"name":"wp","href":"https:\/\/api.w.org\/{rel}","templated":true}]}}