{"id":82303,"date":"2026-04-30T04:59:28","date_gmt":"2026-04-30T07:59:28","guid":{"rendered":"https:\/\/www.hediyepazar.com\/?product=mama-catal-kasik-gmp-333-078-op-11"},"modified":"2026-04-30T04:59:28","modified_gmt":"2026-04-30T07:59:28","slug":"mama-catal-kasik-gmp-333-078-op-11","status":"publish","type":"product","link":"https:\/\/www.hediyepazar.com\/?product=mama-catal-kasik-gmp-333-078-op-11","title":{"rendered":"Mama \u00c7atal Ka\u015f\u0131k Gmp-333-078-Op-11"},"content":{"rendered":"<table style=\"border-collapse:collapse; width:49pt; border:none\" width=\"66\">\n<colgroup>\n<col style=\"width:49pt\" width=\"66\" \/>\n\t<\/colgroup>\n<tbody>\n<tr height=\"19\" style=\"height:14.4pt\">\n<td class=\"xl65\" height=\"19\" style=\"border:none; height:14.4pt; width:49pt; padding-top:1px; padding-right:1px; padding-left:1px; vertical-align:bottom; white-space:nowrap\" width=\"66\"><span style=\"font-size:11pt\"><span style=\"font-family:Calibri,sans-serif\"><span style=\"font-weight:400\"><span style=\"font-style:normal\"><span style=\"text-decoration:none\">Ekstra k&uuml;&ccedil;&uuml;k bi&ccedil;imli ka\u015f\u0131k ve &ccedil;atal ile bebe\u011finizi d&uuml;zg&uuml;n bir \u015fekilde besleyebilirsiniz.<br \/>\n\t\t\tharika \u015fekli ve yumu\u015fak sa\u011fl\u0131kl\u0131 hammaddesi &ccedil;ocu\u011funuzun beslenmeyi sevmesine yard\u0131mc\u0131 olacakt\u0131r<br \/>\n\t\t\tbebe\u011finiz &ccedil;atal ve ka\u015f\u0131k kullanarak kendi ba\u015f\u0131na beslenme al\u0131\u015fkanl\u0131\u011f\u0131n\u0131 kazan\u0131r ve yuvarlat\u0131lm\u0131\u015f<br \/>\n\t\t\tu&ccedil;lar\u0131 ona zarar vermez uygun b&uuml;y&uuml;kl&uuml;kteki &ouml;l&ccedil;&uuml;leri ile bebe\u011finizin a\u011fz\u0131na uyumludur bula\u015f\u0131k makinas\u0131nda y\u0131kanabilir.<br \/>\n\t\t\tBelirgin, parlak renkleri ile &ccedil;ocu\u011funuzun ilgisini &ccedil;eker<\/span><\/span><\/span><\/span><\/span><\/td>\n<\/tr>\n<\/tbody>\n<\/table>\n","protected":false},"excerpt":{"rendered":"<p>Mama \u00c7atal Ka\u015f\u0131k Gmp-333-078-Op-11<\/p>\n","protected":false},"featured_media":0,"comment_status":"open","ping_status":"closed","template":"","meta":{"_kad_post_transparent":"","_kad_post_title":"","_kad_post_layout":"","_kad_post_sidebar_id":"","_kad_post_content_style":"","_kad_post_vertical_padding":"","_kad_post_feature":"","_kad_post_feature_position":"","_kad_post_header":false,"_kad_post_footer":false,"_kad_post_classname":""},"product_brand":[],"product_cat":[631,632,570],"product_tag":[],"class_list":{"0":"post-82303","1":"product","2":"type-product","3":"status-publish","5":"product_cat-anne-bebek-bakim","6":"product_cat-beslenme-emzirme","7":"product_cat-supermarket","9":"first","10":"instock","11":"shipping-taxable","12":"purchasable","13":"product-type-simple","14":"entry","15":"content-bg","16":"loop-entry"},"_links":{"self":[{"href":"https:\/\/www.hediyepazar.com\/index.php?rest_route=\/wp\/v2\/product\/82303","targetHints":{"allow":["GET"]}}],"collection":[{"href":"https:\/\/www.hediyepazar.com\/index.php?rest_route=\/wp\/v2\/product"}],"about":[{"href":"https:\/\/www.hediyepazar.com\/index.php?rest_route=\/wp\/v2\/types\/product"}],"replies":[{"embeddable":true,"href":"https:\/\/www.hediyepazar.com\/index.php?rest_route=%2Fwp%2Fv2%2Fcomments&post=82303"}],"wp:attachment":[{"href":"https:\/\/www.hediyepazar.com\/index.php?rest_route=%2Fwp%2Fv2%2Fmedia&parent=82303"}],"wp:term":[{"taxonomy":"product_brand","embeddable":true,"href":"https:\/\/www.hediyepazar.com\/index.php?rest_route=%2Fwp%2Fv2%2Fproduct_brand&post=82303"},{"taxonomy":"product_cat","embeddable":true,"href":"https:\/\/www.hediyepazar.com\/index.php?rest_route=%2Fwp%2Fv2%2Fproduct_cat&post=82303"},{"taxonomy":"product_tag","embeddable":true,"href":"https:\/\/www.hediyepazar.com\/index.php?rest_route=%2Fwp%2Fv2%2Fproduct_tag&post=82303"}],"curies":[{"name":"wp","href":"https:\/\/api.w.org\/{rel}","templated":true}]}}