{"id":82307,"date":"2026-04-30T05:02:19","date_gmt":"2026-04-30T08:02:19","guid":{"rendered":"https:\/\/www.hediyepazar.com\/?product=maxel-prizma-puskurtucu-uzun-350ml-y-169"},"modified":"2026-04-30T05:02:19","modified_gmt":"2026-04-30T08:02:19","slug":"maxel-prizma-puskurtucu-uzun-350ml-y-169","status":"publish","type":"product","link":"https:\/\/www.hediyepazar.com\/?product=maxel-prizma-puskurtucu-uzun-350ml-y-169","title":{"rendered":"Maxel Prizma P\u00fcsk\u00fcrt\u00fcc\u00fc Uzun 350Ml Y-169"},"content":{"rendered":"<p>Maxel Prizma P&uuml;sk&uuml;rt&uuml;c&uuml; Uzun 350Ml Y-169<\/p>\n","protected":false},"excerpt":{"rendered":"<p>Maxel Prizma P\u00fcsk\u00fcrt\u00fcc\u00fc Uzun 350Ml Y-169<\/p>\n","protected":false},"featured_media":0,"comment_status":"open","ping_status":"closed","template":"","meta":{"_kad_post_transparent":"","_kad_post_title":"","_kad_post_layout":"","_kad_post_sidebar_id":"","_kad_post_content_style":"","_kad_post_vertical_padding":"","_kad_post_feature":"","_kad_post_feature_position":"","_kad_post_header":false,"_kad_post_footer":false,"_kad_post_classname":""},"product_brand":[],"product_cat":[557,603,618],"product_tag":[],"class_list":{"0":"post-82307","1":"product","2":"type-product","3":"status-publish","5":"product_cat-ev-yasam","6":"product_cat-ev-gerecleri","7":"product_cat-pratik-temizlik-gerecleri","9":"first","10":"instock","11":"shipping-taxable","12":"purchasable","13":"product-type-simple","14":"entry","15":"content-bg","16":"loop-entry"},"_links":{"self":[{"href":"https:\/\/www.hediyepazar.com\/index.php?rest_route=\/wp\/v2\/product\/82307","targetHints":{"allow":["GET"]}}],"collection":[{"href":"https:\/\/www.hediyepazar.com\/index.php?rest_route=\/wp\/v2\/product"}],"about":[{"href":"https:\/\/www.hediyepazar.com\/index.php?rest_route=\/wp\/v2\/types\/product"}],"replies":[{"embeddable":true,"href":"https:\/\/www.hediyepazar.com\/index.php?rest_route=%2Fwp%2Fv2%2Fcomments&post=82307"}],"wp:attachment":[{"href":"https:\/\/www.hediyepazar.com\/index.php?rest_route=%2Fwp%2Fv2%2Fmedia&parent=82307"}],"wp:term":[{"taxonomy":"product_brand","embeddable":true,"href":"https:\/\/www.hediyepazar.com\/index.php?rest_route=%2Fwp%2Fv2%2Fproduct_brand&post=82307"},{"taxonomy":"product_cat","embeddable":true,"href":"https:\/\/www.hediyepazar.com\/index.php?rest_route=%2Fwp%2Fv2%2Fproduct_cat&post=82307"},{"taxonomy":"product_tag","embeddable":true,"href":"https:\/\/www.hediyepazar.com\/index.php?rest_route=%2Fwp%2Fv2%2Fproduct_tag&post=82307"}],"curies":[{"name":"wp","href":"https:\/\/api.w.org\/{rel}","templated":true}]}}