{"id":82310,"date":"2026-04-30T05:02:31","date_gmt":"2026-04-30T08:02:31","guid":{"rendered":"https:\/\/www.hediyepazar.com\/?product=bonita-kasar-rendesi-sc-2628"},"modified":"2026-04-30T05:02:31","modified_gmt":"2026-04-30T08:02:31","slug":"bonita-kasar-rendesi-sc-2628","status":"publish","type":"product","link":"https:\/\/www.hediyepazar.com\/?product=bonita-kasar-rendesi-sc-2628","title":{"rendered":"Bonita Ka\u015far Rendesi Sc-2628"},"content":{"rendered":"<table style=\"border-collapse:collapse; width:49pt; border:none\" width=\"66\">\n<colgroup>\n<col style=\"width:49pt\" width=\"66\" \/>\n\t<\/colgroup>\n<tbody>\n<tr height=\"19\" style=\"height:14.4pt\">\n<td class=\"xl65\" height=\"19\" style=\"border:none; height:14.4pt; width:49pt; padding-top:1px; padding-right:1px; padding-left:1px; vertical-align:bottom; white-space:nowrap\" width=\"66\"><span style=\"font-size:11pt\"><span style=\"font-family:Calibri,sans-serif\"><span style=\"font-weight:400\"><span style=\"font-style:normal\"><span style=\"text-decoration:none\">yemeklere ilave edece\u011finiz sar\u0131msak, peynir gibi lezzetleri rendelemek i&ccedil;in ideal, rendesidir.<br \/>\n\t\t\tBonita \u015f\u0131k servis gere&ccedil;leri hemen her mutfakta kullan\u0131ma uygun ve pratiktir.&nbsp;<\/span><\/span><\/span><\/span><\/span><\/td>\n<\/tr>\n<\/tbody>\n<\/table>\n","protected":false},"excerpt":{"rendered":"<p>Bonita Ka\u015far Rendesi Sc-2628<\/p>\n","protected":false},"featured_media":0,"comment_status":"open","ping_status":"closed","template":"","meta":{"_kad_post_transparent":"","_kad_post_title":"","_kad_post_layout":"","_kad_post_sidebar_id":"","_kad_post_content_style":"","_kad_post_vertical_padding":"","_kad_post_feature":"","_kad_post_feature_position":"","_kad_post_header":false,"_kad_post_footer":false,"_kad_post_classname":""},"product_brand":[],"product_cat":[557,558,560],"product_tag":[],"class_list":{"0":"post-82310","1":"product","2":"type-product","3":"status-publish","5":"product_cat-ev-yasam","6":"product_cat-sofra-mutfak-2","7":"product_cat-yemek-hazirlik","9":"first","10":"instock","11":"shipping-taxable","12":"purchasable","13":"product-type-simple","14":"entry","15":"content-bg","16":"loop-entry"},"_links":{"self":[{"href":"https:\/\/www.hediyepazar.com\/index.php?rest_route=\/wp\/v2\/product\/82310","targetHints":{"allow":["GET"]}}],"collection":[{"href":"https:\/\/www.hediyepazar.com\/index.php?rest_route=\/wp\/v2\/product"}],"about":[{"href":"https:\/\/www.hediyepazar.com\/index.php?rest_route=\/wp\/v2\/types\/product"}],"replies":[{"embeddable":true,"href":"https:\/\/www.hediyepazar.com\/index.php?rest_route=%2Fwp%2Fv2%2Fcomments&post=82310"}],"wp:attachment":[{"href":"https:\/\/www.hediyepazar.com\/index.php?rest_route=%2Fwp%2Fv2%2Fmedia&parent=82310"}],"wp:term":[{"taxonomy":"product_brand","embeddable":true,"href":"https:\/\/www.hediyepazar.com\/index.php?rest_route=%2Fwp%2Fv2%2Fproduct_brand&post=82310"},{"taxonomy":"product_cat","embeddable":true,"href":"https:\/\/www.hediyepazar.com\/index.php?rest_route=%2Fwp%2Fv2%2Fproduct_cat&post=82310"},{"taxonomy":"product_tag","embeddable":true,"href":"https:\/\/www.hediyepazar.com\/index.php?rest_route=%2Fwp%2Fv2%2Fproduct_tag&post=82310"}],"curies":[{"name":"wp","href":"https:\/\/api.w.org\/{rel}","templated":true}]}}