{"id":82311,"date":"2026-04-30T05:02:35","date_gmt":"2026-04-30T08:02:35","guid":{"rendered":"https:\/\/www.hediyepazar.com\/?product=gokkusagi-renkli-toz-alma-puskulu-clkn-1849"},"modified":"2026-04-30T05:02:35","modified_gmt":"2026-04-30T08:02:35","slug":"gokkusagi-renkli-toz-alma-puskulu-clkn-1849","status":"publish","type":"product","link":"https:\/\/www.hediyepazar.com\/?product=gokkusagi-renkli-toz-alma-puskulu-clkn-1849","title":{"rendered":"G\u00f6kku\u015fa\u011f\u0131 Renkli Toz Alma P\u00fcsk\u00fcl\u00fc Clkn-1849"},"content":{"rendered":"<table style=\"border-collapse:collapse; width:49pt; border:none\" width=\"66\">\n<colgroup>\n<col style=\"width:49pt\" width=\"66\" \/>\n\t<\/colgroup>\n<tbody>\n<tr height=\"19\" style=\"height:14.4pt\">\n<td class=\"xl65\" height=\"19\" style=\"border:none; height:14.4pt; width:49pt; padding-top:1px; padding-right:1px; padding-left:1px; vertical-align:bottom; white-space:nowrap\" width=\"66\"><span style=\"font-size:11pt\"><span style=\"font-family:Calibri,sans-serif\"><span style=\"font-weight:400\"><span style=\"font-style:normal\"><span style=\"text-decoration:none\">Sihirli teleskopik silgi Zor ula\u015f\u0131lan b&ouml;lgeleri kolayl\u0131kla temizler<br \/>\n\t\t\tBir m\u0131knat\u0131s gibi kendi statik elektri\u011fini olu\u015fturarak t&uuml;yleri toplar.<br \/>\n\t\t\t&Ouml;r&uuml;mcek a\u011flar\u0131n\u0131, otomobilin g&ouml;sterge panelini, bilgisayar klavyelerini,<br \/>\n\t\t\tstereo ekipmanlar\u0131n\u0131, tavan vantilat&ouml;r&uuml; ve ula\u015f\u0131lmas\u0131 zor yerleri temizlemek i&ccedil;in m&uuml;kemmeldir<br \/>\n\t\t\tEv ve ofis temizli\u011fi i&ccedil;in m&uuml;kemmel Kullan\u0131m\u0131 kolay ve sabunlu suyla temizlenebilir.<br \/>\n\t\t\tHafif Temizlemesi kolay Kullan\u0131m\u0131 kolay<br \/>\n\t\t\tY&uuml;ksek kalite Malzeme: plastik Paket: 1x G&Ouml;KKU\u015eA\u011eI RENKL\u0130 TOZ ALMA P&Uuml;SK&Uuml;L&Uuml;<\/span><\/span><\/span><\/span><\/span><\/td>\n<\/tr>\n<\/tbody>\n<\/table>\n","protected":false},"excerpt":{"rendered":"<p>G\u00f6kku\u015fa\u011f\u0131 Renkli Toz Alma P\u00fcsk\u00fcl\u00fc Clkn-1849<\/p>\n","protected":false},"featured_media":0,"comment_status":"open","ping_status":"closed","template":"","meta":{"_kad_post_transparent":"","_kad_post_title":"","_kad_post_layout":"","_kad_post_sidebar_id":"","_kad_post_content_style":"","_kad_post_vertical_padding":"","_kad_post_feature":"","_kad_post_feature_position":"","_kad_post_header":false,"_kad_post_footer":false,"_kad_post_classname":""},"product_brand":[],"product_cat":[557,603,618],"product_tag":[],"class_list":{"0":"post-82311","1":"product","2":"type-product","3":"status-publish","5":"product_cat-ev-yasam","6":"product_cat-ev-gerecleri","7":"product_cat-pratik-temizlik-gerecleri","9":"first","10":"instock","11":"shipping-taxable","12":"purchasable","13":"product-type-simple","14":"entry","15":"content-bg","16":"loop-entry"},"_links":{"self":[{"href":"https:\/\/www.hediyepazar.com\/index.php?rest_route=\/wp\/v2\/product\/82311","targetHints":{"allow":["GET"]}}],"collection":[{"href":"https:\/\/www.hediyepazar.com\/index.php?rest_route=\/wp\/v2\/product"}],"about":[{"href":"https:\/\/www.hediyepazar.com\/index.php?rest_route=\/wp\/v2\/types\/product"}],"replies":[{"embeddable":true,"href":"https:\/\/www.hediyepazar.com\/index.php?rest_route=%2Fwp%2Fv2%2Fcomments&post=82311"}],"wp:attachment":[{"href":"https:\/\/www.hediyepazar.com\/index.php?rest_route=%2Fwp%2Fv2%2Fmedia&parent=82311"}],"wp:term":[{"taxonomy":"product_brand","embeddable":true,"href":"https:\/\/www.hediyepazar.com\/index.php?rest_route=%2Fwp%2Fv2%2Fproduct_brand&post=82311"},{"taxonomy":"product_cat","embeddable":true,"href":"https:\/\/www.hediyepazar.com\/index.php?rest_route=%2Fwp%2Fv2%2Fproduct_cat&post=82311"},{"taxonomy":"product_tag","embeddable":true,"href":"https:\/\/www.hediyepazar.com\/index.php?rest_route=%2Fwp%2Fv2%2Fproduct_tag&post=82311"}],"curies":[{"name":"wp","href":"https:\/\/api.w.org\/{rel}","templated":true}]}}