{"id":82323,"date":"2026-04-30T05:04:16","date_gmt":"2026-04-30T08:04:16","guid":{"rendered":"https:\/\/www.hediyepazar.com\/?product=profesyonel-bicak-bileyici-sm-015"},"modified":"2026-04-30T05:04:16","modified_gmt":"2026-04-30T08:04:16","slug":"profesyonel-bicak-bileyici-sm-015","status":"publish","type":"product","link":"https:\/\/www.hediyepazar.com\/?product=profesyonel-bicak-bileyici-sm-015","title":{"rendered":"Profesyonel B\u0131\u00e7ak Bileyici Sm-015"},"content":{"rendered":"<table style=\"border-collapse:collapse; width:49pt; border:none\" width=\"66\">\n<colgroup>\n<col style=\"width:49pt\" width=\"66\">\n\t<\/colgroup>\n<tbody>\n<tr height=\"19\" style=\"height:14.4pt\">\n<td class=\"xl65\" height=\"19\" style=\"border:none; height:14.4pt; width:49pt; padding-top:1px; padding-right:1px; padding-left:1px; vertical-align:bottom; white-space:nowrap\" width=\"66\"><span style=\"font-size:11pt\"><span style=\"font-family:Calibri,sans-serif\"><span style=\"font-weight:400\"><span style=\"font-style:normal\"><span style=\"text-decoration:none\">Profesyonel b\u0131\u00e7ak bileyici 3 a\u00e7\u0131l\u0131 elmas seramik tungsten \u00e7elik el b\u0131\u00e7aklar\u0131 bileme.<br \/>\n\t\t\tMutfak b\u0131\u00e7a\u011f\u0131 bileyici &#8211; 3 a\u015famal\u0131 b\u0131\u00e7ak aksesuar bileme arac\u0131 3 ad\u0131ml\u0131 b\u0131\u00e7ak bileme sistemi:<br \/>\n\t\t\tInan\u0131lmaz 3 yuval\u0131 sistemimizle b\u0131\u00e7ak bileme sanat\u0131nda devrim yarat\u0131yoruz!<br \/>\n\t\t\tB\u0131\u00e7a\u011f\u0131 yuvalar\u0131n her birine yerle\u015ftirin ve h\u0131zl\u0131 ve etkili bir<br \/>\n\t\t\tkeskinle\u015ftirme i\u00e7in b\u0131\u00e7a\u011f\u0131 birka\u00e7 kez yava\u015f\u00e7a \u00e7ekin.<\/span><\/span><\/span><\/span><\/span><\/td>\n<\/tr>\n<\/tbody>\n<\/table>\n","protected":false},"excerpt":{"rendered":"<p>Profesyonel B\u0131\u00e7ak Bileyici Sm-015<\/p>\n","protected":false},"featured_media":82322,"comment_status":"open","ping_status":"closed","template":"","meta":{"_kad_post_transparent":"","_kad_post_title":"","_kad_post_layout":"","_kad_post_sidebar_id":"","_kad_post_content_style":"","_kad_post_vertical_padding":"","_kad_post_feature":"","_kad_post_feature_position":"","_kad_post_header":false,"_kad_post_footer":false,"_kad_post_classname":""},"product_brand":[],"product_cat":[557,559,558],"product_tag":[],"class_list":{"0":"post-82323","1":"product","2":"type-product","3":"status-publish","4":"has-post-thumbnail","6":"product_cat-ev-yasam","7":"product_cat-sofra","8":"product_cat-sofra-mutfak-2","10":"first","11":"instock","12":"shipping-taxable","13":"purchasable","14":"product-type-simple","15":"entry","16":"content-bg","17":"loop-entry"},"_links":{"self":[{"href":"https:\/\/www.hediyepazar.com\/index.php?rest_route=\/wp\/v2\/product\/82323","targetHints":{"allow":["GET"]}}],"collection":[{"href":"https:\/\/www.hediyepazar.com\/index.php?rest_route=\/wp\/v2\/product"}],"about":[{"href":"https:\/\/www.hediyepazar.com\/index.php?rest_route=\/wp\/v2\/types\/product"}],"replies":[{"embeddable":true,"href":"https:\/\/www.hediyepazar.com\/index.php?rest_route=%2Fwp%2Fv2%2Fcomments&post=82323"}],"wp:featuredmedia":[{"embeddable":true,"href":"https:\/\/www.hediyepazar.com\/index.php?rest_route=\/wp\/v2\/media\/82322"}],"wp:attachment":[{"href":"https:\/\/www.hediyepazar.com\/index.php?rest_route=%2Fwp%2Fv2%2Fmedia&parent=82323"}],"wp:term":[{"taxonomy":"product_brand","embeddable":true,"href":"https:\/\/www.hediyepazar.com\/index.php?rest_route=%2Fwp%2Fv2%2Fproduct_brand&post=82323"},{"taxonomy":"product_cat","embeddable":true,"href":"https:\/\/www.hediyepazar.com\/index.php?rest_route=%2Fwp%2Fv2%2Fproduct_cat&post=82323"},{"taxonomy":"product_tag","embeddable":true,"href":"https:\/\/www.hediyepazar.com\/index.php?rest_route=%2Fwp%2Fv2%2Fproduct_tag&post=82323"}],"curies":[{"name":"wp","href":"https:\/\/api.w.org\/{rel}","templated":true}]}}