{"id":82325,"date":"2026-04-30T05:05:22","date_gmt":"2026-04-30T08:05:22","guid":{"rendered":"https:\/\/www.hediyepazar.com\/?product=3lu-vakumlu-hurc-seti-msatreg-1016"},"modified":"2026-04-30T05:05:22","modified_gmt":"2026-04-30T08:05:22","slug":"3lu-vakumlu-hurc-seti-msatreg-1016","status":"publish","type":"product","link":"https:\/\/www.hediyepazar.com\/?product=3lu-vakumlu-hurc-seti-msatreg-1016","title":{"rendered":"3&#8217;l\u00fc Vakumlu Hur\u00e7 Seti Msatreg-1016"},"content":{"rendered":"<table style=\"border-collapse:collapse; width:49pt; border:none\" width=\"66\">\n<colgroup>\n<col style=\"width:49pt\" width=\"66\" \/>\n\t<\/colgroup>\n<tbody>\n<tr height=\"19\" style=\"height:14.4pt\">\n<td class=\"xl65\" height=\"19\" style=\"border:none; height:14.4pt; width:49pt; padding-top:1px; padding-right:1px; padding-left:1px; vertical-align:bottom; white-space:nowrap\" width=\"66\"><span style=\"font-size:11pt\"><span style=\"font-family:Calibri,sans-serif\"><span style=\"font-weight:400\"><span style=\"font-style:normal\"><span style=\"text-decoration:none\">Vakumlu po\u015fetler ile ister evinizde, ister valizinizde 4 kata varan yer tasarrufu sa\u011flar<br \/>\n\t\t\tKullan\u0131m\u0131 kolay vakumlu po\u015fetler ile e\u015fyalar\u0131n\u0131z\u0131 saklarken veya<br \/>\n\t\t\te\u015fyalar\u0131n\u0131z\u0131n yerini de\u011fi\u015ftirirken su, kir, kokulardan korumu\u015f olursunuz.<br \/>\n\t\t\tVakumlu Po\u015fet sistemi sofistike teknolojiyi bir araya getirerek hava ge&ccedil;irmez<br \/>\n\t\t\tkapanma sistemini yarat\u0131r ve torban\u0131n i&ccedil;ine hava dolanmamas\u0131n\u0131 sa\u011flar.<br \/>\n\t\t\tVakumlu Po\u015fetler yorganlar, yast\u0131klar, kazaklar, ceketler gibi hacimli ve yer i\u015fgal eden<br \/>\n\t\t\te\u015fyalar\u0131n\u0131z\u0131 koruyarak hassas bir \u015fekilde s\u0131k\u0131\u015ft\u0131r\u0131p dolaplar\u0131n\u0131zda yer kazand\u0131rmas\u0131 sayesinde,<br \/>\n\t\t\tevinizde e\u015fya yerle\u015ftirirken kar\u015f\u0131la\u015f\u0131lan yer sorununun en kolay &ccedil;&ouml;z&uuml;m&uuml;.<br \/>\n\t\t\tKULLANIM \u015eEKL\u0130:Vakumlayaca\u011f\u0131n\u0131z &uuml;r&uuml;nlerin temiz ve kuru olmas\u0131 gerekir.<br \/>\n\t\t\tHer bir par&ccedil;ay\u0131 itinayla katlay\u0131n ve d&uuml;zenli bir \u015fekilde istifleyip po\u015fetin i&ccedil;ine yerle\u015ftirin.<br \/>\n\t\t\tPo\u015feti a\u015f\u0131r\u0131 doldurmay\u0131n. Yo\u011funlu\u011fu sa\u011flamak i&ccedil;in asgari olarak kapatma kenar\u0131nda 10 cm mesafe b\u0131rak\u0131n.<br \/>\n\t\t\tPo\u015fet a\u011fz\u0131n\u0131n bir kenar\u0131n\u0131 tutun ve di\u011fer elinizin ba\u015fparma\u011f\u0131 ve i\u015faret parma\u011f\u0131yla iki kenar\u0131 s\u0131k\u0131ca bast\u0131r\u0131n.<br \/>\n\t\t\tPo\u015fetin i&ccedil;erisindeki mandal ile po\u015fetin a\u011fz\u0131n\u0131n bir ucundan di\u011fer ucuna s\u0131k\u0131ca bast\u0131rarak (mandal\u0131 kayd\u0131rarak) po\u015fetin fermuar\u0131n\u0131 kapat\u0131n\u0131z.<br \/>\n\t\t\tPo\u015fetin a\u011fz\u0131n\u0131n kapand\u0131\u011f\u0131ndan tam emin olunuz.<\/span><\/span><\/span><\/span><\/span><\/td>\n<\/tr>\n<\/tbody>\n<\/table>\n","protected":false},"excerpt":{"rendered":"<p>3&#8217;l\u00fc Vakumlu Hur\u00e7 Seti Msatreg-1016<\/p>\n","protected":false},"featured_media":82324,"comment_status":"open","ping_status":"closed","template":"","meta":{"_kad_post_transparent":"","_kad_post_title":"","_kad_post_layout":"","_kad_post_sidebar_id":"","_kad_post_content_style":"","_kad_post_vertical_padding":"","_kad_post_feature":"","_kad_post_feature_position":"","_kad_post_header":false,"_kad_post_footer":false,"_kad_post_classname":""},"product_brand":[],"product_cat":[557,603,666],"product_tag":[],"class_list":{"0":"post-82325","1":"product","2":"type-product","3":"status-publish","4":"has-post-thumbnail","6":"product_cat-ev-yasam","7":"product_cat-ev-gerecleri","8":"product_cat-pratik-ev-esyalari","10":"first","11":"instock","12":"shipping-taxable","13":"purchasable","14":"product-type-simple","15":"entry","16":"content-bg","17":"loop-entry"},"_links":{"self":[{"href":"https:\/\/www.hediyepazar.com\/index.php?rest_route=\/wp\/v2\/product\/82325","targetHints":{"allow":["GET"]}}],"collection":[{"href":"https:\/\/www.hediyepazar.com\/index.php?rest_route=\/wp\/v2\/product"}],"about":[{"href":"https:\/\/www.hediyepazar.com\/index.php?rest_route=\/wp\/v2\/types\/product"}],"replies":[{"embeddable":true,"href":"https:\/\/www.hediyepazar.com\/index.php?rest_route=%2Fwp%2Fv2%2Fcomments&post=82325"}],"wp:featuredmedia":[{"embeddable":true,"href":"https:\/\/www.hediyepazar.com\/index.php?rest_route=\/wp\/v2\/media\/82324"}],"wp:attachment":[{"href":"https:\/\/www.hediyepazar.com\/index.php?rest_route=%2Fwp%2Fv2%2Fmedia&parent=82325"}],"wp:term":[{"taxonomy":"product_brand","embeddable":true,"href":"https:\/\/www.hediyepazar.com\/index.php?rest_route=%2Fwp%2Fv2%2Fproduct_brand&post=82325"},{"taxonomy":"product_cat","embeddable":true,"href":"https:\/\/www.hediyepazar.com\/index.php?rest_route=%2Fwp%2Fv2%2Fproduct_cat&post=82325"},{"taxonomy":"product_tag","embeddable":true,"href":"https:\/\/www.hediyepazar.com\/index.php?rest_route=%2Fwp%2Fv2%2Fproduct_tag&post=82325"}],"curies":[{"name":"wp","href":"https:\/\/api.w.org\/{rel}","templated":true}]}}