{"id":82394,"date":"2026-04-30T05:18:16","date_gmt":"2026-04-30T08:18:16","guid":{"rendered":"https:\/\/www.hediyepazar.com\/?product=12mm-renkli-karisik-yumusak-ponpon-pelus-200-adet"},"modified":"2026-04-30T05:18:16","modified_gmt":"2026-04-30T08:18:16","slug":"12mm-renkli-karisik-yumusak-ponpon-pelus-200-adet","status":"publish","type":"product","link":"https:\/\/www.hediyepazar.com\/?product=12mm-renkli-karisik-yumusak-ponpon-pelus-200-adet","title":{"rendered":"12mm Renkli Kar\u0131\u015f\u0131k Yumu\u015fak Ponpon Pelu\u015f 200 Adet"},"content":{"rendered":"<table style=\"border-collapse:collapse; width:258pt; border:none\" width=\"344\">\n<colgroup>\n<col style=\"width:258pt\" width=\"344\" \/>\n\t<\/colgroup>\n<tbody>\n<tr height=\"20\" style=\"height:15.0pt\">\n<td height=\"20\" style=\"border:none; height:15.0pt; width:258pt; padding-top:1px; padding-right:1px; padding-left:1px; vertical-align:bottom; white-space:nowrap\" width=\"344\"><span style=\"font-size:11pt\"><span style=\"color:black\"><span style=\"font-weight:400\"><span style=\"font-style:normal\"><span style=\"text-decoration:none\"><span style=\"font-family:Calibri,sans-serif\">12mm Renkli Kar\u0131\u015f\u0131k Yumu\u015fak Ponpon Pelu\u015f 200 Adet<\/span><\/span><\/span><\/span><\/span><\/span><\/td>\n<\/tr>\n<\/tbody>\n<\/table>\n<table style=\"border-collapse:collapse; width:89pt; border:none\" width=\"118\">\n<colgroup>\n<col style=\"width:89pt\" width=\"118\" \/>\n\t<\/colgroup>\n<tbody>\n<tr height=\"20\" style=\"height:15.0pt\">\n<td height=\"20\" style=\"border:none; height:15.0pt; width:89pt; padding-top:1px; padding-right:1px; padding-left:1px; vertical-align:bottom; white-space:nowrap\" width=\"118\"><span style=\"font-size:11pt\"><span style=\"color:black\"><span style=\"font-weight:400\"><span style=\"font-style:normal\"><span style=\"text-decoration:none\"><span style=\"font-family:Calibri,sans-serif\">12 mm Pelu\u015f Ponpon &#8211; Renkli Ponpon 200 adet &#8211; Pel&uuml;\u015f Ponpon &#8211; S&uuml;s Ponpon<br \/>\n\t\t\tFiyat 200 adet ponpon i&ccedil;indir.<br \/>\n\t\t\t&Uuml;r&uuml;n &ccedil;ap\u0131 1,2 cm&#39;dir.<br \/>\n\t\t\tKullan\u0131m Alanlar\u0131: Bu &uuml;r&uuml;n&uuml; hediye paketleri ve sunumlar\u0131n\u0131z\u0131 g&uuml;zelle\u015ftirmede,<br \/>\n\t\t\tkap\u0131 s&uuml;s&uuml; yap\u0131m\u0131nda, dekoratif ki\u015fisel ve ev aksesuarlar\u0131 olu\u015fturmada,<br \/>\n\t\t\ttoka gibi bebek ve &ccedil;ocuk &uuml;r&uuml;nleri haz\u0131rlamada kullanabilirsiniz.<br \/>\n\t\t\t&Ccedil;anta, ayakkab\u0131 ve giyim tekstili &uuml;r&uuml;nlerinde bu ponponlardan yararlanabilirsiniz.<br \/>\n\t\t\tRenkli Kar\u0131\u015f\u0131k Paket Yumu\u015fak Ponpon 1,2 cm &ccedil;ap\u0131ndad\u0131r.<br \/>\n\t\t\tPaket i&ccedil;erisinde 200 adet vard\u0131r.<\/span><\/span><\/span><\/span><\/span><\/span><\/td>\n<\/tr>\n<\/tbody>\n<\/table>\n","protected":false},"excerpt":{"rendered":"<p>12mm Renkli Kar\u0131\u015f\u0131k Yumu\u015fak Ponpon Pelu\u015f 200 Adet<\/p>\n","protected":false},"featured_media":82393,"comment_status":"open","ping_status":"closed","template":"","meta":{"_kad_post_transparent":"","_kad_post_title":"","_kad_post_layout":"","_kad_post_sidebar_id":"","_kad_post_content_style":"","_kad_post_vertical_padding":"","_kad_post_feature":"","_kad_post_feature_position":"","_kad_post_header":false,"_kad_post_footer":false,"_kad_post_classname":""},"product_brand":[],"product_cat":[557,568,569],"product_tag":[],"class_list":{"0":"post-82394","1":"product","2":"type-product","3":"status-publish","4":"has-post-thumbnail","6":"product_cat-ev-yasam","7":"product_cat-hobi","8":"product_cat-hobi-malzemeleri","10":"first","11":"instock","12":"shipping-taxable","13":"purchasable","14":"product-type-simple","15":"entry","16":"content-bg","17":"loop-entry"},"_links":{"self":[{"href":"https:\/\/www.hediyepazar.com\/index.php?rest_route=\/wp\/v2\/product\/82394","targetHints":{"allow":["GET"]}}],"collection":[{"href":"https:\/\/www.hediyepazar.com\/index.php?rest_route=\/wp\/v2\/product"}],"about":[{"href":"https:\/\/www.hediyepazar.com\/index.php?rest_route=\/wp\/v2\/types\/product"}],"replies":[{"embeddable":true,"href":"https:\/\/www.hediyepazar.com\/index.php?rest_route=%2Fwp%2Fv2%2Fcomments&post=82394"}],"wp:featuredmedia":[{"embeddable":true,"href":"https:\/\/www.hediyepazar.com\/index.php?rest_route=\/wp\/v2\/media\/82393"}],"wp:attachment":[{"href":"https:\/\/www.hediyepazar.com\/index.php?rest_route=%2Fwp%2Fv2%2Fmedia&parent=82394"}],"wp:term":[{"taxonomy":"product_brand","embeddable":true,"href":"https:\/\/www.hediyepazar.com\/index.php?rest_route=%2Fwp%2Fv2%2Fproduct_brand&post=82394"},{"taxonomy":"product_cat","embeddable":true,"href":"https:\/\/www.hediyepazar.com\/index.php?rest_route=%2Fwp%2Fv2%2Fproduct_cat&post=82394"},{"taxonomy":"product_tag","embeddable":true,"href":"https:\/\/www.hediyepazar.com\/index.php?rest_route=%2Fwp%2Fv2%2Fproduct_tag&post=82394"}],"curies":[{"name":"wp","href":"https:\/\/api.w.org\/{rel}","templated":true}]}}