{"id":82442,"date":"2026-04-30T05:24:16","date_gmt":"2026-04-30T08:24:16","guid":{"rendered":"https:\/\/www.hediyepazar.com\/?product=5-adet-ev-tipi-makineler-icin-plastik-masura"},"modified":"2026-04-30T05:24:16","modified_gmt":"2026-04-30T08:24:16","slug":"5-adet-ev-tipi-makineler-icin-plastik-masura","status":"publish","type":"product","link":"https:\/\/www.hediyepazar.com\/?product=5-adet-ev-tipi-makineler-icin-plastik-masura","title":{"rendered":"5 Adet Ev Tipi Makineler \u0130\u00e7in Plastik Masura"},"content":{"rendered":"<table style=\"border-collapse:collapse; width:89pt; border:none\" width=\"118\">\n<colgroup>\n<col style=\"width:89pt\" width=\"118\" \/>\n\t<\/colgroup>\n<tbody>\n<tr height=\"20\" style=\"height:15.0pt\">\n<td height=\"20\" style=\"border:none; height:15.0pt; width:89pt; padding-top:1px; padding-right:1px; padding-left:1px; vertical-align:bottom; white-space:nowrap\" width=\"118\"><span style=\"font-size:11pt\"><span style=\"color:black\"><span style=\"font-weight:400\"><span style=\"font-style:normal\"><span style=\"text-decoration:none\"><span style=\"font-family:Calibri,sans-serif\">Paket i&ccedil;erisinde 5 adet masura bulunmaktad\u0131r.<br \/>\n\t\t\tMasura &Ccedil;ap\u0131 2cm (20mm) &ouml;l&ccedil;&uuml;s&uuml;ndedir.<br \/>\n\t\t\tMasura kal\u0131nl\u0131\u011f\u0131 0,8cm (8mm) &ouml;l&ccedil;&uuml;s&uuml;ndedir.<br \/>\n\t\t\tMezura ile &ouml;l&ccedil;&uuml;m yaparak &ouml;l&ccedil;&uuml;ler yaz\u0131lm\u0131\u015ft\u0131r.<br \/>\n\t\t\tPlastik malzemeden &uuml;retilmi\u015ftir.<br \/>\n\t\t\tStandart ev tipi diki\u015f makine masura modelidir.<br \/>\n\t\t\tT&uuml;rkiye&#39;de sat\u0131lan bir&ccedil;ok ev tipi Singer, Pfaff, Bernina, Janome gibi makinelere uygundur.<\/span><\/span><\/span><\/span><\/span><\/span><\/td>\n<\/tr>\n<\/tbody>\n<\/table>\n","protected":false},"excerpt":{"rendered":"<p>5 Adet Ev Tipi Makineler \u0130\u00e7in Plastik Masura<\/p>\n","protected":false},"featured_media":82441,"comment_status":"open","ping_status":"closed","template":"","meta":{"_kad_post_transparent":"","_kad_post_title":"","_kad_post_layout":"","_kad_post_sidebar_id":"","_kad_post_content_style":"","_kad_post_vertical_padding":"","_kad_post_feature":"","_kad_post_feature_position":"","_kad_post_header":false,"_kad_post_footer":false,"_kad_post_classname":""},"product_brand":[],"product_cat":[596,449,597],"product_tag":[],"class_list":{"0":"post-82442","1":"product","2":"type-product","3":"status-publish","4":"has-post-thumbnail","6":"product_cat-elektrikli-ev-aletleri-2","7":"product_cat-elektronik","8":"product_cat-ev-aletleri-yedek-parca","10":"first","11":"instock","12":"shipping-taxable","13":"purchasable","14":"product-type-simple","15":"entry","16":"content-bg","17":"loop-entry"},"_links":{"self":[{"href":"https:\/\/www.hediyepazar.com\/index.php?rest_route=\/wp\/v2\/product\/82442","targetHints":{"allow":["GET"]}}],"collection":[{"href":"https:\/\/www.hediyepazar.com\/index.php?rest_route=\/wp\/v2\/product"}],"about":[{"href":"https:\/\/www.hediyepazar.com\/index.php?rest_route=\/wp\/v2\/types\/product"}],"replies":[{"embeddable":true,"href":"https:\/\/www.hediyepazar.com\/index.php?rest_route=%2Fwp%2Fv2%2Fcomments&post=82442"}],"wp:featuredmedia":[{"embeddable":true,"href":"https:\/\/www.hediyepazar.com\/index.php?rest_route=\/wp\/v2\/media\/82441"}],"wp:attachment":[{"href":"https:\/\/www.hediyepazar.com\/index.php?rest_route=%2Fwp%2Fv2%2Fmedia&parent=82442"}],"wp:term":[{"taxonomy":"product_brand","embeddable":true,"href":"https:\/\/www.hediyepazar.com\/index.php?rest_route=%2Fwp%2Fv2%2Fproduct_brand&post=82442"},{"taxonomy":"product_cat","embeddable":true,"href":"https:\/\/www.hediyepazar.com\/index.php?rest_route=%2Fwp%2Fv2%2Fproduct_cat&post=82442"},{"taxonomy":"product_tag","embeddable":true,"href":"https:\/\/www.hediyepazar.com\/index.php?rest_route=%2Fwp%2Fv2%2Fproduct_tag&post=82442"}],"curies":[{"name":"wp","href":"https:\/\/api.w.org\/{rel}","templated":true}]}}