{"id":8254,"date":"2026-04-26T07:13:03","date_gmt":"2026-04-26T10:13:03","guid":{"rendered":"https:\/\/www.hediyepazar.com\/?product=powermaster-pm-20920-5v-1a-usb-led-lamba-gun-isigi"},"modified":"2026-04-26T07:13:06","modified_gmt":"2026-04-26T10:13:06","slug":"powermaster-pm-20920-5v-1a-usb-led-lamba-gun-isigi","status":"publish","type":"product","link":"https:\/\/www.hediyepazar.com\/?product=powermaster-pm-20920-5v-1a-usb-led-lamba-gun-isigi","title":{"rendered":"Powermaster Pm-20920 5v 1a Usb Led Lamba G\u00fcn I\u015f\u0131\u011f\u0131"},"content":{"rendered":"<p>Powermaster Pm-20920 5v 1a Usb Led Lamba G\u00fcn I\u015f\u0131\u011f\u0131<\/p>\n","protected":false},"excerpt":{"rendered":"<p>Powermaster Pm-20920 5v 1a Usb Led Lamba G\u00fcn I\u015f\u0131\u011f\u0131<\/p>\n","protected":false},"featured_media":8255,"comment_status":"closed","ping_status":"open","template":"","meta":{"_kad_post_transparent":"","_kad_post_title":"","_kad_post_layout":"","_kad_post_sidebar_id":"","_kad_post_content_style":"","_kad_post_vertical_padding":"","_kad_post_feature":"","_kad_post_feature_position":"","_kad_post_header":false,"_kad_post_footer":false,"_kad_post_classname":""},"product_brand":[],"product_cat":[294],"product_tag":[],"class_list":{"0":"post-8254","1":"product","2":"type-product","3":"status-publish","4":"has-post-thumbnail","6":"product_cat-led-ve-aydinlatma-genel-aydinlatma-urunleri-ledli-lambalar","8":"first","9":"instock","10":"purchasable","11":"product-type-simple","12":"entry","13":"content-bg","14":"loop-entry"},"_links":{"self":[{"href":"https:\/\/www.hediyepazar.com\/index.php?rest_route=\/wp\/v2\/product\/8254","targetHints":{"allow":["GET"]}}],"collection":[{"href":"https:\/\/www.hediyepazar.com\/index.php?rest_route=\/wp\/v2\/product"}],"about":[{"href":"https:\/\/www.hediyepazar.com\/index.php?rest_route=\/wp\/v2\/types\/product"}],"replies":[{"embeddable":true,"href":"https:\/\/www.hediyepazar.com\/index.php?rest_route=%2Fwp%2Fv2%2Fcomments&post=8254"}],"wp:featuredmedia":[{"embeddable":true,"href":"https:\/\/www.hediyepazar.com\/index.php?rest_route=\/wp\/v2\/media\/8255"}],"wp:attachment":[{"href":"https:\/\/www.hediyepazar.com\/index.php?rest_route=%2Fwp%2Fv2%2Fmedia&parent=8254"}],"wp:term":[{"taxonomy":"product_brand","embeddable":true,"href":"https:\/\/www.hediyepazar.com\/index.php?rest_route=%2Fwp%2Fv2%2Fproduct_brand&post=8254"},{"taxonomy":"product_cat","embeddable":true,"href":"https:\/\/www.hediyepazar.com\/index.php?rest_route=%2Fwp%2Fv2%2Fproduct_cat&post=8254"},{"taxonomy":"product_tag","embeddable":true,"href":"https:\/\/www.hediyepazar.com\/index.php?rest_route=%2Fwp%2Fv2%2Fproduct_tag&post=8254"}],"curies":[{"name":"wp","href":"https:\/\/api.w.org\/{rel}","templated":true}]}}