{"id":82564,"date":"2026-04-30T05:42:22","date_gmt":"2026-04-30T08:42:22","guid":{"rendered":"https:\/\/www.hediyepazar.com\/?product=siyah-kadin-fileli-kulotlu-corap"},"modified":"2026-04-30T05:42:22","modified_gmt":"2026-04-30T08:42:22","slug":"siyah-kadin-fileli-kulotlu-corap","status":"publish","type":"product","link":"https:\/\/www.hediyepazar.com\/?product=siyah-kadin-fileli-kulotlu-corap","title":{"rendered":"Siyah Kad\u0131n Fileli K\u00fclotlu \u00c7orap"},"content":{"rendered":"<p>Royaleks Siyah Kad\u0131n Fileli K\u00fclotlu \u00c7orap&nbsp;<br \/>\nKad\u0131ns\u0131 g\u00f6r\u00fcn\u00fcm\u00fc ile dikkat \u00e7ekici gece davetleri i\u00e7in \u00fcretilmi\u015ftir.<br \/>\nD\u00fc\u011f\u00fcn , davet , gece gezmesi gibi alanlarda kullan\u0131labilir.<br \/>\nEsnektir. A\u011f yap\u0131s\u0131 y\u0131rt\u0131lma olmamas\u0131 i\u00e7in y\u00fcksek kalitede birle\u015fim yap\u0131lm\u0131\u015ft\u0131r.<br \/>\nFile k\u00fclotlu \u00e7orap farkl\u0131 olmak isteyen kad\u0131nlar i\u00e7in<br \/>\n2 beden ( M )&nbsp; 60- 70 kg aras\u0131 165-170 cm boy i\u00e7in idealdir<br \/>\n3 beden ( L ) 70 -85 kg aras\u0131 170 &#8211; 180 cm boy i\u00e7in idealdir<\/p>\n<p>%95 polyamid %5 elastin i\u00e7eriri.<\/p>\n","protected":false},"excerpt":{"rendered":"<p>Siyah Kad\u0131n Fileli K\u00fclotlu \u00c7orap Fishnet<\/p>\n","protected":false},"featured_media":82563,"comment_status":"open","ping_status":"closed","template":"","meta":{"_kad_post_transparent":"","_kad_post_title":"","_kad_post_layout":"","_kad_post_sidebar_id":"","_kad_post_content_style":"","_kad_post_vertical_padding":"","_kad_post_feature":"","_kad_post_feature_position":"","_kad_post_header":false,"_kad_post_footer":false,"_kad_post_classname":""},"product_brand":[],"product_cat":[540,538,537],"product_tag":[],"class_list":{"0":"post-82564","1":"product","2":"type-product","3":"status-publish","4":"has-post-thumbnail","6":"product_cat-corap","7":"product_cat-ic-giyim","8":"product_cat-kadin","10":"first","11":"instock","12":"shipping-taxable","13":"purchasable","14":"product-type-simple","15":"entry","16":"content-bg","17":"loop-entry"},"_links":{"self":[{"href":"https:\/\/www.hediyepazar.com\/index.php?rest_route=\/wp\/v2\/product\/82564","targetHints":{"allow":["GET"]}}],"collection":[{"href":"https:\/\/www.hediyepazar.com\/index.php?rest_route=\/wp\/v2\/product"}],"about":[{"href":"https:\/\/www.hediyepazar.com\/index.php?rest_route=\/wp\/v2\/types\/product"}],"replies":[{"embeddable":true,"href":"https:\/\/www.hediyepazar.com\/index.php?rest_route=%2Fwp%2Fv2%2Fcomments&post=82564"}],"wp:featuredmedia":[{"embeddable":true,"href":"https:\/\/www.hediyepazar.com\/index.php?rest_route=\/wp\/v2\/media\/82563"}],"wp:attachment":[{"href":"https:\/\/www.hediyepazar.com\/index.php?rest_route=%2Fwp%2Fv2%2Fmedia&parent=82564"}],"wp:term":[{"taxonomy":"product_brand","embeddable":true,"href":"https:\/\/www.hediyepazar.com\/index.php?rest_route=%2Fwp%2Fv2%2Fproduct_brand&post=82564"},{"taxonomy":"product_cat","embeddable":true,"href":"https:\/\/www.hediyepazar.com\/index.php?rest_route=%2Fwp%2Fv2%2Fproduct_cat&post=82564"},{"taxonomy":"product_tag","embeddable":true,"href":"https:\/\/www.hediyepazar.com\/index.php?rest_route=%2Fwp%2Fv2%2Fproduct_tag&post=82564"}],"curies":[{"name":"wp","href":"https:\/\/api.w.org\/{rel}","templated":true}]}}