{"id":82568,"date":"2026-04-30T05:43:57","date_gmt":"2026-04-30T08:43:57","guid":{"rendered":"https:\/\/www.hediyepazar.com\/?product=feride-serpme-talk-pudrasi-75-gr-3-adet"},"modified":"2026-04-30T05:43:57","modified_gmt":"2026-04-30T08:43:57","slug":"feride-serpme-talk-pudrasi-75-gr-3-adet","status":"publish","type":"product","link":"https:\/\/www.hediyepazar.com\/?product=feride-serpme-talk-pudrasi-75-gr-3-adet","title":{"rendered":"Feride Serpme Talk Pudras\u0131 75 Gr. 3 Adet"},"content":{"rendered":"<table style=\"border-collapse:collapse; width:262pt; border:none\" width=\"349\">\n<colgroup>\n<col style=\"width:262pt\" width=\"349\" \/>\n\t<\/colgroup>\n<tbody>\n<tr height=\"20\" style=\"height:15.0pt\">\n<td height=\"20\" style=\"border:none; height:15.0pt; width:262pt; padding-top:1px; padding-right:1px; padding-left:1px; vertical-align:bottom; white-space:nowrap\" width=\"349\"><span style=\"font-size:11pt\"><span style=\"color:black\"><span style=\"font-weight:400\"><span style=\"font-style:normal\"><span style=\"text-decoration:none\"><span style=\"font-family:Calibri,sans-serif\">Feride pudra sanayi taraf\u0131ndan &uuml;retilen<br \/>\n\t\t\tFeride pudra &uuml;r&uuml;n&uuml; &ouml;zellikle ayaklar\u0131n\u0131z\u0131n<br \/>\n\t\t\tterlemesine kar\u015f\u0131 kullan\u0131lan bir &uuml;r&uuml;nd&uuml;r.<br \/>\n\t\t\tAyaklarda pi\u015fik olu\u015fumuna ve ayak kokusunun<br \/>\n\t\t\tolu\u015fmas\u0131n\u0131 &ouml;nlemede etkili bir &uuml;r&uuml;n olan bu &uuml;r&uuml;n<br \/>\n\t\t\tsadece ayaklar\u0131n\u0131zda de\u011fil s\u0131caklarda olu\u015fan koltuk<br \/>\n\t\t\talt\u0131 ve bacak aras\u0131 pi\u015fiklerinde de<br \/>\n\t\t\tetkili olarak kullan\u0131labilen bir &uuml;r&uuml;nd&uuml;r.<br \/>\n\t\t\tPaket \u0130&ccedil;eri\u011fi : 3 Adet 75 Gr. Pudra<\/span><\/span><\/span><\/span><\/span><\/span><\/td>\n<\/tr>\n<\/tbody>\n<\/table>\n","protected":false},"excerpt":{"rendered":"<p>Feride Serpme Talk Pudras\u0131 75 Gr. 3 Adet<\/p>\n","protected":false},"featured_media":82567,"comment_status":"open","ping_status":"closed","template":"","meta":{"_kad_post_transparent":"","_kad_post_title":"","_kad_post_layout":"","_kad_post_sidebar_id":"","_kad_post_content_style":"","_kad_post_vertical_padding":"","_kad_post_feature":"","_kad_post_feature_position":"","_kad_post_header":false,"_kad_post_footer":false,"_kad_post_classname":""},"product_brand":[],"product_cat":[607,608,551],"product_tag":[],"class_list":{"0":"post-82568","1":"product","2":"type-product","3":"status-publish","4":"has-post-thumbnail","6":"product_cat-anne-bebek-cocuk","7":"product_cat-bebek-bakim","8":"product_cat-cocuk","10":"first","11":"instock","12":"shipping-taxable","13":"purchasable","14":"product-type-simple","15":"entry","16":"content-bg","17":"loop-entry"},"_links":{"self":[{"href":"https:\/\/www.hediyepazar.com\/index.php?rest_route=\/wp\/v2\/product\/82568","targetHints":{"allow":["GET"]}}],"collection":[{"href":"https:\/\/www.hediyepazar.com\/index.php?rest_route=\/wp\/v2\/product"}],"about":[{"href":"https:\/\/www.hediyepazar.com\/index.php?rest_route=\/wp\/v2\/types\/product"}],"replies":[{"embeddable":true,"href":"https:\/\/www.hediyepazar.com\/index.php?rest_route=%2Fwp%2Fv2%2Fcomments&post=82568"}],"wp:featuredmedia":[{"embeddable":true,"href":"https:\/\/www.hediyepazar.com\/index.php?rest_route=\/wp\/v2\/media\/82567"}],"wp:attachment":[{"href":"https:\/\/www.hediyepazar.com\/index.php?rest_route=%2Fwp%2Fv2%2Fmedia&parent=82568"}],"wp:term":[{"taxonomy":"product_brand","embeddable":true,"href":"https:\/\/www.hediyepazar.com\/index.php?rest_route=%2Fwp%2Fv2%2Fproduct_brand&post=82568"},{"taxonomy":"product_cat","embeddable":true,"href":"https:\/\/www.hediyepazar.com\/index.php?rest_route=%2Fwp%2Fv2%2Fproduct_cat&post=82568"},{"taxonomy":"product_tag","embeddable":true,"href":"https:\/\/www.hediyepazar.com\/index.php?rest_route=%2Fwp%2Fv2%2Fproduct_tag&post=82568"}],"curies":[{"name":"wp","href":"https:\/\/api.w.org\/{rel}","templated":true}]}}