{"id":82578,"date":"2026-04-30T05:45:57","date_gmt":"2026-04-30T08:45:57","guid":{"rendered":"https:\/\/www.hediyepazar.com\/?product=goreme-913-kirilmaz-melamin-kare-kase-12cm-6-adet"},"modified":"2026-04-30T05:45:57","modified_gmt":"2026-04-30T08:45:57","slug":"goreme-913-kirilmaz-melamin-kare-kase-12cm-6-adet","status":"publish","type":"product","link":"https:\/\/www.hediyepazar.com\/?product=goreme-913-kirilmaz-melamin-kare-kase-12cm-6-adet","title":{"rendered":"G\u00f6reme 913 K\u0131r\u0131lmaz Melamin Kare Kase 12Cm 6 Adet"},"content":{"rendered":"<table style=\"border-collapse:collapse; width:49pt; border:none\" width=\"66\">\n<colgroup>\n<col style=\"width:49pt\" width=\"66\" \/>\n\t<\/colgroup>\n<tbody>\n<tr height=\"19\" style=\"height:14.4pt\">\n<td class=\"xl65\" height=\"19\" style=\"border:none; height:14.4pt; width:49pt; padding-top:1px; padding-right:1px; padding-left:1px; vertical-align:bottom; white-space:nowrap\" width=\"66\"><span style=\"font-size:11pt\"><span style=\"font-family:Calibri,sans-serif\"><span style=\"font-weight:400\"><span style=\"font-style:normal\"><span style=\"text-decoration:none\">G&ouml;reme 913 K\u0131r\u0131lmaz Melamin Kase 12Cm&nbsp;<br \/>\n\t\t\t%80 k\u0131r\u0131lmaz melamin malzemelerden &uuml;retilmi\u015ftir,<br \/>\n\t\t\tevlerde, kafelerde, lokantalarda uzun y\u0131llar kullanabilir.<br \/>\n\t\t\tK\u0131r\u0131lmalara, &ccedil;izilmelere, sararmalara kar\u015f\u0131 dayan\u0131kl\u0131d\u0131r.<br \/>\n\t\t\tSeramik, cam ve porselen gibi muadillerine<br \/>\n\t\t\tg&ouml;re daha hafif ve dayan\u0131kl\u0131d\u0131r.<br \/>\n\t\t\tS\u0131cak ve so\u011fuk servislerinizde rahatl\u0131kla kullanabilirsiniz.<br \/>\n\t\t\tG\u0131da ile temas\u0131ndan herhangi bir sak\u0131nca yoktur.<\/p>\n<p>\t\t\t&Uuml;r&uuml;n Teknik &Ouml;zellikleri ~<br \/>\n\t\t\tBoy: 12 Cm<br \/>\n\t\t\tY&uuml;kseklik: 5 Cm<\/p>\n<p>\t\t\tHammadde: Melamin<br \/>\n\t\t\tPaket \u0130&ccedil;eri\u011fi: 6 Adet G&ouml;reme<br \/>\n\t\t\t913 K\u0131r\u0131lmaz Melamin &Ccedil;orba Kasesi 12cm<br \/>\n\t\t\tKullan\u0131m Alanlar\u0131: Cafe, Restaurant, Ev vb.<\/span><\/span><\/span><\/span><\/span><\/td>\n<\/tr>\n<\/tbody>\n<\/table>\n","protected":false},"excerpt":{"rendered":"<p>G\u00f6reme 913 K\u0131r\u0131lmaz Melamin Kare Kase 12Cm 6 Adet<\/p>\n","protected":false},"featured_media":82577,"comment_status":"open","ping_status":"closed","template":"","meta":{"_kad_post_transparent":"","_kad_post_title":"","_kad_post_layout":"","_kad_post_sidebar_id":"","_kad_post_content_style":"","_kad_post_vertical_padding":"","_kad_post_feature":"","_kad_post_feature_position":"","_kad_post_header":false,"_kad_post_footer":false,"_kad_post_classname":""},"product_brand":[],"product_cat":[557,559,558],"product_tag":[],"class_list":{"0":"post-82578","1":"product","2":"type-product","3":"status-publish","4":"has-post-thumbnail","6":"product_cat-ev-yasam","7":"product_cat-sofra","8":"product_cat-sofra-mutfak-2","10":"first","11":"instock","12":"shipping-taxable","13":"purchasable","14":"product-type-simple","15":"entry","16":"content-bg","17":"loop-entry"},"_links":{"self":[{"href":"https:\/\/www.hediyepazar.com\/index.php?rest_route=\/wp\/v2\/product\/82578","targetHints":{"allow":["GET"]}}],"collection":[{"href":"https:\/\/www.hediyepazar.com\/index.php?rest_route=\/wp\/v2\/product"}],"about":[{"href":"https:\/\/www.hediyepazar.com\/index.php?rest_route=\/wp\/v2\/types\/product"}],"replies":[{"embeddable":true,"href":"https:\/\/www.hediyepazar.com\/index.php?rest_route=%2Fwp%2Fv2%2Fcomments&post=82578"}],"wp:featuredmedia":[{"embeddable":true,"href":"https:\/\/www.hediyepazar.com\/index.php?rest_route=\/wp\/v2\/media\/82577"}],"wp:attachment":[{"href":"https:\/\/www.hediyepazar.com\/index.php?rest_route=%2Fwp%2Fv2%2Fmedia&parent=82578"}],"wp:term":[{"taxonomy":"product_brand","embeddable":true,"href":"https:\/\/www.hediyepazar.com\/index.php?rest_route=%2Fwp%2Fv2%2Fproduct_brand&post=82578"},{"taxonomy":"product_cat","embeddable":true,"href":"https:\/\/www.hediyepazar.com\/index.php?rest_route=%2Fwp%2Fv2%2Fproduct_cat&post=82578"},{"taxonomy":"product_tag","embeddable":true,"href":"https:\/\/www.hediyepazar.com\/index.php?rest_route=%2Fwp%2Fv2%2Fproduct_tag&post=82578"}],"curies":[{"name":"wp","href":"https:\/\/api.w.org\/{rel}","templated":true}]}}