{"id":82580,"date":"2026-04-30T05:46:04","date_gmt":"2026-04-30T08:46:04","guid":{"rendered":"https:\/\/www.hediyepazar.com\/?product=kalin-telli-celik-teker-genis-pazar-arabasi-jumbo-boy-2"},"modified":"2026-04-30T05:46:04","modified_gmt":"2026-04-30T08:46:04","slug":"kalin-telli-celik-teker-genis-pazar-arabasi-jumbo-boy-2","status":"publish","type":"product","link":"https:\/\/www.hediyepazar.com\/?product=kalin-telli-celik-teker-genis-pazar-arabasi-jumbo-boy-2","title":{"rendered":"Kal\u0131n Telli \u00c7elik Teker Geni\u015f Pazar Arabas\u0131 Jumbo Boy"},"content":{"rendered":"<table style=\"border-collapse:collapse; width:49pt; border:none\" width=\"66\">\n<colgroup>\n<col style=\"width:49pt\" width=\"66\" \/>\n\t<\/colgroup>\n<tbody>\n<tr height=\"19\" style=\"height:14.4pt\">\n<td class=\"xl65\" height=\"19\" style=\"border:none; height:14.4pt; width:49pt; padding-top:1px; padding-right:1px; padding-left:1px; vertical-align:bottom; white-space:nowrap\" width=\"66\"><span style=\"font-size:11pt\"><span style=\"font-family:Calibri,sans-serif\"><span style=\"font-weight:400\"><span style=\"font-style:normal\"><span style=\"text-decoration:none\">&Ccedil;anta &Ouml;l&ccedil;&uuml;s&uuml;: 30*36*62 cm,&nbsp;<br \/>\n\t\t\tA&ccedil;\u0131k Konumdaki &Ouml;l&ccedil;&uuml;s&uuml;: 49,5*42*98,5 cm<br \/>\n\t\t\tPaketlenmi\u015f&nbsp; A\u011f\u0131rl\u0131\u011f\u0131 6 L\u0131: 23,00 kg (+- %5)<br \/>\n\t\t\tNet A\u011f\u0131rl\u0131\u011f\u0131 (Adet): 3,80 kg (+- %5)<br \/>\n\t\t\tTa\u015f\u0131ma Kapasitesi: Kg:35&nbsp; Litre: 67 L<\/span><\/span><\/span><\/span><\/span><\/td>\n<\/tr>\n<\/tbody>\n<\/table>\n","protected":false},"excerpt":{"rendered":"<p>Kal\u0131n Telli \u00c7elik Teker Geni\u015f Pazar Arabas\u0131 Jumbo Boy<\/p>\n","protected":false},"featured_media":82575,"comment_status":"open","ping_status":"closed","template":"","meta":{"_kad_post_transparent":"","_kad_post_title":"","_kad_post_layout":"","_kad_post_sidebar_id":"","_kad_post_content_style":"","_kad_post_vertical_padding":"","_kad_post_feature":"","_kad_post_feature_position":"","_kad_post_header":false,"_kad_post_footer":false,"_kad_post_classname":""},"product_brand":[],"product_cat":[557,603,688],"product_tag":[],"class_list":{"0":"post-82580","1":"product","2":"type-product","3":"status-publish","4":"has-post-thumbnail","6":"product_cat-ev-yasam","7":"product_cat-ev-gerecleri","8":"product_cat-pazar-arabasi-ve-cantasi","10":"first","11":"instock","12":"shipping-taxable","13":"purchasable","14":"product-type-simple","15":"entry","16":"content-bg","17":"loop-entry"},"_links":{"self":[{"href":"https:\/\/www.hediyepazar.com\/index.php?rest_route=\/wp\/v2\/product\/82580","targetHints":{"allow":["GET"]}}],"collection":[{"href":"https:\/\/www.hediyepazar.com\/index.php?rest_route=\/wp\/v2\/product"}],"about":[{"href":"https:\/\/www.hediyepazar.com\/index.php?rest_route=\/wp\/v2\/types\/product"}],"replies":[{"embeddable":true,"href":"https:\/\/www.hediyepazar.com\/index.php?rest_route=%2Fwp%2Fv2%2Fcomments&post=82580"}],"wp:featuredmedia":[{"embeddable":true,"href":"https:\/\/www.hediyepazar.com\/index.php?rest_route=\/wp\/v2\/media\/82575"}],"wp:attachment":[{"href":"https:\/\/www.hediyepazar.com\/index.php?rest_route=%2Fwp%2Fv2%2Fmedia&parent=82580"}],"wp:term":[{"taxonomy":"product_brand","embeddable":true,"href":"https:\/\/www.hediyepazar.com\/index.php?rest_route=%2Fwp%2Fv2%2Fproduct_brand&post=82580"},{"taxonomy":"product_cat","embeddable":true,"href":"https:\/\/www.hediyepazar.com\/index.php?rest_route=%2Fwp%2Fv2%2Fproduct_cat&post=82580"},{"taxonomy":"product_tag","embeddable":true,"href":"https:\/\/www.hediyepazar.com\/index.php?rest_route=%2Fwp%2Fv2%2Fproduct_tag&post=82580"}],"curies":[{"name":"wp","href":"https:\/\/api.w.org\/{rel}","templated":true}]}}