{"id":82587,"date":"2026-04-30T05:47:11","date_gmt":"2026-04-30T08:47:11","guid":{"rendered":"https:\/\/www.hediyepazar.com\/?product=micro-750mah-eski-tip-telefon-sarj-sarj-aleti"},"modified":"2026-04-30T05:47:11","modified_gmt":"2026-04-30T08:47:11","slug":"micro-750mah-eski-tip-telefon-sarj-sarj-aleti","status":"publish","type":"product","link":"https:\/\/www.hediyepazar.com\/?product=micro-750mah-eski-tip-telefon-sarj-sarj-aleti","title":{"rendered":"Micro 750mAh Eski Tip Telefon \u015earj \u015earj Aleti"},"content":{"rendered":"<p>Micro 750mAh Eski Tip Telefon \u015earj \u015earj Aleti<\/p>\n<p>Klasik telefonlardan vazge&ccedil;emeyenler i&ccedil;in eski tip telefon \u015farj aleti.<br \/>\nAsker telefonu olarakta bilinen tu\u015flu eski model telefonlar\u0131n \u015farj aletileri<br \/>\n750 Mah kutulu asker telefon \u015farj aleti<br \/>\nTu\u015flu telefon \u015farj aleti<\/p>\n","protected":false},"excerpt":{"rendered":"<p>Micro 750mAh Eski Tip Telefon \u015earj \u015earj Aleti<\/p>\n","protected":false},"featured_media":82586,"comment_status":"open","ping_status":"closed","template":"","meta":{"_kad_post_transparent":"","_kad_post_title":"","_kad_post_layout":"","_kad_post_sidebar_id":"","_kad_post_content_style":"","_kad_post_vertical_padding":"","_kad_post_feature":"","_kad_post_feature_position":"","_kad_post_header":false,"_kad_post_footer":false,"_kad_post_classname":""},"product_brand":[],"product_cat":[562,563,449],"product_tag":[],"class_list":{"0":"post-82587","1":"product","2":"type-product","3":"status-publish","4":"has-post-thumbnail","6":"product_cat-cep-telefonu","7":"product_cat-cep-telefonu-aksesuarlari","8":"product_cat-elektronik","10":"first","11":"instock","12":"shipping-taxable","13":"purchasable","14":"product-type-simple","15":"entry","16":"content-bg","17":"loop-entry"},"_links":{"self":[{"href":"https:\/\/www.hediyepazar.com\/index.php?rest_route=\/wp\/v2\/product\/82587","targetHints":{"allow":["GET"]}}],"collection":[{"href":"https:\/\/www.hediyepazar.com\/index.php?rest_route=\/wp\/v2\/product"}],"about":[{"href":"https:\/\/www.hediyepazar.com\/index.php?rest_route=\/wp\/v2\/types\/product"}],"replies":[{"embeddable":true,"href":"https:\/\/www.hediyepazar.com\/index.php?rest_route=%2Fwp%2Fv2%2Fcomments&post=82587"}],"wp:featuredmedia":[{"embeddable":true,"href":"https:\/\/www.hediyepazar.com\/index.php?rest_route=\/wp\/v2\/media\/82586"}],"wp:attachment":[{"href":"https:\/\/www.hediyepazar.com\/index.php?rest_route=%2Fwp%2Fv2%2Fmedia&parent=82587"}],"wp:term":[{"taxonomy":"product_brand","embeddable":true,"href":"https:\/\/www.hediyepazar.com\/index.php?rest_route=%2Fwp%2Fv2%2Fproduct_brand&post=82587"},{"taxonomy":"product_cat","embeddable":true,"href":"https:\/\/www.hediyepazar.com\/index.php?rest_route=%2Fwp%2Fv2%2Fproduct_cat&post=82587"},{"taxonomy":"product_tag","embeddable":true,"href":"https:\/\/www.hediyepazar.com\/index.php?rest_route=%2Fwp%2Fv2%2Fproduct_tag&post=82587"}],"curies":[{"name":"wp","href":"https:\/\/api.w.org\/{rel}","templated":true}]}}