{"id":82625,"date":"2026-04-30T05:53:08","date_gmt":"2026-04-30T08:53:08","guid":{"rendered":"https:\/\/www.hediyepazar.com\/?product=xiaomi-poco-x3-telefonlarla-uyumlu-batarya-5160-mah"},"modified":"2026-04-30T05:53:08","modified_gmt":"2026-04-30T08:53:08","slug":"xiaomi-poco-x3-telefonlarla-uyumlu-batarya-5160-mah","status":"publish","type":"product","link":"https:\/\/www.hediyepazar.com\/?product=xiaomi-poco-x3-telefonlarla-uyumlu-batarya-5160-mah","title":{"rendered":"Xiaomi Poco X3 Telefonlarla Uyumlu Batarya 5160 mAh"},"content":{"rendered":"<table style=\"border-collapse:collapse; width:167pt; border:none\" width=\"222\">\n<colgroup>\n<col style=\"width:167pt\" width=\"222\" \/>\n\t<\/colgroup>\n<tbody>\n<tr height=\"19\" style=\"height:14.4pt\">\n<td height=\"19\" style=\"border:none; height:14.4pt; width:167pt; padding-top:1px; padding-right:1px; padding-left:1px; vertical-align:bottom; white-space:nowrap\" width=\"222\"><span style=\"font-size:11pt\"><span style=\"color:black\"><span style=\"font-weight:400\"><span style=\"font-style:normal\"><span style=\"text-decoration:none\"><span style=\"font-family:Calibri,sans-serif\">Xiaomi Poco X3, 5160mAh kapasiteli bir Li-Po batarya ile donat\u0131lm\u0131\u015ft\u0131r. Ayr\u0131ca, h\u0131zl\u0131 \u015farj &ouml;zelli\u011fine de sahiptir ve 33W h\u0131zl\u0131 \u015farj deste\u011fi ile birlikte gelir.<br \/>\n\t\t\tPaket \u0130&ccedil;eri\u011fi : 1 Adet Xiaomi Poco X3 Batarya<\/span><\/span><\/span><\/span><\/span><\/span><\/td>\n<\/tr>\n<\/tbody>\n<\/table>\n","protected":false},"excerpt":{"rendered":"<p>Xiaomi Poco X3 Telefonlarla Uyumlu Batarya 5160 mAh<\/p>\n","protected":false},"featured_media":82624,"comment_status":"open","ping_status":"closed","template":"","meta":{"_kad_post_transparent":"","_kad_post_title":"","_kad_post_layout":"","_kad_post_sidebar_id":"","_kad_post_content_style":"","_kad_post_vertical_padding":"","_kad_post_feature":"","_kad_post_feature_position":"","_kad_post_header":false,"_kad_post_footer":false,"_kad_post_classname":""},"product_brand":[],"product_cat":[562,689,449],"product_tag":[],"class_list":{"0":"post-82625","1":"product","2":"type-product","3":"status-publish","4":"has-post-thumbnail","6":"product_cat-cep-telefonu","7":"product_cat-cep-telefonu-yedek-parcalari","8":"product_cat-elektronik","10":"first","11":"instock","12":"shipping-taxable","13":"purchasable","14":"product-type-simple","15":"entry","16":"content-bg","17":"loop-entry"},"_links":{"self":[{"href":"https:\/\/www.hediyepazar.com\/index.php?rest_route=\/wp\/v2\/product\/82625","targetHints":{"allow":["GET"]}}],"collection":[{"href":"https:\/\/www.hediyepazar.com\/index.php?rest_route=\/wp\/v2\/product"}],"about":[{"href":"https:\/\/www.hediyepazar.com\/index.php?rest_route=\/wp\/v2\/types\/product"}],"replies":[{"embeddable":true,"href":"https:\/\/www.hediyepazar.com\/index.php?rest_route=%2Fwp%2Fv2%2Fcomments&post=82625"}],"wp:featuredmedia":[{"embeddable":true,"href":"https:\/\/www.hediyepazar.com\/index.php?rest_route=\/wp\/v2\/media\/82624"}],"wp:attachment":[{"href":"https:\/\/www.hediyepazar.com\/index.php?rest_route=%2Fwp%2Fv2%2Fmedia&parent=82625"}],"wp:term":[{"taxonomy":"product_brand","embeddable":true,"href":"https:\/\/www.hediyepazar.com\/index.php?rest_route=%2Fwp%2Fv2%2Fproduct_brand&post=82625"},{"taxonomy":"product_cat","embeddable":true,"href":"https:\/\/www.hediyepazar.com\/index.php?rest_route=%2Fwp%2Fv2%2Fproduct_cat&post=82625"},{"taxonomy":"product_tag","embeddable":true,"href":"https:\/\/www.hediyepazar.com\/index.php?rest_route=%2Fwp%2Fv2%2Fproduct_tag&post=82625"}],"curies":[{"name":"wp","href":"https:\/\/api.w.org\/{rel}","templated":true}]}}